{"id":18255,"date":"2022-02-19T10:10:08","date_gmt":"2022-02-19T09:10:08","guid":{"rendered":"https:\/\/www.replacementarms.com\/bedingungen-und-konditionen\/"},"modified":"2026-02-22T19:56:33","modified_gmt":"2026-02-22T18:56:33","slug":"bedingungen-und-konditionen","status":"publish","type":"page","link":"https:\/\/sunglassrevivers.com\/de\/bedingungen-und-konditionen\/","title":{"rendered":"Bedingungen und Konditionen"},"content":{"rendered":"<h2 data-start=\"8699\" data-end=\"8712\">1. Zweck<\/h2>\n<p data-start=\"8713\" data-end=\"8896\">Diese Bedingungen regeln die Nutzung der Website <strong data-start=\"8762\" data-end=\"8790\"><a href=\"http:\/\/www.sunglassrevivers.com\/\" target=\"_new\" rel=\"noopener\" data-start=\"8764\" data-end=\"8788\">www.sunglassrevivers.com<\/a><\/strong> sowie die dar\u00fcber get\u00e4tigten K\u00e4ufe. Mit einer Bestellung akzeptieren Sie diese Bedingungen vollst\u00e4ndig.<\/p>\n<h2 data-start=\"8898\" data-end=\"8923\">2. Unternehmensdaten<\/h2>\n<p data-start=\"8924\" data-end=\"8943\"><strong data-start=\"8924\" data-end=\"8941\">OPTIMEGO S.L.<\/strong><\/p>\n<ul data-start=\"8944\" data-end=\"9069\">\n<li data-start=\"8944\" data-end=\"8966\">\n<p data-start=\"8946\" data-end=\"8966\">CIF: <strong data-start=\"8951\" data-end=\"8964\">B19700889<\/strong><\/p>\n<\/li>\n<li data-start=\"8967\" data-end=\"9026\">\n<p data-start=\"8969\" data-end=\"9026\">Adresse: <strong data-start=\"497\" data-end=\"541\">Calle Lavadero de Tablas 11, 18002 Granada, Spain<\/strong><\/p>\n<\/li>\n<li data-start=\"9027\" data-end=\"9069\">\n<p data-start=\"9029\" data-end=\"9069\">E-Mail: <strong data-start=\"9037\" data-end=\"9067\"><a rel=\"noopener\" data-start=\"9039\" data-end=\"9065\">hello@sunglassrevivers.com<\/a><\/strong><\/p>\n<\/li>\n<\/ul>\n<h2 data-start=\"9071\" data-end=\"9098\">3. Nutzung der Website<\/h2>\n<p data-start=\"9099\" data-end=\"9130\">Der Nutzer verpflichtet sich:<\/p>\n<ul data-start=\"9131\" data-end=\"9293\">\n<li data-start=\"9131\" data-end=\"9189\">\n<p data-start=\"9133\" data-end=\"9189\">Die Website legal und verantwortungsvoll zu verwenden.<\/p>\n<\/li>\n<li data-start=\"9190\" data-end=\"9253\">\n<p data-start=\"9192\" data-end=\"9253\">Keine falschen oder betr\u00fcgerischen Bestellungen aufzugeben.<\/p>\n<\/li>\n<li data-start=\"9254\" data-end=\"9293\">\n<p data-start=\"9256\" data-end=\"9293\">Wahre und aktuelle Daten anzugeben.<\/p>\n<\/li>\n<\/ul>\n<p data-start=\"9295\" data-end=\"9383\">Mit einer Bestellung erkl\u00e4ren Sie, dass Sie \u00fcber 18 Jahre alt und gesch\u00e4ftsf\u00e4hig sind.<\/p>\n<h2 data-start=\"9385\" data-end=\"9407\">4. Bestellprozess<\/h2>\n<ol data-start=\"9408\" data-end=\"9558\">\n<li data-start=\"9408\" data-end=\"9459\">\n<p data-start=\"9411\" data-end=\"9459\">Produkte ausw\u00e4hlen und in den Warenkorb legen.<\/p>\n<\/li>\n<li data-start=\"9460\" data-end=\"9501\">\n<p data-start=\"9463\" data-end=\"9501\">Rechnungs- und Lieferdaten eingeben.<\/p>\n<\/li>\n<li data-start=\"9502\" data-end=\"9530\">\n<p data-start=\"9505\" data-end=\"9530\">Zahlungsmethode w\u00e4hlen.<\/p>\n<\/li>\n<li data-start=\"9531\" data-end=\"9558\">\n<p data-start=\"9534\" data-end=\"9558\">Bestellung best\u00e4tigen.<\/p>\n<\/li>\n<\/ol>\n<p data-start=\"9560\" data-end=\"9653\">Sie erhalten eine <strong data-start=\"9578\" data-end=\"9600\">Bestellbest\u00e4tigung<\/strong> und sp\u00e4ter eine <strong data-start=\"9617\" data-end=\"9639\">Versandbest\u00e4tigung<\/strong> per E-Mail.<\/p>\n<h2 data-start=\"9655\" data-end=\"9683\">5. Preise und Zahlungen<\/h2>\n<ul data-start=\"9684\" data-end=\"9892\">\n<li data-start=\"9684\" data-end=\"9733\">\n<p data-start=\"9686\" data-end=\"9733\">Preise enthalten die geltende Mehrwertsteuer.<\/p>\n<\/li>\n<li data-start=\"9734\" data-end=\"9804\">\n<p data-start=\"9736\" data-end=\"9804\">Sichere Zahlung per Karte, PayPal oder andere verf\u00fcgbare Methoden.<\/p>\n<\/li>\n<li data-start=\"9805\" data-end=\"9892\">\n<p data-start=\"9807\" data-end=\"9892\">Wird die Zahlung nicht autorisiert, kann die Bestellung nicht abgeschlossen werden.<\/p>\n<\/li>\n<\/ul>\n<h2 data-start=\"9894\" data-end=\"9909\">6. Versand<\/h2>\n<ul data-start=\"9910\" data-end=\"10128\">\n<li data-start=\"9910\" data-end=\"9980\">\n<p data-start=\"9912\" data-end=\"9980\">Standardversand kostenlos in bestimmte L\u00e4nder (siehe Bedingungen).<\/p>\n<\/li>\n<li data-start=\"9981\" data-end=\"10025\">\n<p data-start=\"9983\" data-end=\"10025\">Expressversand gegen Aufpreis verf\u00fcgbar.<\/p>\n<\/li>\n<li data-start=\"10026\" data-end=\"10091\">\n<p data-start=\"10028\" data-end=\"10091\">Kunden tragen die Verantwortung f\u00fcr Einfuhrz\u00f6lle und Steuern.<\/p>\n<\/li>\n<li data-start=\"10092\" data-end=\"10128\">\n<p data-start=\"10094\" data-end=\"10128\">Lieferzeiten sind unverbindlich.<\/p>\n<\/li>\n<\/ul>\n<h2 data-start=\"10130\" data-end=\"10170\">7. Widerrufsrecht und R\u00fccksendungen<\/h2>\n<ul data-start=\"10171\" data-end=\"10528\">\n<li data-start=\"10171\" data-end=\"10254\">\n<p data-start=\"10173\" data-end=\"10254\">Sie haben <strong data-start=\"10183\" data-end=\"10202\">14 Kalendertage<\/strong> ab Erhalt der Ware, um den Vertrag zu widerrufen.<\/p>\n<\/li>\n<li data-start=\"10255\" data-end=\"10345\">\n<p data-start=\"10257\" data-end=\"10345\">Produkte m\u00fcssen unbenutzt, unversehrt und in Originalverpackung zur\u00fcckgesendet werden.<\/p>\n<\/li>\n<li data-start=\"10346\" data-end=\"10442\">\n<p data-start=\"10348\" data-end=\"10442\">Bei unserem Fehler \u00fcbernehmen wir die Kosten, ansonsten tr\u00e4gt der Kunde die R\u00fccksendekosten.<\/p>\n<\/li>\n<li data-start=\"10443\" data-end=\"10528\">\n<p data-start=\"10445\" data-end=\"10528\">R\u00fcckerstattungen erfolgen innerhalb von <strong data-start=\"10485\" data-end=\"10497\">14 Tagen<\/strong> nach Erhalt der R\u00fccksendung.<\/p>\n<\/li>\n<\/ul>\n<h2 data-start=\"10530\" data-end=\"10546\">8. Garantie<\/h2>\n<ul data-start=\"10547\" data-end=\"10860\">\n<li data-start=\"10547\" data-end=\"10652\">\n<p data-start=\"10549\" data-end=\"10652\">Unsere Produkte sind <strong data-start=\"10570\" data-end=\"10613\">kompatible, nicht originale Ersatzteile<\/strong>, wie auf der Produktseite angegeben.<\/p>\n<\/li>\n<li data-start=\"10653\" data-end=\"10717\">\n<p data-start=\"10655\" data-end=\"10717\">Garantie gilt f\u00fcr Herstellungsfehler im gesetzlichen Rahmen.<\/p>\n<\/li>\n<li data-start=\"10718\" data-end=\"10860\">\n<p data-start=\"10720\" data-end=\"10860\">Ausgeschlossen sind Sch\u00e4den durch unsachgem\u00e4\u00dfe Nutzung, fehlerhafte Montage, Unf\u00e4lle oder normalen Verschlei\u00df (z. B. Kratzer auf Gl\u00e4sern).<\/p>\n<\/li>\n<\/ul>\n<h2 data-start=\"10862\" data-end=\"10877\">9. Haftung<\/h2>\n<ul data-start=\"10878\" data-end=\"11055\">\n<li data-start=\"10878\" data-end=\"10952\">\n<p data-start=\"10880\" data-end=\"10952\">Sunglass Revivers haftet nicht f\u00fcr Sch\u00e4den durch unsachgem\u00e4\u00dfe Nutzung.<\/p>\n<\/li>\n<li data-start=\"10953\" data-end=\"11002\">\n<p data-start=\"10955\" data-end=\"11002\">Die Haftung ist auf den Bestellwert begrenzt.<\/p>\n<\/li>\n<li data-start=\"11003\" data-end=\"11055\">\n<p data-start=\"11005\" data-end=\"11055\">Gesetzliche Verbraucherrechte bleiben unber\u00fchrt.<\/p>\n<\/li>\n<\/ul>\n<h2 data-start=\"11057\" data-end=\"11101\">10. Anwendbares Recht und Gerichtsstand<\/h2>\n<p data-start=\"11102\" data-end=\"11268\">Es gilt <strong data-start=\"11110\" data-end=\"11130\">spanisches Recht<\/strong>.<br data-start=\"11131\" data-end=\"11134\" \/>Streitigkeiten werden den <strong data-start=\"11160\" data-end=\"11193\">Gerichten in Granada, Spanien<\/strong> unterbreitet, sofern das Verbraucherschutzrecht nichts anderes vorsieht.<\/p>\n<h2 data-start=\"11270\" data-end=\"11289\">11. \u00c4nderungen<\/h2>\n<p data-start=\"11290\" data-end=\"11431\">OPTIMEGO S.L. beh\u00e4lt sich das Recht vor, diese Bedingungen jederzeit zu \u00e4ndern. Ma\u00dfgeblich ist die zum Zeitpunkt des Kaufs g\u00fcltige Version.<\/p>\n","protected":false},"excerpt":{"rendered":"<p>1. Zweck Diese Bedingungen regeln die Nutzung der Website www.sunglassrevivers.com sowie die dar\u00fcber get\u00e4tigten K\u00e4ufe. Mit einer Bestellung akzeptieren Sie diese Bedingungen vollst\u00e4ndig. 2. Unternehmensdaten OPTIMEGO S.L. CIF: B19700889 Adresse: Calle Lavadero de Tablas 11, 18002 Granada, Spain E-Mail: hello@sunglassrevivers.com 3. Nutzung der Website Der Nutzer verpflichtet sich: Die Website legal und verantwortungsvoll zu verwenden. &#8230; <a title=\"Bedingungen und Konditionen\" class=\"read-more\" href=\"https:\/\/sunglassrevivers.com\/de\/bedingungen-und-konditionen\/\" aria-label=\"Mehr Informationen \u00fcber Bedingungen und Konditionen\">Weiterlesen &#8230;<\/a><\/p>\n","protected":false},"author":2,"featured_media":0,"parent":0,"menu_order":0,"comment_status":"closed","ping_status":"closed","template":"elementor_header_footer","meta":{"_acf_changed":false,"footnotes":""},"class_list":["post-18255","page","type-page","status-publish"],"acf":[],"_links":{"self":[{"href":"https:\/\/sunglassrevivers.com\/de\/wp-json\/wp\/v2\/pages\/18255","targetHints":{"allow":["GET"]}}],"collection":[{"href":"https:\/\/sunglassrevivers.com\/de\/wp-json\/wp\/v2\/pages"}],"about":[{"href":"https:\/\/sunglassrevivers.com\/de\/wp-json\/wp\/v2\/types\/page"}],"author":[{"embeddable":true,"href":"https:\/\/sunglassrevivers.com\/de\/wp-json\/wp\/v2\/users\/2"}],"replies":[{"embeddable":true,"href":"https:\/\/sunglassrevivers.com\/de\/wp-json\/wp\/v2\/comments?post=18255"}],"version-history":[{"count":8,"href":"https:\/\/sunglassrevivers.com\/de\/wp-json\/wp\/v2\/pages\/18255\/revisions"}],"predecessor-version":[{"id":30937,"href":"https:\/\/sunglassrevivers.com\/de\/wp-json\/wp\/v2\/pages\/18255\/revisions\/30937"}],"wp:attachment":[{"href":"https:\/\/sunglassrevivers.com\/de\/wp-json\/wp\/v2\/media?parent=18255"}],"curies":[{"name":"wp","href":"https:\/\/api.w.org\/{rel}","templated":true}]}}