{"id":27460,"date":"2025-01-16T10:35:50","date_gmt":"2025-01-16T09:35:50","guid":{"rendered":"https:\/\/sunglassrevivers.com\/de\/?post_type=product&#038;p=27460"},"modified":"2025-11-13T13:35:57","modified_gmt":"2025-11-13T12:35:57","slug":"ersatzglaeser-for-ray-ban-rb3387","status":"publish","type":"product","link":"https:\/\/sunglassrevivers.com\/de\/produkt\/ersatzglaeser-for-ray-ban-rb3387\/","title":{"rendered":"Ersatzgl\u00e4ser f\u00fcr Ray-Ban RB3387"},"content":{"rendered":"<div>\n<h2>Ersatzgl\u00e4ser f\u00fcr Ray-Ban RB3387<\/h2>\n<p>Verleihen Sie Ihrer Ray-Ban RB3387-Sonnenbrille mit unseren hochwertigen Ersatzgl\u00e4sern neues Leben. Diese Gl\u00e4ser wurden speziell f\u00fcr den <strong>64-mm<\/strong>-Metallrahmen entwickelt und stellen eine hervorragende L\u00f6sung dar, um das urspr\u00fcngliche Aussehen und die Funktionalit\u00e4t Ihrer Sonnenbrille wiederherzustellen. Ob Sie besch\u00e4digte Gl\u00e4ser ersetzen oder einen neuen Look ausprobieren m\u00f6chten, unsere Ersatzgl\u00e4ser bieten Ihnen die M\u00f6glichkeit, Ihre Brille ohne Kompromisse aufzufrischen.<\/p>\n<h2>Perfekte Passform f\u00fcr Ray-Ban RB3387<\/h2>\n<p>Unsere Ersatzgl\u00e4ser sind genau auf die <strong>Ray-Ban RB3387<\/strong> angepasst, was eine pr\u00e4zise und nahtlose Montage gew\u00e4hrleistet. Jedes Glas ist nach h\u00f6chsten Standards gefertigt, um sicherzustellen, dass Sie nicht nur die beste Passform, sondern auch ein unvergleichliches Seherlebnis erhalten. Egal, ob Sie die Gl\u00e4ser aufgrund von Kratzern oder zur Aufwertung Ihrer Brille ersetzen, Sie k\u00f6nnen sich auf eine perfekte Passform verlassen.<\/p>\n<h2>Hochwertige Linsenmaterialien<\/h2>\n<p>Sie haben die Wahl zwischen zwei \u00fcberlegenen Linsenmaterialien f\u00fcr Ihre Ersatzgl\u00e4ser:<\/p>\n<ul>\n<li><strong>TAC (Tri-Acetat-Zellulose):<\/strong> Diese polarisierten Linsen reduzieren Blendung und verbessern die Sicht bei intensivem Licht. Ideale f\u00fcr Outdoor-Aktivit\u00e4ten und beim Autofahren.<\/li>\n<li><strong>PC (Polycarbonat):<\/strong> Leichte und sto\u00dffeste Linsen bieten zus\u00e4tzlichen Komfort und Schutz sowie eine hervorragende optische Klarheit, was sie zur perfekten Wahl f\u00fcr den t\u00e4glichen Gebrauch macht.<\/li>\n<\/ul>\n<p>Beide Materialien gew\u00e4hrleisten eine hervorragende optische Klarheit, Kratzfestigkeit und 100 % UV-Schutz, damit Ihre Sicht klar bleibt und Ihre Augen vor sch\u00e4dlichen UV-Strahlen gesch\u00fctzt sind.<\/p>\n<h2>Hauptmerkmale<\/h2>\n<ul>\n<li>Speziell entwickelt f\u00fcr die <strong>Ray-Ban RB3387<\/strong> mit <strong>64 mm<\/strong> Metallrahmen<\/li>\n<li>Erh\u00e4ltlich in den Hochleistungs-Linsenmaterialien <strong>TAC<\/strong> und <strong>PC<\/strong><\/li>\n<li>Polarisierte Optionen verf\u00fcgbar f\u00fcr weniger Blendung und bessere Sicht bei hellen Bedingungen<\/li>\n<li>Kratzfestigkeit f\u00fcr langanhaltenden Gebrauch<\/li>\n<li>Bietet <strong>100 % UV-Schutz<\/strong>, um Ihre Augen zu sch\u00fctzen<\/li>\n<li>Einfach zu installieren, wobei die originale Qualit\u00e4t Ihrer Ray-Ban-Sonnenbrille wiederhergestellt wird<\/li>\n<\/ul>\n<h2>Warum sollten Sie Ihre Linsen austauschen?<\/h2>\n<p>Wenn die Linsen Ihrer Ray-Ban RB3387-Sonnenbrille zerkratzt, gebrochen oder abgenutzt sind, ist es wichtig, diese sofort auszutauschen. Der Austausch gegen unsere hochwertigen Ersatzgl\u00e4ser stellt nicht nur das Aussehen, sondern auch die Leistung Ihrer Sonnenbrille wieder her, damit Sie weiterhin eine klare Sicht und umfassenden UV-Schutz genie\u00dfen k\u00f6nnen.<\/p>\n<p>R\u00fcsten Sie Ihre Ray-Ban RB3387-Sonnenbrille mit unseren Ersatzgl\u00e4sern auf und verbessern Sie Ihre Sicht, Ihren Stil und die Haltbarkeit Ihrer Brille. Lassen Sie nicht zu, dass alte oder besch\u00e4digte Gl\u00e4ser Ihre Sicht beeintr\u00e4chtigen \u2013 tauschen Sie sie noch heute aus!<\/p>\n<\/div>\n<p>Das Produkt Ersatzgl\u00e4ser f\u00fcr Ray-Ban RB3387 ist kein Originalprodukt, das von Ray-Ban\u00ae hergestellt oder unterst\u00fctzt wird, sofern in der Produktbeschreibung nicht anders angegeben. Sunglass Revivers ist nicht mit Ray-Ban\u00ae oder der Luxottica Group verbunden, assoziiert oder von ihnen gesponsert.<\/p>\n","protected":false},"excerpt":{"rendered":"<p>Ersatzgl\u00e4ser f\u00fcr Ray-Ban RB3387 Verleihen Sie Ihrer Ray-Ban RB3387-Sonnenbrille mit unseren hochwertigen Ersatzgl\u00e4sern neues Leben. Diese Gl\u00e4ser wurden speziell f\u00fcr den 64-mm-Metallrahmen entwickelt und stellen eine hervorragende L\u00f6sung dar, um das urspr\u00fcngliche Aussehen und die Funktionalit\u00e4t Ihrer Sonnenbrille wiederherzustellen. Ob Sie besch\u00e4digte Gl\u00e4ser ersetzen oder einen neuen Look ausprobieren m\u00f6chten, unsere Ersatzgl\u00e4ser bieten Ihnen die &#8230; <a title=\"Ersatzgl\u00e4ser f\u00fcr Ray-Ban RB3387\" class=\"read-more\" href=\"https:\/\/sunglassrevivers.com\/de\/produkt\/ersatzglaeser-for-ray-ban-rb3387\/\" aria-label=\"Mehr Informationen \u00fcber Ersatzgl\u00e4ser f\u00fcr Ray-Ban RB3387\">Weiterlesen &#8230;<\/a><\/p>\n","protected":false},"featured_media":29993,"comment_status":"open","ping_status":"closed","template":"","meta":{"_acf_changed":false},"product_brand":[],"product_cat":[1353,1711],"product_tag":[1788],"class_list":{"0":"post-27460","1":"product","2":"type-product","3":"status-publish","4":"has-post-thumbnail","6":"product_cat-ersatzglaeser","7":"product_cat-ray-ban-ersatzglaeser","8":"product_tag-base-8","9":"sales-flash-overlay","10":"woocommerce-text-align-center","11":"woocommerce-image-align-center","12":"do-quantity-buttons","14":"first","15":"instock","16":"taxable","17":"shipping-taxable","18":"purchasable","19":"product-type-variable","20":"has-default-attributes"},"acf":[],"_links":{"self":[{"href":"https:\/\/sunglassrevivers.com\/de\/wp-json\/wp\/v2\/product\/27460","targetHints":{"allow":["GET"]}}],"collection":[{"href":"https:\/\/sunglassrevivers.com\/de\/wp-json\/wp\/v2\/product"}],"about":[{"href":"https:\/\/sunglassrevivers.com\/de\/wp-json\/wp\/v2\/types\/product"}],"replies":[{"embeddable":true,"href":"https:\/\/sunglassrevivers.com\/de\/wp-json\/wp\/v2\/comments?post=27460"}],"version-history":[{"count":5,"href":"https:\/\/sunglassrevivers.com\/de\/wp-json\/wp\/v2\/product\/27460\/revisions"}],"predecessor-version":[{"id":30546,"href":"https:\/\/sunglassrevivers.com\/de\/wp-json\/wp\/v2\/product\/27460\/revisions\/30546"}],"wp:featuredmedia":[{"embeddable":true,"href":"https:\/\/sunglassrevivers.com\/de\/wp-json\/wp\/v2\/media\/29993"}],"wp:attachment":[{"href":"https:\/\/sunglassrevivers.com\/de\/wp-json\/wp\/v2\/media?parent=27460"}],"wp:term":[{"taxonomy":"product_brand","embeddable":true,"href":"https:\/\/sunglassrevivers.com\/de\/wp-json\/wp\/v2\/product_brand?post=27460"},{"taxonomy":"product_cat","embeddable":true,"href":"https:\/\/sunglassrevivers.com\/de\/wp-json\/wp\/v2\/product_cat?post=27460"},{"taxonomy":"product_tag","embeddable":true,"href":"https:\/\/sunglassrevivers.com\/de\/wp-json\/wp\/v2\/product_tag?post=27460"}],"curies":[{"name":"wp","href":"https:\/\/api.w.org\/{rel}","templated":true}]}}