{"id":27584,"date":"2025-01-16T10:36:04","date_gmt":"2025-01-16T09:36:04","guid":{"rendered":"https:\/\/sunglassrevivers.com\/de\/?post_type=product&#038;p=27584"},"modified":"2025-11-13T13:36:42","modified_gmt":"2025-11-13T12:36:42","slug":"ersatzglaeser-for-oakley-9417","status":"publish","type":"product","link":"https:\/\/sunglassrevivers.com\/de\/produkt\/ersatzglaeser-for-oakley-9417\/","title":{"rendered":"Ersatzgl\u00e4ser f\u00fcr Oakley 9417 HOLBROOK XL"},"content":{"rendered":"<h2>Perfekte Passform f\u00fcr Oakley 9417 HOLBROOK XL<\/h2>\n<p>Diese hochwertigen Ersatzgl\u00e4ser f\u00fcr Ihre Oakley 9417 HOLBROOK XL-Sonnenbrille sind speziell f\u00fcr eine Linsengr\u00f6\u00dfe von 59 mm gefertigt. Sichern Sie sich eine optimale Passform, die eine m\u00fchelose Installation und ein angenehmes Trageerlebnis garantiert. Genie\u00dfen Sie den perfekten Look und behalte den Komfort, den Sie von Ihrer Oakley gewohnt sind.<\/p>\n<h2>Hochwertige Linsenmaterialien<\/h2>\n<p>Die Ersatzgl\u00e4ser bieten Ihnen die Wahl zwischen zwei erstklassigen Materialien:<\/p>\n<ul>\n<li><strong>TAC (Triacetat-Zellulose):<\/strong> Diese polarisierten Linsen reduzieren st\u00f6rende Blendung und bieten herausragende visuelle Klarheit. Ideal f\u00fcr Outdoor-Aktivit\u00e4ten oder Autofahrten, wo Sichtbarkeit und Sicherheit von gr\u00f6\u00dfter Bedeutung sind.<\/li>\n<li><strong>PC (Polycarbonat):<\/strong> Das leichte und sto\u00dffeste Material erm\u00f6glicht au\u00dfergew\u00f6hnliche Haltbarkeit, ohne das zus\u00e4tzliche Gewicht. Sie sind perfekt f\u00fcr den aktiven Lebensstil und lassen sich leicht transportieren.<\/li>\n<\/ul>\n<p>Beide Materialien sind nicht nur kratzfest, sondern bieten auch <strong>100 % UV-Schutz<\/strong>, sodass Ihre Augen optimal vor sch\u00e4dlichen Sonnenstrahlen gesch\u00fctzt sind.<\/p>\n<h2>Hauptmerkmale<\/h2>\n<ul>\n<li>Exakt zugeschnitten auf <strong>Oakley 9417 HOLBROOK XL<\/strong>-Sonnenbrillen mit <strong>59 mm<\/strong>-Linsengr\u00f6\u00dfe<\/li>\n<li>Erh\u00e4ltlich in den hochwertigen Materialien <strong>TAC<\/strong> und <strong>PC<\/strong><\/li>\n<li>Polarisationstechnologie reduziert Blendung und verbessert den Sehkomfort<\/li>\n<li>Langlebige, leichte Konstruktion mit kratzfester Oberfl\u00e4che<\/li>\n<li>Volle <strong>100 % UV-Schutz<\/strong> f\u00fcr umfassenden Augenschutz<\/li>\n<li>Einfacher und schneller Austausch der Linsen<\/li>\n<\/ul>\n<h2>Warum sollten Sie sich f\u00fcr unsere Ersatzgl\u00e4ser entscheiden?<\/h2>\n<p>Wenn Ihre Oakley 9417 HOLBROOK XL-Sonnenbrille abgenutzte oder besch\u00e4digte Gl\u00e4ser hat, bringen Sie mit unseren erstklassigen Ersatzgl\u00e4sern den urspr\u00fcnglichen Glanz zur\u00fcck. Sie wurden speziell f\u00fcr optimale Performance und Stil entwickelt und sind die perfekte L\u00f6sung, um Ihre Sonnenbrille wieder wie neu aussehen zu lassen. Unsere Gl\u00e4ser bieten nicht nur eine verbesserte Sicht, sondern auch den Schutz, den Ihre Augen verdienen.<\/p>\n<p>Bestellen Sie Ihre Ersatzgl\u00e4ser noch heute bei SunglassRevivers.com und geben Sie Ihrer Sonnenbrille ein neues Leben! Verpassen Sie nicht die M\u00f6glichkeit, Ihre Oakley 9417 HOLBROOK XL mit erstklassigen Ersatzgl\u00e4sern aufzuwerten, die Ihnen sowohl Stil als auch Schutz bieten.Das Produkt Ersatzgl\u00e4ser f\u00fcr Oakley 9417 HOLBROOK XL ist kein Originalprodukt, das von Oakley\u00ae hergestellt oder unterst\u00fctzt wird, sofern in der Produktbeschreibung nicht anders angegeben. Sunglass Revivers ist nicht mit Oakley\u00ae oder der Luxottica Group verbunden, assoziiert oder von ihnen gesponsert.<\/p>\n","protected":false},"excerpt":{"rendered":"<p>Perfekte Passform f\u00fcr Oakley 9417 HOLBROOK XL Diese hochwertigen Ersatzgl\u00e4ser f\u00fcr Ihre Oakley 9417 HOLBROOK XL-Sonnenbrille sind speziell f\u00fcr eine Linsengr\u00f6\u00dfe von 59 mm gefertigt. Sichern Sie sich eine optimale Passform, die eine m\u00fchelose Installation und ein angenehmes Trageerlebnis garantiert. Genie\u00dfen Sie den perfekten Look und behalte den Komfort, den Sie von Ihrer Oakley gewohnt &#8230; <a title=\"Ersatzgl\u00e4ser f\u00fcr Oakley 9417 HOLBROOK XL\" class=\"read-more\" href=\"https:\/\/sunglassrevivers.com\/de\/produkt\/ersatzglaeser-for-oakley-9417\/\" aria-label=\"Mehr Informationen \u00fcber Ersatzgl\u00e4ser f\u00fcr Oakley 9417 HOLBROOK XL\">Weiterlesen &#8230;<\/a><\/p>\n","protected":false},"featured_media":30174,"comment_status":"open","ping_status":"closed","template":"","meta":{"_acf_changed":false},"product_brand":[],"product_cat":[1353,1744],"product_tag":[],"class_list":{"0":"post-27584","1":"product","2":"type-product","3":"status-publish","4":"has-post-thumbnail","6":"product_cat-ersatzglaeser","7":"product_cat-oakley-ersatzglaeser","8":"sales-flash-overlay","9":"woocommerce-text-align-center","10":"woocommerce-image-align-center","11":"do-quantity-buttons","13":"first","14":"instock","15":"taxable","16":"shipping-taxable","17":"purchasable","18":"product-type-variable","19":"has-default-attributes"},"acf":[],"_links":{"self":[{"href":"https:\/\/sunglassrevivers.com\/de\/wp-json\/wp\/v2\/product\/27584","targetHints":{"allow":["GET"]}}],"collection":[{"href":"https:\/\/sunglassrevivers.com\/de\/wp-json\/wp\/v2\/product"}],"about":[{"href":"https:\/\/sunglassrevivers.com\/de\/wp-json\/wp\/v2\/types\/product"}],"replies":[{"embeddable":true,"href":"https:\/\/sunglassrevivers.com\/de\/wp-json\/wp\/v2\/comments?post=27584"}],"version-history":[{"count":5,"href":"https:\/\/sunglassrevivers.com\/de\/wp-json\/wp\/v2\/product\/27584\/revisions"}],"predecessor-version":[{"id":30593,"href":"https:\/\/sunglassrevivers.com\/de\/wp-json\/wp\/v2\/product\/27584\/revisions\/30593"}],"wp:featuredmedia":[{"embeddable":true,"href":"https:\/\/sunglassrevivers.com\/de\/wp-json\/wp\/v2\/media\/30174"}],"wp:attachment":[{"href":"https:\/\/sunglassrevivers.com\/de\/wp-json\/wp\/v2\/media?parent=27584"}],"wp:term":[{"taxonomy":"product_brand","embeddable":true,"href":"https:\/\/sunglassrevivers.com\/de\/wp-json\/wp\/v2\/product_brand?post=27584"},{"taxonomy":"product_cat","embeddable":true,"href":"https:\/\/sunglassrevivers.com\/de\/wp-json\/wp\/v2\/product_cat?post=27584"},{"taxonomy":"product_tag","embeddable":true,"href":"https:\/\/sunglassrevivers.com\/de\/wp-json\/wp\/v2\/product_tag?post=27584"}],"curies":[{"name":"wp","href":"https:\/\/api.w.org\/{rel}","templated":true}]}}