{"id":27586,"date":"2025-01-16T10:36:04","date_gmt":"2025-01-16T09:36:04","guid":{"rendered":"https:\/\/sunglassrevivers.com\/de\/?post_type=product&#038;p=27586"},"modified":"2025-11-13T13:36:43","modified_gmt":"2025-11-13T12:36:43","slug":"ersatzglaeser-for-oakley-9265","status":"publish","type":"product","link":"https:\/\/sunglassrevivers.com\/de\/produkt\/ersatzglaeser-for-oakley-9265\/","title":{"rendered":"Ersatzgl\u00e4ser f\u00fcr Oakley 9265 LATCH"},"content":{"rendered":"<p>Erneuern Sie Ihre Oakley 9265 LATCH-Sonnenbrille mit unseren hochwertigen Ersatzgl\u00e4sern. Diese speziell f\u00fcr 53-mm-Kunststoffrahmen entwickelten Gl\u00e4ser bieten au\u00dfergew\u00f6hnliche Klarheit, Haltbarkeit und Schutz, damit Sie stets mit optimaler Sicht und Stil unterwegs sind.<\/p>\n<h2>Pr\u00e4zise Passform f\u00fcr Oakley 9265 LATCH<\/h2>\n<p>Unsere Ersatzgl\u00e4ser sind f\u00fcr <strong>Oakley 9265 LATCH<\/strong>-Sonnenbrillen mit einer Glasgr\u00f6\u00dfe von <strong>53 mm<\/strong> konzipiert. Genie\u00dfen Sie eine nahtlose Passform, die nicht nur die Optik Ihrer Brille bewahrt, sondern auch eine m\u00fchelose Installation erm\u00f6glicht. Dank der exakten Ma\u00dfe passen die Gl\u00e4ser perfekt in den Rahmen und sorgen f\u00fcr einen stabilen Sitz, egal bei welcher Aktivit\u00e4t.<\/p>\n<h2>Hochwertige Linsenmaterialien<\/h2>\n<p>Wir bieten unsere Ersatzgl\u00e4ser in zwei fortschrittlichen Materialien an:<\/p>\n<ul>\n<li><strong>TAC (Triacetat-Zellulose):<\/strong> Diese polarisierten Linsen sorgen f\u00fcr weniger Blendung und verbessern die visuelle Klarheit, sodass Sie auch bei hellem Sonnenlicht stets eine klare Sicht haben.<\/li>\n<li><strong>PC (Polycarbonat):<\/strong> Unsere leichten, sto\u00dffesten Linsen sind f\u00fcr ihre bemerkenswerte Haltbarkeit bekannt und bieten dem t\u00e4glichen Verschlei\u00df stand.<\/li>\n<\/ul>\n<p>Beide Materialien sind kratzfest und bieten <strong>100 % UV-Schutz<\/strong> f\u00fcr \u00fcberragenden Augenschutz, damit Sie unbesorgt drau\u00dfen aktiv sein k\u00f6nnen.<\/p>\n<h2>Hauptmerkmale<\/h2>\n<ul>\n<li>Speziell f\u00fcr <strong>Oakley 9265 LATCH<\/strong>-Sonnenbrillen mit <strong>53 mm<\/strong>-Linsengr\u00f6\u00dfe entwickelt.<\/li>\n<li>Erh\u00e4ltlich in den Materialien <strong>TAC<\/strong> und <strong>PC<\/strong>.<\/li>\n<li>Polarisiert, um Blendung zu reduzieren und den Sehkomfort zu verbessern.<\/li>\n<li>Langlebige, leichte und kratzfeste Konstruktion f\u00fcr allt\u00e4gliche Herausforderungen.<\/li>\n<li><strong>100 % UV-Schutz<\/strong> f\u00fcr ultimativen Augenschutz, auch bei intensiver Sonneneinstrahlung.<\/li>\n<li>Schnelle und einfache Installation, damit Sie in k\u00fcrzester Zeit wieder die Aussicht genie\u00dfen k\u00f6nnen.<\/li>\n<\/ul>\n<h2>Warum sollten Sie sich f\u00fcr unsere Ersatzgl\u00e4ser entscheiden?<\/h2>\n<p>Unsere Ersatzgl\u00e4ser werden sorgf\u00e4ltig hergestellt, um die urspr\u00fcngliche Qualit\u00e4t und den Stil Ihrer Oakley 9265 LATCH-Sonnenbrille wiederherzustellen und eine verbesserte Leistung sowie Langlebigkeit zu gew\u00e4hrleisten. Wir wissen, wie wichtig Ihre Sicht und der Schutz Ihrer Augen sind. Daher k\u00f6nnen Sie sich auf die hervorragenden Eigenschaften und die Zuverl\u00e4ssigkeit unserer Produkte verlassen.<\/p>\n<p>Bestellen Sie Ihre Ersatzgl\u00e4ser noch heute und genie\u00dfen Sie ein neues Brillenerlebnis! Verpassen Sie nicht die Gelegenheit, Ihre Oakley 9265 LATCH-Sonnenbrille zu revitalisieren und sch\u00fctzen Sie Ihre Augen mit Stil und Komfort.Das Produkt Ersatzgl\u00e4ser f\u00fcr Oakley 9265 LATCH ist kein Originalprodukt, das von Oakley\u00ae hergestellt oder unterst\u00fctzt wird, sofern in der Produktbeschreibung nicht anders angegeben. Sunglass Revivers ist nicht mit Oakley\u00ae oder der Luxottica Group verbunden, assoziiert oder von ihnen gesponsert.<\/p>\n","protected":false},"excerpt":{"rendered":"<p>Erneuern Sie Ihre Oakley 9265 LATCH-Sonnenbrille mit unseren hochwertigen Ersatzgl\u00e4sern. Diese speziell f\u00fcr 53-mm-Kunststoffrahmen entwickelten Gl\u00e4ser bieten au\u00dfergew\u00f6hnliche Klarheit, Haltbarkeit und Schutz, damit Sie stets mit optimaler Sicht und Stil unterwegs sind. Pr\u00e4zise Passform f\u00fcr Oakley 9265 LATCH Unsere Ersatzgl\u00e4ser sind f\u00fcr Oakley 9265 LATCH-Sonnenbrillen mit einer Glasgr\u00f6\u00dfe von 53 mm konzipiert. Genie\u00dfen Sie eine &#8230; <a title=\"Ersatzgl\u00e4ser f\u00fcr Oakley 9265 LATCH\" class=\"read-more\" href=\"https:\/\/sunglassrevivers.com\/de\/produkt\/ersatzglaeser-for-oakley-9265\/\" aria-label=\"Mehr Informationen \u00fcber Ersatzgl\u00e4ser f\u00fcr Oakley 9265 LATCH\">Weiterlesen &#8230;<\/a><\/p>\n","protected":false},"featured_media":30176,"comment_status":"open","ping_status":"closed","template":"","meta":{"_acf_changed":false},"product_brand":[],"product_cat":[1353,1744],"product_tag":[],"class_list":{"0":"post-27586","1":"product","2":"type-product","3":"status-publish","4":"has-post-thumbnail","6":"product_cat-ersatzglaeser","7":"product_cat-oakley-ersatzglaeser","8":"sales-flash-overlay","9":"woocommerce-text-align-center","10":"woocommerce-image-align-center","11":"do-quantity-buttons","13":"first","14":"instock","15":"taxable","16":"shipping-taxable","17":"purchasable","18":"product-type-variable","19":"has-default-attributes"},"acf":[],"_links":{"self":[{"href":"https:\/\/sunglassrevivers.com\/de\/wp-json\/wp\/v2\/product\/27586","targetHints":{"allow":["GET"]}}],"collection":[{"href":"https:\/\/sunglassrevivers.com\/de\/wp-json\/wp\/v2\/product"}],"about":[{"href":"https:\/\/sunglassrevivers.com\/de\/wp-json\/wp\/v2\/types\/product"}],"replies":[{"embeddable":true,"href":"https:\/\/sunglassrevivers.com\/de\/wp-json\/wp\/v2\/comments?post=27586"}],"version-history":[{"count":6,"href":"https:\/\/sunglassrevivers.com\/de\/wp-json\/wp\/v2\/product\/27586\/revisions"}],"predecessor-version":[{"id":30595,"href":"https:\/\/sunglassrevivers.com\/de\/wp-json\/wp\/v2\/product\/27586\/revisions\/30595"}],"wp:featuredmedia":[{"embeddable":true,"href":"https:\/\/sunglassrevivers.com\/de\/wp-json\/wp\/v2\/media\/30176"}],"wp:attachment":[{"href":"https:\/\/sunglassrevivers.com\/de\/wp-json\/wp\/v2\/media?parent=27586"}],"wp:term":[{"taxonomy":"product_brand","embeddable":true,"href":"https:\/\/sunglassrevivers.com\/de\/wp-json\/wp\/v2\/product_brand?post=27586"},{"taxonomy":"product_cat","embeddable":true,"href":"https:\/\/sunglassrevivers.com\/de\/wp-json\/wp\/v2\/product_cat?post=27586"},{"taxonomy":"product_tag","embeddable":true,"href":"https:\/\/sunglassrevivers.com\/de\/wp-json\/wp\/v2\/product_tag?post=27586"}],"curies":[{"name":"wp","href":"https:\/\/api.w.org\/{rel}","templated":true}]}}