{"id":29647,"date":"2025-08-18T17:08:38","date_gmt":"2025-08-18T16:08:38","guid":{"rendered":"https:\/\/sunglassrevivers.com\/de\/?post_type=product&#038;p=29647"},"modified":"2025-11-13T13:36:43","modified_gmt":"2025-11-13T12:36:43","slug":"ersatzglaeser-fuer-oakley-9369-crossrange-r","status":"publish","type":"product","link":"https:\/\/sunglassrevivers.com\/de\/produkt\/ersatzglaeser-fuer-oakley-9369-crossrange-r\/","title":{"rendered":"Ersatzgl\u00e4ser f\u00fcr Oakley 9369 CROSSRANGE R"},"content":{"rendered":"<p>Die <strong>Ersatzgl\u00e4ser f\u00fcr Oakley 9369 CROSSRANGE R<\/strong> sind unverzichtbar f\u00fcr die Erneuerung Ihrer Oakley-Brille. Mit einer quadratischen Form gestaltet, die einen modernen und mutigen Look bietet. Mit einer H\u00f6he von 46 mm und einem Durchmesser von 63 mm passen diese Gl\u00e4ser perfekt in ihren Originalrahmen. Die <strong>Base 6 Kr\u00fcmmung<\/strong> sorgt f\u00fcr perfekten Sitz und ganzt\u00e4gigen Komfort.<\/p>\n<p>Hergestellt aus hochwertigen Materialien wie TAC und Polycarbonat, bieten diese Gl\u00e4ser au\u00dfergew\u00f6hnliche Schlagfestigkeit, was bedeutet, dass Sie selbst unter h\u00e4rtesten Bedingungen gesch\u00fctzt sind. Genie\u00dfen Sie \u00fcberlegene optische Klarheit und effektiven UV-Schutz, der Ihre Augen sicher und komfortabel unter der Sonne h\u00e4lt.<\/p>\n<p>Mit unseren <strong>Ersatzgl\u00e4sern f\u00fcr Oakley 9369 CROSSRANGE R<\/strong> erleben Sie die sofortige Erneuerung Ihrer Lieblingsbrille. Sie sind einfach zu ersetzen, sodass Sie in wenigen Minuten von alten zu neuen Gl\u00e4sern wechseln k\u00f6nnen. Geben Sie Ihren Oakleys neues Leben und bewahren Sie Ihren Stil, w\u00e4hrend Sie die Qualit\u00e4t genie\u00dfen, f\u00fcr die Oakley bekannt ist.Das Produkt Ersatzgl\u00e4ser f\u00fcr Oakley 9369 CROSSRANGE R ist kein Originalprodukt, das von Oakley\u00ae hergestellt oder unterst\u00fctzt wird, sofern in der Produktbeschreibung nicht anders angegeben. Sunglass Revivers ist nicht mit Oakley\u00ae oder der Luxottica Group verbunden, assoziiert oder von ihnen gesponsert.<\/p>\n","protected":false},"excerpt":{"rendered":"<p>Die Ersatzgl\u00e4ser f\u00fcr Oakley 9369 CROSSRANGE R sind unverzichtbar f\u00fcr die Erneuerung Ihrer Oakley-Brille. Mit einer quadratischen Form gestaltet, die einen modernen und mutigen Look bietet. Mit einer H\u00f6he von 46 mm und einem Durchmesser von 63 mm passen diese Gl\u00e4ser perfekt in ihren Originalrahmen. Die Base 6 Kr\u00fcmmung sorgt f\u00fcr perfekten Sitz und ganzt\u00e4gigen &#8230; <a title=\"Ersatzgl\u00e4ser f\u00fcr Oakley 9369 CROSSRANGE R\" class=\"read-more\" href=\"https:\/\/sunglassrevivers.com\/de\/produkt\/ersatzglaeser-fuer-oakley-9369-crossrange-r\/\" aria-label=\"Mehr Informationen \u00fcber Ersatzgl\u00e4ser f\u00fcr Oakley 9369 CROSSRANGE R\">Weiterlesen &#8230;<\/a><\/p>\n","protected":false},"featured_media":29804,"comment_status":"open","ping_status":"closed","template":"","meta":{"_acf_changed":false},"product_brand":[],"product_cat":[1353,1744],"product_tag":[],"class_list":{"0":"post-29647","1":"product","2":"type-product","3":"status-publish","4":"has-post-thumbnail","6":"product_cat-ersatzglaeser","7":"product_cat-oakley-ersatzglaeser","8":"sales-flash-overlay","9":"woocommerce-text-align-center","10":"woocommerce-image-align-center","11":"do-quantity-buttons","13":"first","14":"instock","15":"taxable","16":"shipping-taxable","17":"purchasable","18":"product-type-variable"},"acf":[],"_links":{"self":[{"href":"https:\/\/sunglassrevivers.com\/de\/wp-json\/wp\/v2\/product\/29647","targetHints":{"allow":["GET"]}}],"collection":[{"href":"https:\/\/sunglassrevivers.com\/de\/wp-json\/wp\/v2\/product"}],"about":[{"href":"https:\/\/sunglassrevivers.com\/de\/wp-json\/wp\/v2\/types\/product"}],"replies":[{"embeddable":true,"href":"https:\/\/sunglassrevivers.com\/de\/wp-json\/wp\/v2\/comments?post=29647"}],"version-history":[{"count":2,"href":"https:\/\/sunglassrevivers.com\/de\/wp-json\/wp\/v2\/product\/29647\/revisions"}],"predecessor-version":[{"id":30607,"href":"https:\/\/sunglassrevivers.com\/de\/wp-json\/wp\/v2\/product\/29647\/revisions\/30607"}],"wp:featuredmedia":[{"embeddable":true,"href":"https:\/\/sunglassrevivers.com\/de\/wp-json\/wp\/v2\/media\/29804"}],"wp:attachment":[{"href":"https:\/\/sunglassrevivers.com\/de\/wp-json\/wp\/v2\/media?parent=29647"}],"wp:term":[{"taxonomy":"product_brand","embeddable":true,"href":"https:\/\/sunglassrevivers.com\/de\/wp-json\/wp\/v2\/product_brand?post=29647"},{"taxonomy":"product_cat","embeddable":true,"href":"https:\/\/sunglassrevivers.com\/de\/wp-json\/wp\/v2\/product_cat?post=29647"},{"taxonomy":"product_tag","embeddable":true,"href":"https:\/\/sunglassrevivers.com\/de\/wp-json\/wp\/v2\/product_tag?post=29647"}],"curies":[{"name":"wp","href":"https:\/\/api.w.org\/{rel}","templated":true}]}}