{"id":29665,"date":"2025-08-18T17:20:01","date_gmt":"2025-08-18T16:20:01","guid":{"rendered":"https:\/\/sunglassrevivers.com\/de\/?post_type=product&#038;p=29665"},"modified":"2025-11-13T13:36:45","modified_gmt":"2025-11-13T12:36:45","slug":"ersatzglaeser-fuer-oakley-9279-hstn-metal","status":"publish","type":"product","link":"https:\/\/sunglassrevivers.com\/de\/produkt\/ersatzglaeser-fuer-oakley-9279-hstn-metal\/","title":{"rendered":"Ersatzgl\u00e4ser f\u00fcr Oakley 9279 HSTN METAL"},"content":{"rendered":"<p>Entdecken Sie das perfekte Zubeh\u00f6r, um Ihre Oakley-Brillen in optimalem Zustand zu halten, mit den <strong>Ersatzgl\u00e4ser f\u00fcr Oakley 9279 HSTN METAL<\/strong>. Mit einem eleganten und raffinierten Design passen diese Gl\u00e4ser perfekt zum Modell <strong>9479- HSTN METAL<\/strong> und gew\u00e4hrleisten die au\u00dfergew\u00f6hnliche Qualit\u00e4t, die die Marke auszeichnet. Dieses Austauschset garantiert eine klare und scharfe Sicht dank seiner hochbest\u00e4ndigen Materialien <em>TAC<\/em> und <em>Polycarbonat<\/em>.<\/p>\n<ul>\n<li><strong>Runde Form<\/strong>: ideal f\u00fcr diejenigen, die einen klassischen und zeitlosen Stil suchen.<\/li>\n<li><strong>48 mm H\u00f6he<\/strong> und <strong>54 mm Durchmesser<\/strong>: bieten Komfort und Abdeckung.<\/li>\n<li><strong>Basis Kurve 4<\/strong>: bietet eine perfekte Passform und sch\u00fctzt vor \u00e4u\u00dferen Einfl\u00fcssen.<\/li>\n<\/ul>\n<p>Neben einem \u00fcberlegenen Augenschutz sind die <strong>Ersatzgl\u00e4ser f\u00fcr Oakley 9279 HSTN METAL<\/strong> die ideale Wahl f\u00fcr alle, die ihren Stil erneuern m\u00f6chten, ohne auf die Langlebigkeit und visuelle Pr\u00e4zision zu verzichten, die nur Oakley bieten kann. Erfrischen Sie Ihre Brillen und genie\u00dfen Sie eine beispiellose Sicht.Das Produkt Ersatzgl\u00e4ser f\u00fcr Oakley 9279 HSTN METAL ist kein Originalprodukt, das von Oakley\u00ae hergestellt oder unterst\u00fctzt wird, sofern in der Produktbeschreibung nicht anders angegeben. Sunglass Revivers ist nicht mit Oakley\u00ae oder der Luxottica Group verbunden, assoziiert oder von ihnen gesponsert.<\/p>\n","protected":false},"excerpt":{"rendered":"<p>Entdecken Sie das perfekte Zubeh\u00f6r, um Ihre Oakley-Brillen in optimalem Zustand zu halten, mit den Ersatzgl\u00e4ser f\u00fcr Oakley 9279 HSTN METAL. Mit einem eleganten und raffinierten Design passen diese Gl\u00e4ser perfekt zum Modell 9479- HSTN METAL und gew\u00e4hrleisten die au\u00dfergew\u00f6hnliche Qualit\u00e4t, die die Marke auszeichnet. Dieses Austauschset garantiert eine klare und scharfe Sicht dank seiner &#8230; <a title=\"Ersatzgl\u00e4ser f\u00fcr Oakley 9279 HSTN METAL\" class=\"read-more\" href=\"https:\/\/sunglassrevivers.com\/de\/produkt\/ersatzglaeser-fuer-oakley-9279-hstn-metal\/\" aria-label=\"Mehr Informationen \u00fcber Ersatzgl\u00e4ser f\u00fcr Oakley 9279 HSTN METAL\">Weiterlesen &#8230;<\/a><\/p>\n","protected":false},"featured_media":29806,"comment_status":"open","ping_status":"closed","template":"","meta":{"_acf_changed":false},"product_brand":[],"product_cat":[1353,1744],"product_tag":[],"class_list":{"0":"post-29665","1":"product","2":"type-product","3":"status-publish","4":"has-post-thumbnail","6":"product_cat-ersatzglaeser","7":"product_cat-oakley-ersatzglaeser","8":"sales-flash-overlay","9":"woocommerce-text-align-center","10":"woocommerce-image-align-center","11":"do-quantity-buttons","13":"first","14":"instock","15":"taxable","16":"shipping-taxable","17":"purchasable","18":"product-type-variable"},"acf":[],"_links":{"self":[{"href":"https:\/\/sunglassrevivers.com\/de\/wp-json\/wp\/v2\/product\/29665","targetHints":{"allow":["GET"]}}],"collection":[{"href":"https:\/\/sunglassrevivers.com\/de\/wp-json\/wp\/v2\/product"}],"about":[{"href":"https:\/\/sunglassrevivers.com\/de\/wp-json\/wp\/v2\/types\/product"}],"replies":[{"embeddable":true,"href":"https:\/\/sunglassrevivers.com\/de\/wp-json\/wp\/v2\/comments?post=29665"}],"version-history":[{"count":2,"href":"https:\/\/sunglassrevivers.com\/de\/wp-json\/wp\/v2\/product\/29665\/revisions"}],"predecessor-version":[{"id":30616,"href":"https:\/\/sunglassrevivers.com\/de\/wp-json\/wp\/v2\/product\/29665\/revisions\/30616"}],"wp:featuredmedia":[{"embeddable":true,"href":"https:\/\/sunglassrevivers.com\/de\/wp-json\/wp\/v2\/media\/29806"}],"wp:attachment":[{"href":"https:\/\/sunglassrevivers.com\/de\/wp-json\/wp\/v2\/media?parent=29665"}],"wp:term":[{"taxonomy":"product_brand","embeddable":true,"href":"https:\/\/sunglassrevivers.com\/de\/wp-json\/wp\/v2\/product_brand?post=29665"},{"taxonomy":"product_cat","embeddable":true,"href":"https:\/\/sunglassrevivers.com\/de\/wp-json\/wp\/v2\/product_cat?post=29665"},{"taxonomy":"product_tag","embeddable":true,"href":"https:\/\/sunglassrevivers.com\/de\/wp-json\/wp\/v2\/product_tag?post=29665"}],"curies":[{"name":"wp","href":"https:\/\/api.w.org\/{rel}","templated":true}]}}