{"id":29667,"date":"2025-08-18T17:26:27","date_gmt":"2025-08-18T16:26:27","guid":{"rendered":"https:\/\/sunglassrevivers.com\/de\/?post_type=product&#038;p=29667"},"modified":"2025-11-13T13:36:45","modified_gmt":"2025-11-13T12:36:45","slug":"ersatzglaeser-fuer-oakley-9286-thurso","status":"publish","type":"product","link":"https:\/\/sunglassrevivers.com\/de\/produkt\/ersatzglaeser-fuer-oakley-9286-thurso\/","title":{"rendered":"Ersatzgl\u00e4ser f\u00fcr Oakley 9286 THURSO"},"content":{"rendered":"<p>Entdecken Sie die perfekte L\u00f6sung mit <strong>Ersatzgl\u00e4ser f\u00fcr Oakley 9286 THURSO<\/strong>, entwickelt, um Stil und Schutz im Vordergrund zu halten. Diese Gl\u00e4ser, die f\u00fcr das 9286 THURSO Modell ma\u00dfgeschneidert sind, verf\u00fcgen \u00fcber eine <strong>rechteckige Form<\/strong>, die maximale visuelle Abdeckung bietet. Mit einer H\u00f6he von 45 mm und einem Durchmesser von 60 mm bieten sie eine breite Sicht, ohne den Komfort zu beeintr\u00e4chtigen.<\/p>\n<p>Hergestellt aus hochwertigen Materialien wie <strong>TAC und Polycarbonat<\/strong>, sind diese Gl\u00e4ser sto\u00dffest und bieten \u00fcberlegene optische Klarheit. Dank ihrer <strong>Basis 4<\/strong> Kr\u00fcmmung bieten die Ersatzgl\u00e4ser f\u00fcr Oakley 9286 THURSO ein immersives Seherlebnis, das periphere Verzerrungen reduziert.<\/p>\n<ul>\n<li><strong>Haltbarkeit:<\/strong> Widerstandsf\u00e4hig gegen t\u00e4glichen Verschlei\u00df.<\/li>\n<li><strong>UV-Schutz:<\/strong> Blockiert sch\u00e4dliche UV-Strahlen der Sonne.<\/li>\n<li><strong>Komfort:<\/strong> Leicht f\u00fcr l\u00e4ngeres Tragen.<\/li>\n<\/ul>\n<p>W\u00e4hlen Sie die <strong>Ersatzgl\u00e4ser f\u00fcr Oakley 9286 THURSO<\/strong> und genie\u00dfen Sie optimale Leistung und unvergleichlichen Stil. Verpassen Sie nicht die Gelegenheit, Ihre Brille mit unvergleichlicher Qualit\u00e4t und Design zu revitalisieren.Das Produkt Ersatzgl\u00e4ser f\u00fcr Oakley 9286 THURSO ist kein Originalprodukt, das von Oakley\u00ae hergestellt oder unterst\u00fctzt wird, sofern in der Produktbeschreibung nicht anders angegeben. Sunglass Revivers ist nicht mit Oakley\u00ae oder der Luxottica Group verbunden, assoziiert oder von ihnen gesponsert.<\/p>\n","protected":false},"excerpt":{"rendered":"<p>Entdecken Sie die perfekte L\u00f6sung mit Ersatzgl\u00e4ser f\u00fcr Oakley 9286 THURSO, entwickelt, um Stil und Schutz im Vordergrund zu halten. Diese Gl\u00e4ser, die f\u00fcr das 9286 THURSO Modell ma\u00dfgeschneidert sind, verf\u00fcgen \u00fcber eine rechteckige Form, die maximale visuelle Abdeckung bietet. Mit einer H\u00f6he von 45 mm und einem Durchmesser von 60 mm bieten sie eine &#8230; <a title=\"Ersatzgl\u00e4ser f\u00fcr Oakley 9286 THURSO\" class=\"read-more\" href=\"https:\/\/sunglassrevivers.com\/de\/produkt\/ersatzglaeser-fuer-oakley-9286-thurso\/\" aria-label=\"Mehr Informationen \u00fcber Ersatzgl\u00e4ser f\u00fcr Oakley 9286 THURSO\">Weiterlesen &#8230;<\/a><\/p>\n","protected":false},"featured_media":29798,"comment_status":"open","ping_status":"closed","template":"","meta":{"_acf_changed":false},"product_brand":[],"product_cat":[1353,1744],"product_tag":[],"class_list":{"0":"post-29667","1":"product","2":"type-product","3":"status-publish","4":"has-post-thumbnail","6":"product_cat-ersatzglaeser","7":"product_cat-oakley-ersatzglaeser","8":"sales-flash-overlay","9":"woocommerce-text-align-center","10":"woocommerce-image-align-center","11":"do-quantity-buttons","13":"first","14":"instock","15":"taxable","16":"shipping-taxable","17":"purchasable","18":"product-type-variable"},"acf":[],"_links":{"self":[{"href":"https:\/\/sunglassrevivers.com\/de\/wp-json\/wp\/v2\/product\/29667","targetHints":{"allow":["GET"]}}],"collection":[{"href":"https:\/\/sunglassrevivers.com\/de\/wp-json\/wp\/v2\/product"}],"about":[{"href":"https:\/\/sunglassrevivers.com\/de\/wp-json\/wp\/v2\/types\/product"}],"replies":[{"embeddable":true,"href":"https:\/\/sunglassrevivers.com\/de\/wp-json\/wp\/v2\/comments?post=29667"}],"version-history":[{"count":2,"href":"https:\/\/sunglassrevivers.com\/de\/wp-json\/wp\/v2\/product\/29667\/revisions"}],"predecessor-version":[{"id":30617,"href":"https:\/\/sunglassrevivers.com\/de\/wp-json\/wp\/v2\/product\/29667\/revisions\/30617"}],"wp:featuredmedia":[{"embeddable":true,"href":"https:\/\/sunglassrevivers.com\/de\/wp-json\/wp\/v2\/media\/29798"}],"wp:attachment":[{"href":"https:\/\/sunglassrevivers.com\/de\/wp-json\/wp\/v2\/media?parent=29667"}],"wp:term":[{"taxonomy":"product_brand","embeddable":true,"href":"https:\/\/sunglassrevivers.com\/de\/wp-json\/wp\/v2\/product_brand?post=29667"},{"taxonomy":"product_cat","embeddable":true,"href":"https:\/\/sunglassrevivers.com\/de\/wp-json\/wp\/v2\/product_cat?post=29667"},{"taxonomy":"product_tag","embeddable":true,"href":"https:\/\/sunglassrevivers.com\/de\/wp-json\/wp\/v2\/product_tag?post=29667"}],"curies":[{"name":"wp","href":"https:\/\/api.w.org\/{rel}","templated":true}]}}