{"id":29671,"date":"2025-08-18T17:28:36","date_gmt":"2025-08-18T16:28:36","guid":{"rendered":"https:\/\/sunglassrevivers.com\/de\/?post_type=product&#038;p=29671"},"modified":"2025-11-13T13:36:45","modified_gmt":"2025-11-13T12:36:45","slug":"ersatzglaeser-fuer-oakley-9289-frogskins-hybrid","status":"publish","type":"product","link":"https:\/\/sunglassrevivers.com\/de\/produkt\/ersatzglaeser-fuer-oakley-9289-frogskins-hybrid\/","title":{"rendered":"Ersatzgl\u00e4ser f\u00fcr Oakley 9289 FROGSKINS HYBRID"},"content":{"rendered":"<p>Die <strong>ersatzgl\u00e4ser f\u00fcr Oakley 9289 FROGSKINS HYBRID<\/strong> sind das perfekte Upgrade f\u00fcr alle, die ihre Lieblingsbrille auffrischen m\u00f6chten, ohne dabei auf Stil und Funktionalit\u00e4t zu verzichten. Pr\u00e4zise gefertigt, passen diese Gl\u00e4ser mit ihrer runden Form nahtlos zum FROGSKINS HYBRID Modell. Mit einer H\u00f6he von 44 mm und einem Durchmesser von 61 mm gew\u00e4hrleisten diese Gl\u00e4ser eine perfekte Passform und klare Sicht.<\/p>\n<ul>\n<li>Hochwertige Materialien: Die <strong>ersatzgl\u00e4ser f\u00fcr Oakley 9289 FROGSKINS HYBRID<\/strong> bestehen aus TAC und Polycarbonat und bieten Haltbarkeit und Widerstandsf\u00e4higkeit.<\/li>\n<li>Optimierte Kr\u00fcmmung: Mit einer Basiskr\u00fcmmung von 4 bieten diese Gl\u00e4ser einen bequemen Sitz und ein breites Sichtfeld.<\/li>\n<li>Effektiver Schutz: Zum Schutz Ihrer Augen vor UV-Strahlen entworfen, sind diese Gl\u00e4ser ideal f\u00fcr alle Wetterbedingungen.<\/li>\n<\/ul>\n<p>Erleben Sie Ihre Brille neu mit den <strong>ersatzgl\u00e4sern f\u00fcr Oakley 9289 FROGSKINS HYBRID<\/strong> und genie\u00dfen Sie die perfekte Kombination aus Stil und Technologie. Ob f\u00fcr den t\u00e4glichen Gebrauch oder Outdoor-Aktivit\u00e4ten, diese Gl\u00e4ser garantieren au\u00dfergew\u00f6hnliche optische Qualit\u00e4t.Das Produkt Ersatzgl\u00e4ser f\u00fcr Oakley 9289 FROGSKINS HYBRID ist kein Originalprodukt, das von Oakley\u00ae hergestellt oder unterst\u00fctzt wird, sofern in der Produktbeschreibung nicht anders angegeben. Sunglass Revivers ist nicht mit Oakley\u00ae oder der Luxottica Group verbunden, assoziiert oder von ihnen gesponsert.<\/p>\n","protected":false},"excerpt":{"rendered":"<p>Die ersatzgl\u00e4ser f\u00fcr Oakley 9289 FROGSKINS HYBRID sind das perfekte Upgrade f\u00fcr alle, die ihre Lieblingsbrille auffrischen m\u00f6chten, ohne dabei auf Stil und Funktionalit\u00e4t zu verzichten. Pr\u00e4zise gefertigt, passen diese Gl\u00e4ser mit ihrer runden Form nahtlos zum FROGSKINS HYBRID Modell. Mit einer H\u00f6he von 44 mm und einem Durchmesser von 61 mm gew\u00e4hrleisten diese Gl\u00e4ser &#8230; <a title=\"Ersatzgl\u00e4ser f\u00fcr Oakley 9289 FROGSKINS HYBRID\" class=\"read-more\" href=\"https:\/\/sunglassrevivers.com\/de\/produkt\/ersatzglaeser-fuer-oakley-9289-frogskins-hybrid\/\" aria-label=\"Mehr Informationen \u00fcber Ersatzgl\u00e4ser f\u00fcr Oakley 9289 FROGSKINS HYBRID\">Weiterlesen &#8230;<\/a><\/p>\n","protected":false},"featured_media":29830,"comment_status":"open","ping_status":"closed","template":"","meta":{"_acf_changed":false},"product_brand":[],"product_cat":[1353,1744],"product_tag":[],"class_list":{"0":"post-29671","1":"product","2":"type-product","3":"status-publish","4":"has-post-thumbnail","6":"product_cat-ersatzglaeser","7":"product_cat-oakley-ersatzglaeser","8":"sales-flash-overlay","9":"woocommerce-text-align-center","10":"woocommerce-image-align-center","11":"do-quantity-buttons","13":"first","14":"instock","15":"taxable","16":"shipping-taxable","17":"purchasable","18":"product-type-variable"},"acf":[],"_links":{"self":[{"href":"https:\/\/sunglassrevivers.com\/de\/wp-json\/wp\/v2\/product\/29671","targetHints":{"allow":["GET"]}}],"collection":[{"href":"https:\/\/sunglassrevivers.com\/de\/wp-json\/wp\/v2\/product"}],"about":[{"href":"https:\/\/sunglassrevivers.com\/de\/wp-json\/wp\/v2\/types\/product"}],"replies":[{"embeddable":true,"href":"https:\/\/sunglassrevivers.com\/de\/wp-json\/wp\/v2\/comments?post=29671"}],"version-history":[{"count":2,"href":"https:\/\/sunglassrevivers.com\/de\/wp-json\/wp\/v2\/product\/29671\/revisions"}],"predecessor-version":[{"id":30619,"href":"https:\/\/sunglassrevivers.com\/de\/wp-json\/wp\/v2\/product\/29671\/revisions\/30619"}],"wp:featuredmedia":[{"embeddable":true,"href":"https:\/\/sunglassrevivers.com\/de\/wp-json\/wp\/v2\/media\/29830"}],"wp:attachment":[{"href":"https:\/\/sunglassrevivers.com\/de\/wp-json\/wp\/v2\/media?parent=29671"}],"wp:term":[{"taxonomy":"product_brand","embeddable":true,"href":"https:\/\/sunglassrevivers.com\/de\/wp-json\/wp\/v2\/product_brand?post=29671"},{"taxonomy":"product_cat","embeddable":true,"href":"https:\/\/sunglassrevivers.com\/de\/wp-json\/wp\/v2\/product_cat?post=29671"},{"taxonomy":"product_tag","embeddable":true,"href":"https:\/\/sunglassrevivers.com\/de\/wp-json\/wp\/v2\/product_tag?post=29671"}],"curies":[{"name":"wp","href":"https:\/\/api.w.org\/{rel}","templated":true}]}}