{"id":29679,"date":"2025-08-18T17:32:25","date_gmt":"2025-08-18T16:32:25","guid":{"rendered":"https:\/\/sunglassrevivers.com\/de\/?post_type=product&#038;p=29679"},"modified":"2025-11-13T13:36:45","modified_gmt":"2025-11-13T12:36:45","slug":"ersatzglaeser-fuer-oakley-9449-gibston","status":"publish","type":"product","link":"https:\/\/sunglassrevivers.com\/de\/produkt\/ersatzglaeser-fuer-oakley-9449-gibston\/","title":{"rendered":"Ersatzgl\u00e4ser f\u00fcr Oakley 9449 GIBSTON"},"content":{"rendered":"<p>Entdecken Sie die <strong>Ersatzgl\u00e4ser f\u00fcr Oakley 9449 GIBSTON<\/strong>, das perfekte Accessoire, um Ihren Stil und die Klarheit der Sicht scharf zu halten. Speziell f\u00fcr das Modell 9449 GIBSTON entwickelt, bieten diese Ersatzgl\u00e4ser eine einzigartige L\u00f6sung f\u00fcr alle, die ihre Lieblingssonnenbrille ohne Qualit\u00e4tsverlust erneuern m\u00f6chten.<\/p>\n<ul>\n<li><strong>Rechteckige Form:<\/strong> Erg\u00e4nzt perfekt das klassische Design des GIBSTON-Modells und sorgt f\u00fcr eine moderne und vielseitige \u00c4sthetik.<\/li>\n<li><strong>38 mm H\u00f6he und 65 mm Durchmesser:<\/strong> Sorgen f\u00fcr einen bequemen und sicheren Sitz im Alltag.<\/li>\n<li><strong>Basis 8 Kr\u00fcmmung:<\/strong> Bietet eine umlaufende Abdeckung und maximiert den Schutz vor UV-Strahlen und Wind.<\/li>\n<li><strong>Premium-Materialien:<\/strong> Hergestellt aus TAC und Polycarbonat, gew\u00e4hrleisten Strapazierf\u00e4higkeit und Schlagfestigkeit, ideal f\u00fcr Outdoor-Aktivit\u00e4ten.<\/li>\n<\/ul>\n<p>W\u00e4hlen Sie diese Ersatzgl\u00e4ser f\u00fcr Oakley 9449 GIBSTON und genie\u00dfen Sie kristallklare Sicht, verzerrungsfrei, mit der Sicherheit, in jeder Umgebung gesch\u00fctzt zu sein. Perfekt f\u00fcr alle, die Innovation und hochqualitatives Design sch\u00e4tzen; diese Gl\u00e4ser verbessern nicht nur Ihre Sonnenbrille, sondern st\u00e4rken auch Ihr Seherlebnis.Das Produkt Ersatzgl\u00e4ser f\u00fcr Oakley 9449 GIBSTON ist kein Originalprodukt, das von Oakley\u00ae hergestellt oder unterst\u00fctzt wird, sofern in der Produktbeschreibung nicht anders angegeben. Sunglass Revivers ist nicht mit Oakley\u00ae oder der Luxottica Group verbunden, assoziiert oder von ihnen gesponsert.<\/p>\n","protected":false},"excerpt":{"rendered":"<p>Entdecken Sie die Ersatzgl\u00e4ser f\u00fcr Oakley 9449 GIBSTON, das perfekte Accessoire, um Ihren Stil und die Klarheit der Sicht scharf zu halten. Speziell f\u00fcr das Modell 9449 GIBSTON entwickelt, bieten diese Ersatzgl\u00e4ser eine einzigartige L\u00f6sung f\u00fcr alle, die ihre Lieblingssonnenbrille ohne Qualit\u00e4tsverlust erneuern m\u00f6chten. Rechteckige Form: Erg\u00e4nzt perfekt das klassische Design des GIBSTON-Modells und sorgt &#8230; <a title=\"Ersatzgl\u00e4ser f\u00fcr Oakley 9449 GIBSTON\" class=\"read-more\" href=\"https:\/\/sunglassrevivers.com\/de\/produkt\/ersatzglaeser-fuer-oakley-9449-gibston\/\" aria-label=\"Mehr Informationen \u00fcber Ersatzgl\u00e4ser f\u00fcr Oakley 9449 GIBSTON\">Weiterlesen &#8230;<\/a><\/p>\n","protected":false},"featured_media":29845,"comment_status":"open","ping_status":"closed","template":"","meta":{"_acf_changed":false},"product_brand":[],"product_cat":[1353,1744],"product_tag":[],"class_list":{"0":"post-29679","1":"product","2":"type-product","3":"status-publish","4":"has-post-thumbnail","6":"product_cat-ersatzglaeser","7":"product_cat-oakley-ersatzglaeser","8":"sales-flash-overlay","9":"woocommerce-text-align-center","10":"woocommerce-image-align-center","11":"do-quantity-buttons","13":"first","14":"instock","15":"taxable","16":"shipping-taxable","17":"purchasable","18":"product-type-variable"},"acf":[],"_links":{"self":[{"href":"https:\/\/sunglassrevivers.com\/de\/wp-json\/wp\/v2\/product\/29679","targetHints":{"allow":["GET"]}}],"collection":[{"href":"https:\/\/sunglassrevivers.com\/de\/wp-json\/wp\/v2\/product"}],"about":[{"href":"https:\/\/sunglassrevivers.com\/de\/wp-json\/wp\/v2\/types\/product"}],"replies":[{"embeddable":true,"href":"https:\/\/sunglassrevivers.com\/de\/wp-json\/wp\/v2\/comments?post=29679"}],"version-history":[{"count":2,"href":"https:\/\/sunglassrevivers.com\/de\/wp-json\/wp\/v2\/product\/29679\/revisions"}],"predecessor-version":[{"id":30623,"href":"https:\/\/sunglassrevivers.com\/de\/wp-json\/wp\/v2\/product\/29679\/revisions\/30623"}],"wp:featuredmedia":[{"embeddable":true,"href":"https:\/\/sunglassrevivers.com\/de\/wp-json\/wp\/v2\/media\/29845"}],"wp:attachment":[{"href":"https:\/\/sunglassrevivers.com\/de\/wp-json\/wp\/v2\/media?parent=29679"}],"wp:term":[{"taxonomy":"product_brand","embeddable":true,"href":"https:\/\/sunglassrevivers.com\/de\/wp-json\/wp\/v2\/product_brand?post=29679"},{"taxonomy":"product_cat","embeddable":true,"href":"https:\/\/sunglassrevivers.com\/de\/wp-json\/wp\/v2\/product_cat?post=29679"},{"taxonomy":"product_tag","embeddable":true,"href":"https:\/\/sunglassrevivers.com\/de\/wp-json\/wp\/v2\/product_tag?post=29679"}],"curies":[{"name":"wp","href":"https:\/\/api.w.org\/{rel}","templated":true}]}}