{"id":29681,"date":"2025-08-18T17:33:22","date_gmt":"2025-08-18T16:33:22","guid":{"rendered":"https:\/\/sunglassrevivers.com\/de\/?post_type=product&#038;p=29681"},"modified":"2025-11-13T13:36:46","modified_gmt":"2025-11-13T12:36:46","slug":"ersatzglaeser-fuer-oakley-9430-actuator-sq","status":"publish","type":"product","link":"https:\/\/sunglassrevivers.com\/de\/produkt\/ersatzglaeser-fuer-oakley-9430-actuator-sq\/","title":{"rendered":"Ersatzgl\u00e4ser f\u00fcr Oakley 9430 ACTUATOR SQ"},"content":{"rendered":"<p>Mit den <strong>Ersatzgl\u00e4ser f\u00fcr Oakley 9430 ACTUATOR SQ<\/strong> verleihen Sie Ihrer Lieblingsbrille neues Leben. Das rechteckige Design bietet hervorragende Abdeckung und angenehmen Sitz. Hergestellt aus hochwertigen Materialien wie TAC und Polycarbonat, bieten diese Gl\u00e4ser Langlebigkeit und Schlagfestigkeit, perfekt f\u00fcr Sport oder den t\u00e4glichen Gebrauch.<\/p>\n<ul>\n<li><strong>Form:<\/strong> Rechteckig<\/li>\n<li><strong>H\u00f6he:<\/strong> 46<\/li>\n<li><strong>Durchmesser:<\/strong> 64<\/li>\n<li><strong>Basiskurve:<\/strong> 4<\/li>\n<\/ul>\n<p>Ersatzgl\u00e4ser f\u00fcr Oakley 9430 ACTUATOR SQ verbessern nicht nur das Aussehen Ihrer Brille, sondern steigern auch die Sehsch\u00e4rfe und den UV-Schutz. Ideal, um selbst bei starkem Sonnenlicht klare Sicht zu behalten. Aktualisieren Sie Ihre Sonnenbrille stilvoll und funktional mit Ersatzgl\u00e4ser f\u00fcr Oakley 9430 ACTUATOR SQ.Das Produkt Ersatzgl\u00e4ser f\u00fcr Oakley 9430 ACTUATOR SQ ist kein Originalprodukt, das von Oakley\u00ae hergestellt oder unterst\u00fctzt wird, sofern in der Produktbeschreibung nicht anders angegeben. Sunglass Revivers ist nicht mit Oakley\u00ae oder der Luxottica Group verbunden, assoziiert oder von ihnen gesponsert.<\/p>\n","protected":false},"excerpt":{"rendered":"<p>Mit den Ersatzgl\u00e4ser f\u00fcr Oakley 9430 ACTUATOR SQ verleihen Sie Ihrer Lieblingsbrille neues Leben. Das rechteckige Design bietet hervorragende Abdeckung und angenehmen Sitz. Hergestellt aus hochwertigen Materialien wie TAC und Polycarbonat, bieten diese Gl\u00e4ser Langlebigkeit und Schlagfestigkeit, perfekt f\u00fcr Sport oder den t\u00e4glichen Gebrauch. Form: Rechteckig H\u00f6he: 46 Durchmesser: 64 Basiskurve: 4 Ersatzgl\u00e4ser f\u00fcr Oakley &#8230; <a title=\"Ersatzgl\u00e4ser f\u00fcr Oakley 9430 ACTUATOR SQ\" class=\"read-more\" href=\"https:\/\/sunglassrevivers.com\/de\/produkt\/ersatzglaeser-fuer-oakley-9430-actuator-sq\/\" aria-label=\"Mehr Informationen \u00fcber Ersatzgl\u00e4ser f\u00fcr Oakley 9430 ACTUATOR SQ\">Weiterlesen &#8230;<\/a><\/p>\n","protected":false},"featured_media":29821,"comment_status":"open","ping_status":"closed","template":"","meta":{"_acf_changed":false},"product_brand":[],"product_cat":[1353,1744],"product_tag":[],"class_list":{"0":"post-29681","1":"product","2":"type-product","3":"status-publish","4":"has-post-thumbnail","6":"product_cat-ersatzglaeser","7":"product_cat-oakley-ersatzglaeser","8":"sales-flash-overlay","9":"woocommerce-text-align-center","10":"woocommerce-image-align-center","11":"do-quantity-buttons","13":"first","14":"instock","15":"taxable","16":"shipping-taxable","17":"purchasable","18":"product-type-variable"},"acf":[],"_links":{"self":[{"href":"https:\/\/sunglassrevivers.com\/de\/wp-json\/wp\/v2\/product\/29681","targetHints":{"allow":["GET"]}}],"collection":[{"href":"https:\/\/sunglassrevivers.com\/de\/wp-json\/wp\/v2\/product"}],"about":[{"href":"https:\/\/sunglassrevivers.com\/de\/wp-json\/wp\/v2\/types\/product"}],"replies":[{"embeddable":true,"href":"https:\/\/sunglassrevivers.com\/de\/wp-json\/wp\/v2\/comments?post=29681"}],"version-history":[{"count":2,"href":"https:\/\/sunglassrevivers.com\/de\/wp-json\/wp\/v2\/product\/29681\/revisions"}],"predecessor-version":[{"id":30624,"href":"https:\/\/sunglassrevivers.com\/de\/wp-json\/wp\/v2\/product\/29681\/revisions\/30624"}],"wp:featuredmedia":[{"embeddable":true,"href":"https:\/\/sunglassrevivers.com\/de\/wp-json\/wp\/v2\/media\/29821"}],"wp:attachment":[{"href":"https:\/\/sunglassrevivers.com\/de\/wp-json\/wp\/v2\/media?parent=29681"}],"wp:term":[{"taxonomy":"product_brand","embeddable":true,"href":"https:\/\/sunglassrevivers.com\/de\/wp-json\/wp\/v2\/product_brand?post=29681"},{"taxonomy":"product_cat","embeddable":true,"href":"https:\/\/sunglassrevivers.com\/de\/wp-json\/wp\/v2\/product_cat?post=29681"},{"taxonomy":"product_tag","embeddable":true,"href":"https:\/\/sunglassrevivers.com\/de\/wp-json\/wp\/v2\/product_tag?post=29681"}],"curies":[{"name":"wp","href":"https:\/\/api.w.org\/{rel}","templated":true}]}}