{"id":29689,"date":"2025-08-18T17:37:41","date_gmt":"2025-08-18T16:37:41","guid":{"rendered":"https:\/\/sunglassrevivers.com\/de\/?post_type=product&#038;p=29689"},"modified":"2025-11-13T13:36:46","modified_gmt":"2025-11-13T12:36:46","slug":"ersatzglaeser-fuer-oakley-9491-belleville","status":"publish","type":"product","link":"https:\/\/sunglassrevivers.com\/de\/produkt\/ersatzglaeser-fuer-oakley-9491-belleville\/","title":{"rendered":"Ersatzgl\u00e4ser f\u00fcr Oakley 9491 BELLEVILLE"},"content":{"rendered":"<p>Die <strong>Ersatzgl\u00e4ser f\u00fcr Oakley 9491 BELLEVILLE<\/strong> sind die ideale Wahl f\u00fcr alle, die ihr Seherlebnis verbessern m\u00f6chten, ohne auf Stil zu verzichten. Diese Gl\u00e4ser zeichnen sich durch ihre rechteckige Form aus, die ein breites Sichtfeld bietet. Mit einer H\u00f6he von 40 mm und einem Durchmesser von 64 mm bieten sie eine optimale Abdeckung, die eine klare Wahrnehmung jeder Ansicht gew\u00e4hrleistet.<\/p>\n<p>Hergestellt aus hochwertigen Materialien wie <strong>TAC und Polycarbonat<\/strong>, garantieren diese Gl\u00e4ser au\u00dfergew\u00f6hnliche Haltbarkeit und Schlagfestigkeit. Ihre Basiskr\u00fcmmung von 8 erm\u00f6glicht eine bessere Gesichtsanpassung und bietet jederzeit Komfort. Die <em>Ersatzgl\u00e4ser f\u00fcr Oakley 9491 BELLEVILLE<\/em> sind nicht nur funktional, sondern bieten auch eine moderne und anspruchsvolle \u00c4sthetik.<\/p>\n<ul>\n<li><strong>Schutz<\/strong>: Maximieren Sie den Schutz vor sch\u00e4dlichen UV-Strahlen und sch\u00fctzen Sie Ihre Augen auch unter extremsten Bedingungen.<\/li>\n<li><strong>Komfort<\/strong>: Dank ihres ergonomischen Designs passen sie perfekt zum Gesicht und sind ideal f\u00fcr lange Nutzungstage.<\/li>\n<li><strong>Stil<\/strong>: Ihr elegantes Design erg\u00e4nzt jeden Stil und macht sie zu einem unverzichtbaren Accessoire.<\/li>\n<\/ul>\n<p>W\u00e4hlen Sie die <strong>Ersatzgl\u00e4ser f\u00fcr Oakley 9491 BELLEVILLE<\/strong> und erleben Sie die perfekte Verschmelzung von Qualit\u00e4t, Komfort und Stil.Das Produkt Ersatzgl\u00e4ser f\u00fcr Oakley 9491 BELLEVILLE ist kein Originalprodukt, das von Oakley\u00ae hergestellt oder unterst\u00fctzt wird, sofern in der Produktbeschreibung nicht anders angegeben. Sunglass Revivers ist nicht mit Oakley\u00ae oder der Luxottica Group verbunden, assoziiert oder von ihnen gesponsert.<\/p>\n","protected":false},"excerpt":{"rendered":"<p>Die Ersatzgl\u00e4ser f\u00fcr Oakley 9491 BELLEVILLE sind die ideale Wahl f\u00fcr alle, die ihr Seherlebnis verbessern m\u00f6chten, ohne auf Stil zu verzichten. Diese Gl\u00e4ser zeichnen sich durch ihre rechteckige Form aus, die ein breites Sichtfeld bietet. Mit einer H\u00f6he von 40 mm und einem Durchmesser von 64 mm bieten sie eine optimale Abdeckung, die eine &#8230; <a title=\"Ersatzgl\u00e4ser f\u00fcr Oakley 9491 BELLEVILLE\" class=\"read-more\" href=\"https:\/\/sunglassrevivers.com\/de\/produkt\/ersatzglaeser-fuer-oakley-9491-belleville\/\" aria-label=\"Mehr Informationen \u00fcber Ersatzgl\u00e4ser f\u00fcr Oakley 9491 BELLEVILLE\">Weiterlesen &#8230;<\/a><\/p>\n","protected":false},"featured_media":29796,"comment_status":"open","ping_status":"closed","template":"","meta":{"_acf_changed":false},"product_brand":[],"product_cat":[1353,1744],"product_tag":[],"class_list":{"0":"post-29689","1":"product","2":"type-product","3":"status-publish","4":"has-post-thumbnail","6":"product_cat-ersatzglaeser","7":"product_cat-oakley-ersatzglaeser","8":"sales-flash-overlay","9":"woocommerce-text-align-center","10":"woocommerce-image-align-center","11":"do-quantity-buttons","13":"first","14":"instock","15":"taxable","16":"shipping-taxable","17":"purchasable","18":"product-type-variable"},"acf":[],"_links":{"self":[{"href":"https:\/\/sunglassrevivers.com\/de\/wp-json\/wp\/v2\/product\/29689","targetHints":{"allow":["GET"]}}],"collection":[{"href":"https:\/\/sunglassrevivers.com\/de\/wp-json\/wp\/v2\/product"}],"about":[{"href":"https:\/\/sunglassrevivers.com\/de\/wp-json\/wp\/v2\/types\/product"}],"replies":[{"embeddable":true,"href":"https:\/\/sunglassrevivers.com\/de\/wp-json\/wp\/v2\/comments?post=29689"}],"version-history":[{"count":2,"href":"https:\/\/sunglassrevivers.com\/de\/wp-json\/wp\/v2\/product\/29689\/revisions"}],"predecessor-version":[{"id":30628,"href":"https:\/\/sunglassrevivers.com\/de\/wp-json\/wp\/v2\/product\/29689\/revisions\/30628"}],"wp:featuredmedia":[{"embeddable":true,"href":"https:\/\/sunglassrevivers.com\/de\/wp-json\/wp\/v2\/media\/29796"}],"wp:attachment":[{"href":"https:\/\/sunglassrevivers.com\/de\/wp-json\/wp\/v2\/media?parent=29689"}],"wp:term":[{"taxonomy":"product_brand","embeddable":true,"href":"https:\/\/sunglassrevivers.com\/de\/wp-json\/wp\/v2\/product_brand?post=29689"},{"taxonomy":"product_cat","embeddable":true,"href":"https:\/\/sunglassrevivers.com\/de\/wp-json\/wp\/v2\/product_cat?post=29689"},{"taxonomy":"product_tag","embeddable":true,"href":"https:\/\/sunglassrevivers.com\/de\/wp-json\/wp\/v2\/product_tag?post=29689"}],"curies":[{"name":"wp","href":"https:\/\/api.w.org\/{rel}","templated":true}]}}