{"id":29691,"date":"2025-08-18T17:38:30","date_gmt":"2025-08-18T16:38:30","guid":{"rendered":"https:\/\/sunglassrevivers.com\/de\/?post_type=product&#038;p=29691"},"modified":"2025-11-13T13:36:46","modified_gmt":"2025-11-13T12:36:46","slug":"ersatzglaeser-fuer-oakley-9436-latch-beta","status":"publish","type":"product","link":"https:\/\/sunglassrevivers.com\/de\/produkt\/ersatzglaeser-fuer-oakley-9436-latch-beta\/","title":{"rendered":"Ersatzgl\u00e4ser f\u00fcr Oakley 9436 LATCH BETA"},"content":{"rendered":"<p>Erleben Sie au\u00dfergew\u00f6hnliche Sehsch\u00e4rfe mit den <strong>Ersatzgl\u00e4sern f\u00fcr Oakley 9436 LATCH BETA<\/strong>. Diese Gl\u00e4ser sind f\u00fcr Ihren aktiven Lebensstil konzipiert und bieten herausragende Haltbarkeit und ein optimales visuelles Erlebnis. Egal, ob Sie Sport im Freien betreiben oder einen entspannten Spaziergang machen, diese Gl\u00e4ser gew\u00e4hrleisten dank ihrer rechteckigen Form, die perfekt zu Ihren Oakley-Rahmen passt, \u00fcberlegenen Schutz.<\/p>\n<ul>\n<li>Modell: 9436 &#8211; LATCH BETA<\/li>\n<li>Form: Rechteckig<\/li>\n<li>H\u00f6he: 45 mm<\/li>\n<li>Durchmesser: 60 mm<\/li>\n<li>Kr\u00fcmmung: Basis 6<\/li>\n<li>Glasmaterial: TAC, Polycarbonat<\/li>\n<\/ul>\n<p>Das Material aus TAC und Polycarbonat sorgt f\u00fcr au\u00dfergew\u00f6hnliche Schlagfestigkeit, w\u00e4hrend die Basis-6-Kr\u00fcmmung eine umfassende Abdeckung bietet, die sch\u00e4dliche UV-Strahlen blockiert. Die <strong>Ersatzgl\u00e4ser f\u00fcr Oakley 9436 LATCH BETA<\/strong> sind die perfekte Wahl f\u00fcr alle, die Langlebigkeit suchen, ohne auf Stil zu verzichten. Erweitern Sie Ihre Oakley-Brillen mit diesen Ersatzgl\u00e4sern und verbessern Sie Ihr Seherlebnis.Das Produkt Ersatzgl\u00e4ser f\u00fcr Oakley 9436 LATCH BETA ist kein Originalprodukt, das von Oakley\u00ae hergestellt oder unterst\u00fctzt wird, sofern in der Produktbeschreibung nicht anders angegeben. Sunglass Revivers ist nicht mit Oakley\u00ae oder der Luxottica Group verbunden, assoziiert oder von ihnen gesponsert.<\/p>\n","protected":false},"excerpt":{"rendered":"<p>Erleben Sie au\u00dfergew\u00f6hnliche Sehsch\u00e4rfe mit den Ersatzgl\u00e4sern f\u00fcr Oakley 9436 LATCH BETA. Diese Gl\u00e4ser sind f\u00fcr Ihren aktiven Lebensstil konzipiert und bieten herausragende Haltbarkeit und ein optimales visuelles Erlebnis. Egal, ob Sie Sport im Freien betreiben oder einen entspannten Spaziergang machen, diese Gl\u00e4ser gew\u00e4hrleisten dank ihrer rechteckigen Form, die perfekt zu Ihren Oakley-Rahmen passt, \u00fcberlegenen &#8230; <a title=\"Ersatzgl\u00e4ser f\u00fcr Oakley 9436 LATCH BETA\" class=\"read-more\" href=\"https:\/\/sunglassrevivers.com\/de\/produkt\/ersatzglaeser-fuer-oakley-9436-latch-beta\/\" aria-label=\"Mehr Informationen \u00fcber Ersatzgl\u00e4ser f\u00fcr Oakley 9436 LATCH BETA\">Weiterlesen &#8230;<\/a><\/p>\n","protected":false},"featured_media":29825,"comment_status":"open","ping_status":"closed","template":"","meta":{"_acf_changed":false},"product_brand":[],"product_cat":[1353,1744],"product_tag":[],"class_list":{"0":"post-29691","1":"product","2":"type-product","3":"status-publish","4":"has-post-thumbnail","6":"product_cat-ersatzglaeser","7":"product_cat-oakley-ersatzglaeser","8":"sales-flash-overlay","9":"woocommerce-text-align-center","10":"woocommerce-image-align-center","11":"do-quantity-buttons","13":"first","14":"instock","15":"taxable","16":"shipping-taxable","17":"purchasable","18":"product-type-variable"},"acf":[],"_links":{"self":[{"href":"https:\/\/sunglassrevivers.com\/de\/wp-json\/wp\/v2\/product\/29691","targetHints":{"allow":["GET"]}}],"collection":[{"href":"https:\/\/sunglassrevivers.com\/de\/wp-json\/wp\/v2\/product"}],"about":[{"href":"https:\/\/sunglassrevivers.com\/de\/wp-json\/wp\/v2\/types\/product"}],"replies":[{"embeddable":true,"href":"https:\/\/sunglassrevivers.com\/de\/wp-json\/wp\/v2\/comments?post=29691"}],"version-history":[{"count":2,"href":"https:\/\/sunglassrevivers.com\/de\/wp-json\/wp\/v2\/product\/29691\/revisions"}],"predecessor-version":[{"id":30629,"href":"https:\/\/sunglassrevivers.com\/de\/wp-json\/wp\/v2\/product\/29691\/revisions\/30629"}],"wp:featuredmedia":[{"embeddable":true,"href":"https:\/\/sunglassrevivers.com\/de\/wp-json\/wp\/v2\/media\/29825"}],"wp:attachment":[{"href":"https:\/\/sunglassrevivers.com\/de\/wp-json\/wp\/v2\/media?parent=29691"}],"wp:term":[{"taxonomy":"product_brand","embeddable":true,"href":"https:\/\/sunglassrevivers.com\/de\/wp-json\/wp\/v2\/product_brand?post=29691"},{"taxonomy":"product_cat","embeddable":true,"href":"https:\/\/sunglassrevivers.com\/de\/wp-json\/wp\/v2\/product_cat?post=29691"},{"taxonomy":"product_tag","embeddable":true,"href":"https:\/\/sunglassrevivers.com\/de\/wp-json\/wp\/v2\/product_tag?post=29691"}],"curies":[{"name":"wp","href":"https:\/\/api.w.org\/{rel}","templated":true}]}}