{"id":29693,"date":"2025-08-18T17:39:45","date_gmt":"2025-08-18T16:39:45","guid":{"rendered":"https:\/\/sunglassrevivers.com\/de\/?post_type=product&#038;p=29693"},"modified":"2025-11-13T13:36:46","modified_gmt":"2025-11-13T12:36:46","slug":"ersatzglaeser-fuer-oakley-9448-sylas","status":"publish","type":"product","link":"https:\/\/sunglassrevivers.com\/de\/produkt\/ersatzglaeser-fuer-oakley-9448-sylas\/","title":{"rendered":"Ersatzgl\u00e4ser f\u00fcr Oakley 9448 SYLAS"},"content":{"rendered":"<p>Die <strong>Ersatzgl\u00e4ser f\u00fcr Oakley 9448 SYLAS<\/strong> sind darauf ausgelegt, maximale optische Klarheit und Haltbarkeit zu bieten. Diese Gl\u00e4ser verbessern nicht nur die Leistung Ihrer Sonnenbrille, sondern erneuern auch Ihren Stil mit ihrem modernen rechteckigen Design.<\/p>\n<p><strong>Hauptmerkmale:<\/strong><\/p>\n<ul>\n<li>Modell: 9448- SYLAS.<\/li>\n<li>Form: Rechteckig, ideal f\u00fcr einen pr\u00e4zisen Sitz und einen k\u00fchnen Look.<\/li>\n<li>Material: Hochwertiges TAC und Polycarbonat, gew\u00e4hrleistet St\u00e4rke und Sto\u00dfschutz.<\/li>\n<li>Kr\u00fcmmung: Basis 6, bietet komfortables und anpassungsf\u00e4higes Tragen.<\/li>\n<li>Abmessungen: H\u00f6he 42 und Durchmesser 63, gew\u00e4hrleistet ein ausgezeichnetes Sichtfeld.<\/li>\n<\/ul>\n<p>Diese <strong>Ersatzgl\u00e4ser f\u00fcr Oakley 9448 SYLAS<\/strong> sind die ideale Wahl f\u00fcr alle, die hohe Leistung und Komfort suchen. F\u00fcr sportliche und urbane Lebensstile entwickelt, bieten sie au\u00dfergew\u00f6hnlichen Augenschutz.<\/p>\n<p>Verwandeln Sie Ihre Oakley-Sonnenbrille mit den <strong>Ersatzgl\u00e4ser f\u00fcr Oakley 9448 SYLAS<\/strong> und erleben Sie die perfekte Kombination aus Technologie und Design, die nur Oakley bietet.Das Produkt Ersatzgl\u00e4ser f\u00fcr Oakley 9448 SYLAS ist kein Originalprodukt, das von Oakley\u00ae hergestellt oder unterst\u00fctzt wird, sofern in der Produktbeschreibung nicht anders angegeben. Sunglass Revivers ist nicht mit Oakley\u00ae oder der Luxottica Group verbunden, assoziiert oder von ihnen gesponsert.<\/p>\n","protected":false},"excerpt":{"rendered":"<p>Die Ersatzgl\u00e4ser f\u00fcr Oakley 9448 SYLAS sind darauf ausgelegt, maximale optische Klarheit und Haltbarkeit zu bieten. Diese Gl\u00e4ser verbessern nicht nur die Leistung Ihrer Sonnenbrille, sondern erneuern auch Ihren Stil mit ihrem modernen rechteckigen Design. Hauptmerkmale: Modell: 9448- SYLAS. Form: Rechteckig, ideal f\u00fcr einen pr\u00e4zisen Sitz und einen k\u00fchnen Look. Material: Hochwertiges TAC und Polycarbonat, &#8230; <a title=\"Ersatzgl\u00e4ser f\u00fcr Oakley 9448 SYLAS\" class=\"read-more\" href=\"https:\/\/sunglassrevivers.com\/de\/produkt\/ersatzglaeser-fuer-oakley-9448-sylas\/\" aria-label=\"Mehr Informationen \u00fcber Ersatzgl\u00e4ser f\u00fcr Oakley 9448 SYLAS\">Weiterlesen &#8230;<\/a><\/p>\n","protected":false},"featured_media":29873,"comment_status":"open","ping_status":"closed","template":"","meta":{"_acf_changed":false},"product_brand":[],"product_cat":[1353,1744],"product_tag":[],"class_list":{"0":"post-29693","1":"product","2":"type-product","3":"status-publish","4":"has-post-thumbnail","6":"product_cat-ersatzglaeser","7":"product_cat-oakley-ersatzglaeser","8":"sales-flash-overlay","9":"woocommerce-text-align-center","10":"woocommerce-image-align-center","11":"do-quantity-buttons","13":"first","14":"instock","15":"taxable","16":"shipping-taxable","17":"purchasable","18":"product-type-variable"},"acf":[],"_links":{"self":[{"href":"https:\/\/sunglassrevivers.com\/de\/wp-json\/wp\/v2\/product\/29693","targetHints":{"allow":["GET"]}}],"collection":[{"href":"https:\/\/sunglassrevivers.com\/de\/wp-json\/wp\/v2\/product"}],"about":[{"href":"https:\/\/sunglassrevivers.com\/de\/wp-json\/wp\/v2\/types\/product"}],"replies":[{"embeddable":true,"href":"https:\/\/sunglassrevivers.com\/de\/wp-json\/wp\/v2\/comments?post=29693"}],"version-history":[{"count":2,"href":"https:\/\/sunglassrevivers.com\/de\/wp-json\/wp\/v2\/product\/29693\/revisions"}],"predecessor-version":[{"id":30630,"href":"https:\/\/sunglassrevivers.com\/de\/wp-json\/wp\/v2\/product\/29693\/revisions\/30630"}],"wp:featuredmedia":[{"embeddable":true,"href":"https:\/\/sunglassrevivers.com\/de\/wp-json\/wp\/v2\/media\/29873"}],"wp:attachment":[{"href":"https:\/\/sunglassrevivers.com\/de\/wp-json\/wp\/v2\/media?parent=29693"}],"wp:term":[{"taxonomy":"product_brand","embeddable":true,"href":"https:\/\/sunglassrevivers.com\/de\/wp-json\/wp\/v2\/product_brand?post=29693"},{"taxonomy":"product_cat","embeddable":true,"href":"https:\/\/sunglassrevivers.com\/de\/wp-json\/wp\/v2\/product_cat?post=29693"},{"taxonomy":"product_tag","embeddable":true,"href":"https:\/\/sunglassrevivers.com\/de\/wp-json\/wp\/v2\/product_tag?post=29693"}],"curies":[{"name":"wp","href":"https:\/\/api.w.org\/{rel}","templated":true}]}}