{"id":29699,"date":"2025-08-18T17:43:07","date_gmt":"2025-08-18T16:43:07","guid":{"rendered":"https:\/\/sunglassrevivers.com\/de\/?post_type=product&#038;p=29699"},"modified":"2025-11-13T13:36:46","modified_gmt":"2025-11-13T12:36:46","slug":"ersatzglaeser-fuer-oakley-4124-gauge-8","status":"publish","type":"product","link":"https:\/\/sunglassrevivers.com\/de\/produkt\/ersatzglaeser-fuer-oakley-4124-gauge-8\/","title":{"rendered":"Ersatzgl\u00e4ser f\u00fcr Oakley 4124 GAUGE 8"},"content":{"rendered":"<p>Entdecken Sie die beste M\u00f6glichkeit, Ihre Brillen mit den <strong>Ersatzgl\u00e4ser f\u00fcr Oakley 4124 GAUGE 8<\/strong> zu revitalisieren. Entwickelt, um klare Sicht und herausragenden Schutz zu bieten, sind diese Gl\u00e4ser die ideale Wahl f\u00fcr alle, die nach der perfekten Kombination aus Stil und Funktionalit\u00e4t suchen.<\/p>\n<p>Wichtige Merkmale dieser Gl\u00e4ser umfassen:<\/p>\n<ul>\n<li><strong>Modell 4124- GAUGE 8<\/strong>: Speziell f\u00fcr dieses Modell entwickelt, um eine perfekte Passform sicherzustellen.<\/li>\n<li><strong>Rechteckige Form<\/strong>: Bietet vollst\u00e4ndige Abdeckung, ideal f\u00fcr einen modernen und eleganten Look.<\/li>\n<li><strong>H\u00f6he von 42 mm und Durchmesser von 63 mm<\/strong>: Pr\u00e4zise Abmessungen f\u00fcr ein verbessertes visuelles Erlebnis.<\/li>\n<li><strong>Basis 8 Kr\u00fcmmung<\/strong>: Bietet eine Panorama- und Rundumsicht.<\/li>\n<li><strong>Hochwertige Materialien<\/strong>: Erh\u00e4ltlich in TAC und Polycarbonat, gew\u00e4hrleisten Haltbarkeit und Schlagfestigkeit.<\/li>\n<\/ul>\n<p>Mit den <strong>Ersatzgl\u00e4ser f\u00fcr Oakley 4124 GAUGE 8<\/strong> stellen Sie nicht nur die Funktionalit\u00e4t Ihrer Brille wieder her, sondern verbessern auch deren optische Leistung. Perfekt f\u00fcr Sport oder den t\u00e4glichen Gebrauch, sind diese Gl\u00e4ser der Partner, den Sie brauchen, um sich vor der Sonne zu sch\u00fctzen und jederzeit visuelle Klarheit zu genie\u00dfen.Das Produkt Ersatzgl\u00e4ser f\u00fcr Oakley 4124 GAUGE 8 ist kein Originalprodukt, das von Oakley\u00ae hergestellt oder unterst\u00fctzt wird, sofern in der Produktbeschreibung nicht anders angegeben. Sunglass Revivers ist nicht mit Oakley\u00ae oder der Luxottica Group verbunden, assoziiert oder von ihnen gesponsert.<\/p>\n","protected":false},"excerpt":{"rendered":"<p>Entdecken Sie die beste M\u00f6glichkeit, Ihre Brillen mit den Ersatzgl\u00e4ser f\u00fcr Oakley 4124 GAUGE 8 zu revitalisieren. Entwickelt, um klare Sicht und herausragenden Schutz zu bieten, sind diese Gl\u00e4ser die ideale Wahl f\u00fcr alle, die nach der perfekten Kombination aus Stil und Funktionalit\u00e4t suchen. Wichtige Merkmale dieser Gl\u00e4ser umfassen: Modell 4124- GAUGE 8: Speziell f\u00fcr &#8230; <a title=\"Ersatzgl\u00e4ser f\u00fcr Oakley 4124 GAUGE 8\" class=\"read-more\" href=\"https:\/\/sunglassrevivers.com\/de\/produkt\/ersatzglaeser-fuer-oakley-4124-gauge-8\/\" aria-label=\"Mehr Informationen \u00fcber Ersatzgl\u00e4ser f\u00fcr Oakley 4124 GAUGE 8\">Weiterlesen &#8230;<\/a><\/p>\n","protected":false},"featured_media":29853,"comment_status":"open","ping_status":"closed","template":"","meta":{"_acf_changed":false},"product_brand":[],"product_cat":[1353,1744],"product_tag":[],"class_list":{"0":"post-29699","1":"product","2":"type-product","3":"status-publish","4":"has-post-thumbnail","6":"product_cat-ersatzglaeser","7":"product_cat-oakley-ersatzglaeser","8":"sales-flash-overlay","9":"woocommerce-text-align-center","10":"woocommerce-image-align-center","11":"do-quantity-buttons","13":"first","14":"instock","15":"taxable","16":"shipping-taxable","17":"purchasable","18":"product-type-variable"},"acf":[],"_links":{"self":[{"href":"https:\/\/sunglassrevivers.com\/de\/wp-json\/wp\/v2\/product\/29699","targetHints":{"allow":["GET"]}}],"collection":[{"href":"https:\/\/sunglassrevivers.com\/de\/wp-json\/wp\/v2\/product"}],"about":[{"href":"https:\/\/sunglassrevivers.com\/de\/wp-json\/wp\/v2\/types\/product"}],"replies":[{"embeddable":true,"href":"https:\/\/sunglassrevivers.com\/de\/wp-json\/wp\/v2\/comments?post=29699"}],"version-history":[{"count":2,"href":"https:\/\/sunglassrevivers.com\/de\/wp-json\/wp\/v2\/product\/29699\/revisions"}],"predecessor-version":[{"id":30633,"href":"https:\/\/sunglassrevivers.com\/de\/wp-json\/wp\/v2\/product\/29699\/revisions\/30633"}],"wp:featuredmedia":[{"embeddable":true,"href":"https:\/\/sunglassrevivers.com\/de\/wp-json\/wp\/v2\/media\/29853"}],"wp:attachment":[{"href":"https:\/\/sunglassrevivers.com\/de\/wp-json\/wp\/v2\/media?parent=29699"}],"wp:term":[{"taxonomy":"product_brand","embeddable":true,"href":"https:\/\/sunglassrevivers.com\/de\/wp-json\/wp\/v2\/product_brand?post=29699"},{"taxonomy":"product_cat","embeddable":true,"href":"https:\/\/sunglassrevivers.com\/de\/wp-json\/wp\/v2\/product_cat?post=29699"},{"taxonomy":"product_tag","embeddable":true,"href":"https:\/\/sunglassrevivers.com\/de\/wp-json\/wp\/v2\/product_tag?post=29699"}],"curies":[{"name":"wp","href":"https:\/\/api.w.org\/{rel}","templated":true}]}}