{"id":29703,"date":"2025-08-18T17:46:29","date_gmt":"2025-08-18T16:46:29","guid":{"rendered":"https:\/\/sunglassrevivers.com\/de\/?post_type=product&#038;p=29703"},"modified":"2025-11-13T13:36:46","modified_gmt":"2025-11-13T12:36:46","slug":"ersatzglaeser-fuer-oakley-9039-straight-jacket","status":"publish","type":"product","link":"https:\/\/sunglassrevivers.com\/de\/produkt\/ersatzglaeser-fuer-oakley-9039-straight-jacket\/","title":{"rendered":"Ersatzgl\u00e4ser f\u00fcr Oakley 9039 STRAIGHT JACKET"},"content":{"rendered":"<p>Die <strong>Ersatzgl\u00e4ser f\u00fcr Oakley 9039 STRAIGHT JACKET<\/strong> bieten die perfekte L\u00f6sung zur Wiederbelebung Ihrer Lieblingssonnenbrillen. Speziell f\u00fcr das Modell 9039 entwickelt, garantieren diese Gl\u00e4ser eine perfekte Passform und optimale Leistung.<\/p>\n<p>Diese rechteckigen Gl\u00e4ser haben eine <strong>Base 8-Kurve<\/strong>, die ein weites Sichtfeld und umfassenden Sonnenschutz bietet. Mit einem Durchmesser von 62 mm und einer H\u00f6he von 35 mm sind sie aus <strong>TAC und Polycarbonat<\/strong> gefertigt, Materialien, die f\u00fcr ihre hohe Schlagfestigkeit und optimale visuelle Klarheit bekannt sind.<\/p>\n<ul>\n<li><strong>Hochwertiges Material:<\/strong> TAC und Polycarbonat sind starke, langlebige Materialien, ideal f\u00fcr Outdoor-Aktivit\u00e4ten.<\/li>\n<li><strong>UV-Schutz:<\/strong> Ersatzgl\u00e4ser f\u00fcr Oakley 9039 STRAIGHT JACKET bieten hervorragenden UV-Schutz und halten Ihre Augen den ganzen Tag sicher.<\/li>\n<li><strong>Einfache Installation:<\/strong> Erneuern Sie Ihre Brille einfach mit einem einfachen Austausch der Gl\u00e4ser, der ein frisches Aussehen bietet.<\/li>\n<\/ul>\n<p>Entdecken Sie die Welt mit Klarheit und Stil mit den Ersatzgl\u00e4sern f\u00fcr Oakley 9039 STRAIGHT JACKET. Ob f\u00fcr den Sport oder den t\u00e4glichen Gebrauch, diese Gl\u00e4ser sind darauf ausgelegt, die h\u00f6chsten Erwartungen in Bezug auf Qualit\u00e4t und Leistung zu erf\u00fcllen.Das Produkt Ersatzgl\u00e4ser f\u00fcr Oakley 9039 STRAIGHT JACKET ist kein Originalprodukt, das von Oakley\u00ae hergestellt oder unterst\u00fctzt wird, sofern in der Produktbeschreibung nicht anders angegeben. Sunglass Revivers ist nicht mit Oakley\u00ae oder der Luxottica Group verbunden, assoziiert oder von ihnen gesponsert.<\/p>\n","protected":false},"excerpt":{"rendered":"<p>Die Ersatzgl\u00e4ser f\u00fcr Oakley 9039 STRAIGHT JACKET bieten die perfekte L\u00f6sung zur Wiederbelebung Ihrer Lieblingssonnenbrillen. Speziell f\u00fcr das Modell 9039 entwickelt, garantieren diese Gl\u00e4ser eine perfekte Passform und optimale Leistung. Diese rechteckigen Gl\u00e4ser haben eine Base 8-Kurve, die ein weites Sichtfeld und umfassenden Sonnenschutz bietet. Mit einem Durchmesser von 62 mm und einer H\u00f6he von &#8230; <a title=\"Ersatzgl\u00e4ser f\u00fcr Oakley 9039 STRAIGHT JACKET\" class=\"read-more\" href=\"https:\/\/sunglassrevivers.com\/de\/produkt\/ersatzglaeser-fuer-oakley-9039-straight-jacket\/\" aria-label=\"Mehr Informationen \u00fcber Ersatzgl\u00e4ser f\u00fcr Oakley 9039 STRAIGHT JACKET\">Weiterlesen &#8230;<\/a><\/p>\n","protected":false},"featured_media":29855,"comment_status":"open","ping_status":"closed","template":"","meta":{"_acf_changed":false},"product_brand":[],"product_cat":[1353,1744],"product_tag":[],"class_list":{"0":"post-29703","1":"product","2":"type-product","3":"status-publish","4":"has-post-thumbnail","6":"product_cat-ersatzglaeser","7":"product_cat-oakley-ersatzglaeser","8":"sales-flash-overlay","9":"woocommerce-text-align-center","10":"woocommerce-image-align-center","11":"do-quantity-buttons","13":"first","14":"instock","15":"taxable","16":"shipping-taxable","17":"purchasable","18":"product-type-variable"},"acf":[],"_links":{"self":[{"href":"https:\/\/sunglassrevivers.com\/de\/wp-json\/wp\/v2\/product\/29703","targetHints":{"allow":["GET"]}}],"collection":[{"href":"https:\/\/sunglassrevivers.com\/de\/wp-json\/wp\/v2\/product"}],"about":[{"href":"https:\/\/sunglassrevivers.com\/de\/wp-json\/wp\/v2\/types\/product"}],"replies":[{"embeddable":true,"href":"https:\/\/sunglassrevivers.com\/de\/wp-json\/wp\/v2\/comments?post=29703"}],"version-history":[{"count":2,"href":"https:\/\/sunglassrevivers.com\/de\/wp-json\/wp\/v2\/product\/29703\/revisions"}],"predecessor-version":[{"id":30635,"href":"https:\/\/sunglassrevivers.com\/de\/wp-json\/wp\/v2\/product\/29703\/revisions\/30635"}],"wp:featuredmedia":[{"embeddable":true,"href":"https:\/\/sunglassrevivers.com\/de\/wp-json\/wp\/v2\/media\/29855"}],"wp:attachment":[{"href":"https:\/\/sunglassrevivers.com\/de\/wp-json\/wp\/v2\/media?parent=29703"}],"wp:term":[{"taxonomy":"product_brand","embeddable":true,"href":"https:\/\/sunglassrevivers.com\/de\/wp-json\/wp\/v2\/product_brand?post=29703"},{"taxonomy":"product_cat","embeddable":true,"href":"https:\/\/sunglassrevivers.com\/de\/wp-json\/wp\/v2\/product_cat?post=29703"},{"taxonomy":"product_tag","embeddable":true,"href":"https:\/\/sunglassrevivers.com\/de\/wp-json\/wp\/v2\/product_tag?post=29703"}],"curies":[{"name":"wp","href":"https:\/\/api.w.org\/{rel}","templated":true}]}}