{"id":29705,"date":"2025-08-18T17:47:40","date_gmt":"2025-08-18T16:47:40","guid":{"rendered":"https:\/\/sunglassrevivers.com\/de\/?post_type=product&#038;p=29705"},"modified":"2025-11-13T13:36:46","modified_gmt":"2025-11-13T12:36:46","slug":"ersatzglaeser-fuer-oakley-9129-cables","status":"publish","type":"product","link":"https:\/\/sunglassrevivers.com\/de\/produkt\/ersatzglaeser-fuer-oakley-9129-cables\/","title":{"rendered":"Ersatzgl\u00e4ser f\u00fcr Oakley 9129 CABLES"},"content":{"rendered":"<p>Entdecken Sie die perfekte L\u00f6sung, um Ihre Brille mit den <strong>Ersatzgl\u00e4sern f\u00fcr Oakley 9129 CABLES<\/strong> zu revitalisieren. Speziell f\u00fcr das Modell 9129 entwickelt, zeichnen sich diese Gl\u00e4ser durch ihre rechteckige Form aus, die das elegante Design Ihrer Cables perfekt erg\u00e4nzt.<\/p>\n<p>Mit einer H\u00f6he von 39 mm und einem Durchmesser von 68 mm sorgen diese Gl\u00e4ser f\u00fcr eine perfekte Passform und vollst\u00e4ndigen Schutz, der Ihre Augen vor sch\u00e4dlichen UV-Strahlen sch\u00fctzt, w\u00e4hrend Sie den Stil und Komfort genie\u00dfen k\u00f6nnen, den nur Oakley bietet.<\/p>\n<ul>\n<li><strong>Haltbarkeit und Klarheit:<\/strong> Aus TAC und Polycarbonat gefertigt, bieten diese Gl\u00e4ser \u00fcberlegene optische Klarheit, die f\u00fcr ein scharfes und pr\u00e4zises Seherlebnis unerl\u00e4sslich ist.<\/li>\n<li><strong>Basis-Kurve 8:<\/strong> Die Basis-Kurve 8 stellt einen vollst\u00e4ndigen Rundum-Schutz sicher und maximiert die seitliche Abdeckung.<\/li>\n<li><strong>Sto\u00dffestigkeit:<\/strong> Das widerstandsf\u00e4hige Material sorgt daf\u00fcr, dass Ihre Ersatzgl\u00e4ser f\u00fcr Oakley 9129 CABLES dem t\u00e4glichen Gebrauch standhalten.<\/li>\n<\/ul>\n<p>Kompromittieren Sie nicht Qualit\u00e4t oder Stil. Erneuern Sie Ihr Seherlebnis mit Ersatzgl\u00e4sern f\u00fcr Oakley 9129 CABLES und sp\u00fcren Sie den Unterschied, den ein neues Paar Gl\u00e4ser machen kann.Das Produkt Ersatzgl\u00e4ser f\u00fcr Oakley 9129 CABLES ist kein Originalprodukt, das von Oakley\u00ae hergestellt oder unterst\u00fctzt wird, sofern in der Produktbeschreibung nicht anders angegeben. Sunglass Revivers ist nicht mit Oakley\u00ae oder der Luxottica Group verbunden, assoziiert oder von ihnen gesponsert.<\/p>\n","protected":false},"excerpt":{"rendered":"<p>Entdecken Sie die perfekte L\u00f6sung, um Ihre Brille mit den Ersatzgl\u00e4sern f\u00fcr Oakley 9129 CABLES zu revitalisieren. Speziell f\u00fcr das Modell 9129 entwickelt, zeichnen sich diese Gl\u00e4ser durch ihre rechteckige Form aus, die das elegante Design Ihrer Cables perfekt erg\u00e4nzt. Mit einer H\u00f6he von 39 mm und einem Durchmesser von 68 mm sorgen diese Gl\u00e4ser &#8230; <a title=\"Ersatzgl\u00e4ser f\u00fcr Oakley 9129 CABLES\" class=\"read-more\" href=\"https:\/\/sunglassrevivers.com\/de\/produkt\/ersatzglaeser-fuer-oakley-9129-cables\/\" aria-label=\"Mehr Informationen \u00fcber Ersatzgl\u00e4ser f\u00fcr Oakley 9129 CABLES\">Weiterlesen &#8230;<\/a><\/p>\n","protected":false},"featured_media":29856,"comment_status":"open","ping_status":"closed","template":"","meta":{"_acf_changed":false},"product_brand":[],"product_cat":[1353,1744],"product_tag":[],"class_list":{"0":"post-29705","1":"product","2":"type-product","3":"status-publish","4":"has-post-thumbnail","6":"product_cat-ersatzglaeser","7":"product_cat-oakley-ersatzglaeser","8":"sales-flash-overlay","9":"woocommerce-text-align-center","10":"woocommerce-image-align-center","11":"do-quantity-buttons","13":"first","14":"instock","15":"taxable","16":"shipping-taxable","17":"purchasable","18":"product-type-variable"},"acf":[],"_links":{"self":[{"href":"https:\/\/sunglassrevivers.com\/de\/wp-json\/wp\/v2\/product\/29705","targetHints":{"allow":["GET"]}}],"collection":[{"href":"https:\/\/sunglassrevivers.com\/de\/wp-json\/wp\/v2\/product"}],"about":[{"href":"https:\/\/sunglassrevivers.com\/de\/wp-json\/wp\/v2\/types\/product"}],"replies":[{"embeddable":true,"href":"https:\/\/sunglassrevivers.com\/de\/wp-json\/wp\/v2\/comments?post=29705"}],"version-history":[{"count":2,"href":"https:\/\/sunglassrevivers.com\/de\/wp-json\/wp\/v2\/product\/29705\/revisions"}],"predecessor-version":[{"id":30636,"href":"https:\/\/sunglassrevivers.com\/de\/wp-json\/wp\/v2\/product\/29705\/revisions\/30636"}],"wp:featuredmedia":[{"embeddable":true,"href":"https:\/\/sunglassrevivers.com\/de\/wp-json\/wp\/v2\/media\/29856"}],"wp:attachment":[{"href":"https:\/\/sunglassrevivers.com\/de\/wp-json\/wp\/v2\/media?parent=29705"}],"wp:term":[{"taxonomy":"product_brand","embeddable":true,"href":"https:\/\/sunglassrevivers.com\/de\/wp-json\/wp\/v2\/product_brand?post=29705"},{"taxonomy":"product_cat","embeddable":true,"href":"https:\/\/sunglassrevivers.com\/de\/wp-json\/wp\/v2\/product_cat?post=29705"},{"taxonomy":"product_tag","embeddable":true,"href":"https:\/\/sunglassrevivers.com\/de\/wp-json\/wp\/v2\/product_tag?post=29705"}],"curies":[{"name":"wp","href":"https:\/\/api.w.org\/{rel}","templated":true}]}}