{"id":29709,"date":"2025-08-18T17:49:53","date_gmt":"2025-08-18T16:49:53","guid":{"rendered":"https:\/\/sunglassrevivers.com\/de\/?post_type=product&#038;p=29709"},"modified":"2025-11-13T13:36:46","modified_gmt":"2025-11-13T12:36:46","slug":"ersatzglaeser-fuer-oakley-9249-nxtlvl","status":"publish","type":"product","link":"https:\/\/sunglassrevivers.com\/de\/produkt\/ersatzglaeser-fuer-oakley-9249-nxtlvl\/","title":{"rendered":"Ersatzgl\u00e4ser f\u00fcr Oakley 9249 NXTLVL"},"content":{"rendered":"<p>Die <strong>Ersatzgl\u00e4ser f\u00fcr Oakley 9249 NXTLVL<\/strong> sind die perfekte Wahl f\u00fcr diejenigen, die ihre Oakley-Brillen in einwandfreiem Zustand halten m\u00f6chten, ohne auf Stil oder Funktionalit\u00e4t zu verzichten. Entworfen f\u00fcr das Modell 9249-NXTLVL, bieten diese Gl\u00e4ser eine rechteckige Form, die perfekt passt und eine klare Sicht dank ihrer hochwertigen Komponenten gew\u00e4hrleistet. Hergestellt aus robusten Materialien wie <strong>TAC<\/strong> und <strong>Polycarbonat<\/strong> garantieren sie eine au\u00dfergew\u00f6hnliche Widerstandsf\u00e4higkeit und Haltbarkeit in jeder Umgebung.<\/p>\n<p>Mit einer H\u00f6he von 44 mm und einem Durchmesser von 64 mm sind diese Gl\u00e4ser ideal f\u00fcr Outdoor-Aktivit\u00e4ten oder den t\u00e4glichen Gebrauch, wobei sie Ihre Augen immer sch\u00fctzen. Ihre Basiskr\u00fcmmung von 6 sorgt f\u00fcr einen bequemen Sitz am Gesicht, w\u00e4hrend ihre innovative Technologie effektiv UV-Strahlen blockiert und Ihre Augen vor potenziellen Sch\u00e4den sch\u00fctzt.<\/p>\n<ul>\n<li><strong>Perfekte Passform<\/strong> f\u00fcr das Oakley 9249 Modell<\/li>\n<li><strong>UV-Schutz<\/strong> mit hochwertigen Materialien<\/li>\n<li><strong>Garantierte Haltbarkeit<\/strong> mit TAC und Polycarbonat<\/li>\n<\/ul>\n<p>Die <strong>Ersatzgl\u00e4ser f\u00fcr Oakley 9249 NXTLVL<\/strong> bieten nicht nur Funktionalit\u00e4t, sondern halten auch den Stil und die \u00c4sthetik, die Sie von Ihrer Oakley-Brille erwarten. Verpassen Sie nicht die Gelegenheit, Ihre Oakley zu verbessern und Ihre Sicht mit diesen Premium-Ersatzgl\u00e4sern zu sch\u00fctzen.Das Produkt Ersatzgl\u00e4ser f\u00fcr Oakley 9249 NXTLVL ist kein Originalprodukt, das von Oakley\u00ae hergestellt oder unterst\u00fctzt wird, sofern in der Produktbeschreibung nicht anders angegeben. Sunglass Revivers ist nicht mit Oakley\u00ae oder der Luxottica Group verbunden, assoziiert oder von ihnen gesponsert.<\/p>\n","protected":false},"excerpt":{"rendered":"<p>Die Ersatzgl\u00e4ser f\u00fcr Oakley 9249 NXTLVL sind die perfekte Wahl f\u00fcr diejenigen, die ihre Oakley-Brillen in einwandfreiem Zustand halten m\u00f6chten, ohne auf Stil oder Funktionalit\u00e4t zu verzichten. Entworfen f\u00fcr das Modell 9249-NXTLVL, bieten diese Gl\u00e4ser eine rechteckige Form, die perfekt passt und eine klare Sicht dank ihrer hochwertigen Komponenten gew\u00e4hrleistet. Hergestellt aus robusten Materialien wie &#8230; <a title=\"Ersatzgl\u00e4ser f\u00fcr Oakley 9249 NXTLVL\" class=\"read-more\" href=\"https:\/\/sunglassrevivers.com\/de\/produkt\/ersatzglaeser-fuer-oakley-9249-nxtlvl\/\" aria-label=\"Mehr Informationen \u00fcber Ersatzgl\u00e4ser f\u00fcr Oakley 9249 NXTLVL\">Weiterlesen &#8230;<\/a><\/p>\n","protected":false},"featured_media":29859,"comment_status":"open","ping_status":"closed","template":"","meta":{"_acf_changed":false},"product_brand":[],"product_cat":[1353,1744],"product_tag":[],"class_list":{"0":"post-29709","1":"product","2":"type-product","3":"status-publish","4":"has-post-thumbnail","6":"product_cat-ersatzglaeser","7":"product_cat-oakley-ersatzglaeser","8":"sales-flash-overlay","9":"woocommerce-text-align-center","10":"woocommerce-image-align-center","11":"do-quantity-buttons","13":"first","14":"instock","15":"taxable","16":"shipping-taxable","17":"purchasable","18":"product-type-variable"},"acf":[],"_links":{"self":[{"href":"https:\/\/sunglassrevivers.com\/de\/wp-json\/wp\/v2\/product\/29709","targetHints":{"allow":["GET"]}}],"collection":[{"href":"https:\/\/sunglassrevivers.com\/de\/wp-json\/wp\/v2\/product"}],"about":[{"href":"https:\/\/sunglassrevivers.com\/de\/wp-json\/wp\/v2\/types\/product"}],"replies":[{"embeddable":true,"href":"https:\/\/sunglassrevivers.com\/de\/wp-json\/wp\/v2\/comments?post=29709"}],"version-history":[{"count":2,"href":"https:\/\/sunglassrevivers.com\/de\/wp-json\/wp\/v2\/product\/29709\/revisions"}],"predecessor-version":[{"id":30638,"href":"https:\/\/sunglassrevivers.com\/de\/wp-json\/wp\/v2\/product\/29709\/revisions\/30638"}],"wp:featuredmedia":[{"embeddable":true,"href":"https:\/\/sunglassrevivers.com\/de\/wp-json\/wp\/v2\/media\/29859"}],"wp:attachment":[{"href":"https:\/\/sunglassrevivers.com\/de\/wp-json\/wp\/v2\/media?parent=29709"}],"wp:term":[{"taxonomy":"product_brand","embeddable":true,"href":"https:\/\/sunglassrevivers.com\/de\/wp-json\/wp\/v2\/product_brand?post=29709"},{"taxonomy":"product_cat","embeddable":true,"href":"https:\/\/sunglassrevivers.com\/de\/wp-json\/wp\/v2\/product_cat?post=29709"},{"taxonomy":"product_tag","embeddable":true,"href":"https:\/\/sunglassrevivers.com\/de\/wp-json\/wp\/v2\/product_tag?post=29709"}],"curies":[{"name":"wp","href":"https:\/\/api.w.org\/{rel}","templated":true}]}}