{"id":29711,"date":"2025-08-18T17:51:08","date_gmt":"2025-08-18T16:51:08","guid":{"rendered":"https:\/\/sunglassrevivers.com\/de\/?post_type=product&#038;p=29711"},"modified":"2025-11-13T13:36:46","modified_gmt":"2025-11-13T12:36:46","slug":"ersatzglaeser-fuer-oakley-9264-mainlink","status":"publish","type":"product","link":"https:\/\/sunglassrevivers.com\/de\/produkt\/ersatzglaeser-fuer-oakley-9264-mainlink\/","title":{"rendered":"Ersatzgl\u00e4ser f\u00fcr Oakley 9264 MAINLINK"},"content":{"rendered":"<p>Beleben Sie Ihre Brille mit <strong>Ersatzgl\u00e4ser f\u00fcr Oakley 9264 MAINLINK<\/strong> und erleben Sie die au\u00dfergew\u00f6hnliche Sehsch\u00e4rfe, die Sie verdienen. Pr\u00e4zise f\u00fcr das MAINLINK-Modell entwickelt, sind diese Gl\u00e4ser die perfekte L\u00f6sung, um Ihre Brille in einwandfreiem Zustand zu halten.<\/p>\n<ul>\n<li><strong>Form<\/strong>: Die rechteckigen Gl\u00e4ser passen perfekt zu Ihrem Gesicht und bieten einen bequemen und sicheren Sitz.<\/li>\n<li><strong>Technische Spezifikationen<\/strong>: Mit einer H\u00f6he von 42 mm und einem Durchmesser von 63 mm sind sie f\u00fcr ein breites Sichtfeld ausgelegt.<\/li>\n<li><strong>Kr\u00fcmmung<\/strong>: Die Basis 6 bietet eine \u00fcberlegene optische Klarheit, reduziert Verzerrungen und verbessert die Farbwahrnehmung.<\/li>\n<li><strong>Glasmaterial<\/strong>: Hergestellt aus TAC und Polycarbonat, garantieren diese Gl\u00e4ser eine au\u00dfergew\u00f6hnliche Schlagfestigkeit und langlebige Haltbarkeit.<\/li>\n<\/ul>\n<p>Die <em>Ersatzgl\u00e4ser f\u00fcr Oakley 9264 MAINLINK<\/em> verleihen Ihrem Stil nicht nur Frische, sondern verbessern auch Ihr Sehverm\u00f6gen. Stellen Sie die Sehqualit\u00e4t wieder her, die durch Zeit und Abnutzung verringert wurde, und genie\u00dfen Sie die Spitzentechnologie von Oakley.Das Produkt Ersatzgl\u00e4ser f\u00fcr Oakley 9264 MAINLINK ist kein Originalprodukt, das von Oakley\u00ae hergestellt oder unterst\u00fctzt wird, sofern in der Produktbeschreibung nicht anders angegeben. Sunglass Revivers ist nicht mit Oakley\u00ae oder der Luxottica Group verbunden, assoziiert oder von ihnen gesponsert.<\/p>\n","protected":false},"excerpt":{"rendered":"<p>Beleben Sie Ihre Brille mit Ersatzgl\u00e4ser f\u00fcr Oakley 9264 MAINLINK und erleben Sie die au\u00dfergew\u00f6hnliche Sehsch\u00e4rfe, die Sie verdienen. Pr\u00e4zise f\u00fcr das MAINLINK-Modell entwickelt, sind diese Gl\u00e4ser die perfekte L\u00f6sung, um Ihre Brille in einwandfreiem Zustand zu halten. Form: Die rechteckigen Gl\u00e4ser passen perfekt zu Ihrem Gesicht und bieten einen bequemen und sicheren Sitz. Technische &#8230; <a title=\"Ersatzgl\u00e4ser f\u00fcr Oakley 9264 MAINLINK\" class=\"read-more\" href=\"https:\/\/sunglassrevivers.com\/de\/produkt\/ersatzglaeser-fuer-oakley-9264-mainlink\/\" aria-label=\"Mehr Informationen \u00fcber Ersatzgl\u00e4ser f\u00fcr Oakley 9264 MAINLINK\">Weiterlesen &#8230;<\/a><\/p>\n","protected":false},"featured_media":29860,"comment_status":"open","ping_status":"closed","template":"","meta":{"_acf_changed":false},"product_brand":[],"product_cat":[1353,1744],"product_tag":[],"class_list":{"0":"post-29711","1":"product","2":"type-product","3":"status-publish","4":"has-post-thumbnail","6":"product_cat-ersatzglaeser","7":"product_cat-oakley-ersatzglaeser","8":"sales-flash-overlay","9":"woocommerce-text-align-center","10":"woocommerce-image-align-center","11":"do-quantity-buttons","13":"first","14":"instock","15":"taxable","16":"shipping-taxable","17":"purchasable","18":"product-type-variable"},"acf":[],"_links":{"self":[{"href":"https:\/\/sunglassrevivers.com\/de\/wp-json\/wp\/v2\/product\/29711","targetHints":{"allow":["GET"]}}],"collection":[{"href":"https:\/\/sunglassrevivers.com\/de\/wp-json\/wp\/v2\/product"}],"about":[{"href":"https:\/\/sunglassrevivers.com\/de\/wp-json\/wp\/v2\/types\/product"}],"replies":[{"embeddable":true,"href":"https:\/\/sunglassrevivers.com\/de\/wp-json\/wp\/v2\/comments?post=29711"}],"version-history":[{"count":2,"href":"https:\/\/sunglassrevivers.com\/de\/wp-json\/wp\/v2\/product\/29711\/revisions"}],"predecessor-version":[{"id":30639,"href":"https:\/\/sunglassrevivers.com\/de\/wp-json\/wp\/v2\/product\/29711\/revisions\/30639"}],"wp:featuredmedia":[{"embeddable":true,"href":"https:\/\/sunglassrevivers.com\/de\/wp-json\/wp\/v2\/media\/29860"}],"wp:attachment":[{"href":"https:\/\/sunglassrevivers.com\/de\/wp-json\/wp\/v2\/media?parent=29711"}],"wp:term":[{"taxonomy":"product_brand","embeddable":true,"href":"https:\/\/sunglassrevivers.com\/de\/wp-json\/wp\/v2\/product_brand?post=29711"},{"taxonomy":"product_cat","embeddable":true,"href":"https:\/\/sunglassrevivers.com\/de\/wp-json\/wp\/v2\/product_cat?post=29711"},{"taxonomy":"product_tag","embeddable":true,"href":"https:\/\/sunglassrevivers.com\/de\/wp-json\/wp\/v2\/product_tag?post=29711"}],"curies":[{"name":"wp","href":"https:\/\/api.w.org\/{rel}","templated":true}]}}