{"id":29713,"date":"2025-08-18T17:52:16","date_gmt":"2025-08-18T16:52:16","guid":{"rendered":"https:\/\/sunglassrevivers.com\/de\/?post_type=product&#038;p=29713"},"modified":"2025-11-13T13:36:47","modified_gmt":"2025-11-13T12:36:47","slug":"ersatzglaeser-fuer-oakley-9380-double-edge","status":"publish","type":"product","link":"https:\/\/sunglassrevivers.com\/de\/produkt\/ersatzglaeser-fuer-oakley-9380-double-edge\/","title":{"rendered":"Ersatzgl\u00e4ser f\u00fcr Oakley 9380 DOUBLE EDGE"},"content":{"rendered":"<p>Die <strong>Ersatzgl\u00e4ser f\u00fcr Oakley 9380 DOUBLE EDGE<\/strong> sind die perfekte Wahl f\u00fcr alle, die Leistung und Stil suchen, ohne Kompromisse bei der Qualit\u00e4t einzugehen. Diese rechteckigen Gl\u00e4ser sind so konzipiert, dass sie zu dem ikonischen Modell passen. Sie sind aus hochwertigen Materialien wie TAC und Polycarbonat gefertigt und bieten unerreichte Haltbarkeit und Aufprallschutz.<\/p>\n<ul>\n<li><strong>Optimale Klarheit:<\/strong> Durch fortschrittliche Technologie wird stets eine klare und scharfe Sicht gew\u00e4hrleistet.<\/li>\n<li><strong>Umfassender Schutz:<\/strong> Die Gl\u00e4ser bieten kompletten UV-Schutz, ideal f\u00fcr Outdoor-Aktivit\u00e4ten.<\/li>\n<li><strong>Anpassungsf\u00e4higes Design:<\/strong> Die Basis-6-Kr\u00fcmmung sorgt f\u00fcr einen bequemen Sitz bei verschiedenen Gesichtstypen.<\/li>\n<li><strong>Spezifische Ma\u00dfe:<\/strong> Mit einer H\u00f6he von 44mm und einem Durchmesser von 71mm passen sie perfekt in das Originalgestell.<\/li>\n<\/ul>\n<p>Mit den <strong>Ersatzgl\u00e4sern f\u00fcr Oakley 9380 DOUBLE EDGE<\/strong> entdecken Sie die Welt aus einer neuen visuellen Perspektive. Perfekt f\u00fcr diejenigen, die Qualit\u00e4t und innovatives Design sch\u00e4tzen, verbessern diese Gl\u00e4ser nicht nur das Aussehen Ihrer Brille, sondern auch Ihr t\u00e4gliches Seherlebnis.Das Produkt Ersatzgl\u00e4ser f\u00fcr Oakley 9380 DOUBLE EDGE ist kein Originalprodukt, das von Oakley\u00ae hergestellt oder unterst\u00fctzt wird, sofern in der Produktbeschreibung nicht anders angegeben. Sunglass Revivers ist nicht mit Oakley\u00ae oder der Luxottica Group verbunden, assoziiert oder von ihnen gesponsert.<\/p>\n","protected":false},"excerpt":{"rendered":"<p>Die Ersatzgl\u00e4ser f\u00fcr Oakley 9380 DOUBLE EDGE sind die perfekte Wahl f\u00fcr alle, die Leistung und Stil suchen, ohne Kompromisse bei der Qualit\u00e4t einzugehen. Diese rechteckigen Gl\u00e4ser sind so konzipiert, dass sie zu dem ikonischen Modell passen. Sie sind aus hochwertigen Materialien wie TAC und Polycarbonat gefertigt und bieten unerreichte Haltbarkeit und Aufprallschutz. Optimale Klarheit: &#8230; <a title=\"Ersatzgl\u00e4ser f\u00fcr Oakley 9380 DOUBLE EDGE\" class=\"read-more\" href=\"https:\/\/sunglassrevivers.com\/de\/produkt\/ersatzglaeser-fuer-oakley-9380-double-edge\/\" aria-label=\"Mehr Informationen \u00fcber Ersatzgl\u00e4ser f\u00fcr Oakley 9380 DOUBLE EDGE\">Weiterlesen &#8230;<\/a><\/p>\n","protected":false},"featured_media":29866,"comment_status":"open","ping_status":"closed","template":"","meta":{"_acf_changed":false},"product_brand":[],"product_cat":[1353,1744],"product_tag":[],"class_list":{"0":"post-29713","1":"product","2":"type-product","3":"status-publish","4":"has-post-thumbnail","6":"product_cat-ersatzglaeser","7":"product_cat-oakley-ersatzglaeser","8":"sales-flash-overlay","9":"woocommerce-text-align-center","10":"woocommerce-image-align-center","11":"do-quantity-buttons","13":"first","14":"instock","15":"taxable","16":"shipping-taxable","17":"purchasable","18":"product-type-variable"},"acf":[],"_links":{"self":[{"href":"https:\/\/sunglassrevivers.com\/de\/wp-json\/wp\/v2\/product\/29713","targetHints":{"allow":["GET"]}}],"collection":[{"href":"https:\/\/sunglassrevivers.com\/de\/wp-json\/wp\/v2\/product"}],"about":[{"href":"https:\/\/sunglassrevivers.com\/de\/wp-json\/wp\/v2\/types\/product"}],"replies":[{"embeddable":true,"href":"https:\/\/sunglassrevivers.com\/de\/wp-json\/wp\/v2\/comments?post=29713"}],"version-history":[{"count":2,"href":"https:\/\/sunglassrevivers.com\/de\/wp-json\/wp\/v2\/product\/29713\/revisions"}],"predecessor-version":[{"id":30640,"href":"https:\/\/sunglassrevivers.com\/de\/wp-json\/wp\/v2\/product\/29713\/revisions\/30640"}],"wp:featuredmedia":[{"embeddable":true,"href":"https:\/\/sunglassrevivers.com\/de\/wp-json\/wp\/v2\/media\/29866"}],"wp:attachment":[{"href":"https:\/\/sunglassrevivers.com\/de\/wp-json\/wp\/v2\/media?parent=29713"}],"wp:term":[{"taxonomy":"product_brand","embeddable":true,"href":"https:\/\/sunglassrevivers.com\/de\/wp-json\/wp\/v2\/product_brand?post=29713"},{"taxonomy":"product_cat","embeddable":true,"href":"https:\/\/sunglassrevivers.com\/de\/wp-json\/wp\/v2\/product_cat?post=29713"},{"taxonomy":"product_tag","embeddable":true,"href":"https:\/\/sunglassrevivers.com\/de\/wp-json\/wp\/v2\/product_tag?post=29713"}],"curies":[{"name":"wp","href":"https:\/\/api.w.org\/{rel}","templated":true}]}}