{"id":29733,"date":"2025-08-18T18:02:06","date_gmt":"2025-08-18T17:02:06","guid":{"rendered":"https:\/\/sunglassrevivers.com\/de\/?post_type=product&#038;p=29733"},"modified":"2025-11-13T13:36:48","modified_gmt":"2025-11-13T12:36:48","slug":"ersatzglaeser-fuer-oakley-9361-crossrange","status":"publish","type":"product","link":"https:\/\/sunglassrevivers.com\/de\/produkt\/ersatzglaeser-fuer-oakley-9361-crossrange\/","title":{"rendered":"Ersatzgl\u00e4ser f\u00fcr Oakley 9361 CROSSRANGE"},"content":{"rendered":"<p>Erleben Sie die un\u00fcbertroffene Qualit\u00e4t der <strong>Ersatzgl\u00e4ser f\u00fcr Oakley 9361 CROSSRANGE<\/strong>. Mit einem modernen quadratischen Design sind diese Gl\u00e4ser darauf ausgelegt, Ihre sportliche Leistung zu verbessern und in jeder Umgebung klare Sicht zu bieten. Hergestellt aus hochwertigen Materialien wie TAC und Polycarbonat, bieten die <strong>ersatzgl\u00e4ser f\u00fcr Oakley 9361 CROSSRANGE<\/strong> Haltbarkeit und Best\u00e4ndigkeit, perfekt f\u00fcr Outdoor-Aktivit\u00e4ten.<\/p>\n<ul>\n<li><strong>H\u00f6he:<\/strong> 43mm<\/li>\n<li><strong>Durchmesser:<\/strong> 63mm<\/li>\n<li><strong>Basis Kurve:<\/strong> 6<\/li>\n<\/ul>\n<p>Diese Gl\u00e4ser verbessern nicht nur die \u00c4sthetik Ihrer Brille, sondern bieten auch UV-Schutz, sodass Ihre Augen immer gesch\u00fctzt sind. R\u00fcsten Sie Ihre Brille mit <strong>ersatzgl\u00e4ser f\u00fcr Oakley 9361 CROSSRANGE<\/strong> auf und genie\u00dfen Sie \u00fcberragende visuelle Klarheit und unvergleichlichen Stil.Das Produkt Ersatzgl\u00e4ser f\u00fcr Oakley 9361 CROSSRANGE ist kein Originalprodukt, das von Oakley\u00ae hergestellt oder unterst\u00fctzt wird, sofern in der Produktbeschreibung nicht anders angegeben. Sunglass Revivers ist nicht mit Oakley\u00ae oder der Luxottica Group verbunden, assoziiert oder von ihnen gesponsert.<\/p>\n","protected":false},"excerpt":{"rendered":"<p>Erleben Sie die un\u00fcbertroffene Qualit\u00e4t der Ersatzgl\u00e4ser f\u00fcr Oakley 9361 CROSSRANGE. Mit einem modernen quadratischen Design sind diese Gl\u00e4ser darauf ausgelegt, Ihre sportliche Leistung zu verbessern und in jeder Umgebung klare Sicht zu bieten. Hergestellt aus hochwertigen Materialien wie TAC und Polycarbonat, bieten die ersatzgl\u00e4ser f\u00fcr Oakley 9361 CROSSRANGE Haltbarkeit und Best\u00e4ndigkeit, perfekt f\u00fcr Outdoor-Aktivit\u00e4ten. &#8230; <a title=\"Ersatzgl\u00e4ser f\u00fcr Oakley 9361 CROSSRANGE\" class=\"read-more\" href=\"https:\/\/sunglassrevivers.com\/de\/produkt\/ersatzglaeser-fuer-oakley-9361-crossrange\/\" aria-label=\"Mehr Informationen \u00fcber Ersatzgl\u00e4ser f\u00fcr Oakley 9361 CROSSRANGE\">Weiterlesen &#8230;<\/a><\/p>\n","protected":false},"featured_media":29864,"comment_status":"open","ping_status":"closed","template":"","meta":{"_acf_changed":false},"product_brand":[],"product_cat":[1353,1744],"product_tag":[],"class_list":{"0":"post-29733","1":"product","2":"type-product","3":"status-publish","4":"has-post-thumbnail","6":"product_cat-ersatzglaeser","7":"product_cat-oakley-ersatzglaeser","8":"sales-flash-overlay","9":"woocommerce-text-align-center","10":"woocommerce-image-align-center","11":"do-quantity-buttons","13":"first","14":"instock","15":"taxable","16":"shipping-taxable","17":"purchasable","18":"product-type-variable"},"acf":[],"_links":{"self":[{"href":"https:\/\/sunglassrevivers.com\/de\/wp-json\/wp\/v2\/product\/29733","targetHints":{"allow":["GET"]}}],"collection":[{"href":"https:\/\/sunglassrevivers.com\/de\/wp-json\/wp\/v2\/product"}],"about":[{"href":"https:\/\/sunglassrevivers.com\/de\/wp-json\/wp\/v2\/types\/product"}],"replies":[{"embeddable":true,"href":"https:\/\/sunglassrevivers.com\/de\/wp-json\/wp\/v2\/comments?post=29733"}],"version-history":[{"count":2,"href":"https:\/\/sunglassrevivers.com\/de\/wp-json\/wp\/v2\/product\/29733\/revisions"}],"predecessor-version":[{"id":30650,"href":"https:\/\/sunglassrevivers.com\/de\/wp-json\/wp\/v2\/product\/29733\/revisions\/30650"}],"wp:featuredmedia":[{"embeddable":true,"href":"https:\/\/sunglassrevivers.com\/de\/wp-json\/wp\/v2\/media\/29864"}],"wp:attachment":[{"href":"https:\/\/sunglassrevivers.com\/de\/wp-json\/wp\/v2\/media?parent=29733"}],"wp:term":[{"taxonomy":"product_brand","embeddable":true,"href":"https:\/\/sunglassrevivers.com\/de\/wp-json\/wp\/v2\/product_brand?post=29733"},{"taxonomy":"product_cat","embeddable":true,"href":"https:\/\/sunglassrevivers.com\/de\/wp-json\/wp\/v2\/product_cat?post=29733"},{"taxonomy":"product_tag","embeddable":true,"href":"https:\/\/sunglassrevivers.com\/de\/wp-json\/wp\/v2\/product_tag?post=29733"}],"curies":[{"name":"wp","href":"https:\/\/api.w.org\/{rel}","templated":true}]}}