{"id":29735,"date":"2025-08-18T18:03:02","date_gmt":"2025-08-18T17:03:02","guid":{"rendered":"https:\/\/sunglassrevivers.com\/de\/?post_type=product&#038;p=29735"},"modified":"2025-11-13T13:36:48","modified_gmt":"2025-11-13T12:36:48","slug":"ersatzglaeser-fuer-oakley-6044-frogskins-ti","status":"publish","type":"product","link":"https:\/\/sunglassrevivers.com\/de\/produkt\/ersatzglaeser-fuer-oakley-6044-frogskins-ti\/","title":{"rendered":"Ersatzgl\u00e4ser f\u00fcr Oakley 6044 FROGSKINS TI"},"content":{"rendered":"<p>Entdecken Sie die \u00fcberlegene Sehqualit\u00e4t mit den <strong>Ersatzgl\u00e4sern f\u00fcr Oakley 6044 FROGSKINS TI<\/strong>. F\u00fcr diejenigen entwickelt, die die perfekte Kombination aus Qualit\u00e4t und Stil suchen, bieten diese Gl\u00e4ser eine un\u00fcbertroffene visuelle Klarheit. Mit einem ikonischen Modell und runder Form passen die <strong>Ersatzgl\u00e4ser f\u00fcr Oakley 6044 FROGSKINS TI<\/strong> perfekt und bieten einen raffinierten und modernen Look.<\/p>\n<p>Diese Gl\u00e4ser bestehen aus hochwertigen Materialien wie TAC und Polycarbonat und gew\u00e4hrleisten Langlebigkeit und Widerstandsf\u00e4higkeit. Mit einem Durchmesser von 62 mm und einer H\u00f6he von 44 mm bieten sie eine umfangreiche visuelle Abdeckung, die Ihre Augen effektiv vor sch\u00e4dlichen UV-Strahlen sch\u00fctzt. Zudem genie\u00dfen Sie dank der Basiskr\u00fcmmung 4 jederzeit einen bequemen Sitz und ein weites Sichtfeld.<\/p>\n<ul>\n<li><strong>Modell:<\/strong> 6044 FROGSKINS TI<\/li>\n<li><strong>Form:<\/strong> Rund<\/li>\n<li><strong>Material:<\/strong> TAC, Polycarbonat<\/li>\n<li><strong>Kr\u00fcmmung:<\/strong> Basis 4<\/li>\n<\/ul>\n<p>Erneuern Sie Ihre Brille und verbessern Sie Ihren pers\u00f6nlichen Stil mit den <strong>Ersatzgl\u00e4sern f\u00fcr Oakley 6044 FROGSKINS TI<\/strong>. Ob f\u00fcr entspannte Tage oder Outdoor-Abenteuer, diese Gl\u00e4ser garantieren klare Sicht und erstklassigen Schutz.Das Produkt Ersatzgl\u00e4ser f\u00fcr Oakley 6044 FROGSKINS TI ist kein Originalprodukt, das von Oakley\u00ae hergestellt oder unterst\u00fctzt wird, sofern in der Produktbeschreibung nicht anders angegeben. Sunglass Revivers ist nicht mit Oakley\u00ae oder der Luxottica Group verbunden, assoziiert oder von ihnen gesponsert.<\/p>\n","protected":false},"excerpt":{"rendered":"<p>Entdecken Sie die \u00fcberlegene Sehqualit\u00e4t mit den Ersatzgl\u00e4sern f\u00fcr Oakley 6044 FROGSKINS TI. F\u00fcr diejenigen entwickelt, die die perfekte Kombination aus Qualit\u00e4t und Stil suchen, bieten diese Gl\u00e4ser eine un\u00fcbertroffene visuelle Klarheit. Mit einem ikonischen Modell und runder Form passen die Ersatzgl\u00e4ser f\u00fcr Oakley 6044 FROGSKINS TI perfekt und bieten einen raffinierten und modernen Look. &#8230; <a title=\"Ersatzgl\u00e4ser f\u00fcr Oakley 6044 FROGSKINS TI\" class=\"read-more\" href=\"https:\/\/sunglassrevivers.com\/de\/produkt\/ersatzglaeser-fuer-oakley-6044-frogskins-ti\/\" aria-label=\"Mehr Informationen \u00fcber Ersatzgl\u00e4ser f\u00fcr Oakley 6044 FROGSKINS TI\">Weiterlesen &#8230;<\/a><\/p>\n","protected":false},"featured_media":29854,"comment_status":"open","ping_status":"closed","template":"","meta":{"_acf_changed":false},"product_brand":[],"product_cat":[1353,1744],"product_tag":[],"class_list":{"0":"post-29735","1":"product","2":"type-product","3":"status-publish","4":"has-post-thumbnail","6":"product_cat-ersatzglaeser","7":"product_cat-oakley-ersatzglaeser","8":"sales-flash-overlay","9":"woocommerce-text-align-center","10":"woocommerce-image-align-center","11":"do-quantity-buttons","13":"first","14":"instock","15":"taxable","16":"shipping-taxable","17":"purchasable","18":"product-type-variable"},"acf":[],"_links":{"self":[{"href":"https:\/\/sunglassrevivers.com\/de\/wp-json\/wp\/v2\/product\/29735","targetHints":{"allow":["GET"]}}],"collection":[{"href":"https:\/\/sunglassrevivers.com\/de\/wp-json\/wp\/v2\/product"}],"about":[{"href":"https:\/\/sunglassrevivers.com\/de\/wp-json\/wp\/v2\/types\/product"}],"replies":[{"embeddable":true,"href":"https:\/\/sunglassrevivers.com\/de\/wp-json\/wp\/v2\/comments?post=29735"}],"version-history":[{"count":2,"href":"https:\/\/sunglassrevivers.com\/de\/wp-json\/wp\/v2\/product\/29735\/revisions"}],"predecessor-version":[{"id":30651,"href":"https:\/\/sunglassrevivers.com\/de\/wp-json\/wp\/v2\/product\/29735\/revisions\/30651"}],"wp:featuredmedia":[{"embeddable":true,"href":"https:\/\/sunglassrevivers.com\/de\/wp-json\/wp\/v2\/media\/29854"}],"wp:attachment":[{"href":"https:\/\/sunglassrevivers.com\/de\/wp-json\/wp\/v2\/media?parent=29735"}],"wp:term":[{"taxonomy":"product_brand","embeddable":true,"href":"https:\/\/sunglassrevivers.com\/de\/wp-json\/wp\/v2\/product_brand?post=29735"},{"taxonomy":"product_cat","embeddable":true,"href":"https:\/\/sunglassrevivers.com\/de\/wp-json\/wp\/v2\/product_cat?post=29735"},{"taxonomy":"product_tag","embeddable":true,"href":"https:\/\/sunglassrevivers.com\/de\/wp-json\/wp\/v2\/product_tag?post=29735"}],"curies":[{"name":"wp","href":"https:\/\/api.w.org\/{rel}","templated":true}]}}