{"id":29759,"date":"2025-08-19T09:05:32","date_gmt":"2025-08-19T08:05:32","guid":{"rendered":"https:\/\/sunglassrevivers.com\/de\/?post_type=product&#038;p=29759"},"modified":"2025-11-13T13:36:49","modified_gmt":"2025-11-13T12:36:49","slug":"ersatzglaeser-fuer-oakley-9451-apparition","status":"publish","type":"product","link":"https:\/\/sunglassrevivers.com\/de\/produkt\/ersatzglaeser-fuer-oakley-9451-apparition\/","title":{"rendered":"Ersatzgl\u00e4ser f\u00fcr Oakley 9451 APPARITION"},"content":{"rendered":"<p>Die <strong>Ersatzgl\u00e4ser f\u00fcr Oakley 9451 APPARITION<\/strong> sind ein Muss f\u00fcr alle, die die Funktionalit\u00e4t und den Stil ihrer Lieblings-Oakley-Brillen beibehalten m\u00f6chten. Diese Gl\u00e4ser mit moderner quadratischer Form verbessern nicht nur Ihr Seherlebnis, sondern bieten auch au\u00dfergew\u00f6hnlichen Schutz. Mit einer H\u00f6he von 45mm und einem Durchmesser von 60mm passen sie perfekt und bieten vollst\u00e4ndigen Schutz f\u00fcr Ihre Augen.<\/p>\n<p>Hergestellt aus hochwertigen Materialien wie TAC und Polycarbonat, sind die <strong>Ersatzgl\u00e4ser f\u00fcr Oakley 9451 APPARITION<\/strong> \u00e4u\u00dferst langlebig und sto\u00dffest, was eine lange Lebensdauer gew\u00e4hrleistet. Ihre Basis 4 Kr\u00fcmmung sorgt f\u00fcr eine bequeme Passform und ein optimiertes Sichtfeld, ideal f\u00fcr den t\u00e4glichen Gebrauch und Outdoor-Sportarten.<\/p>\n<ul>\n<li><strong>Langlebigkeit:<\/strong> Entwickelt, um lange zu halten, sind diese Gl\u00e4ser die perfekte Wahl f\u00fcr Abenteurer.<\/li>\n<li><strong>Optische Klarheit:<\/strong> Genie\u00dfen Sie jederzeit klares und scharfes Sehen.<\/li>\n<li><strong>UV-Schutz:<\/strong> Vollst\u00e4ndiger Schutz vor sch\u00e4dlichen Sonnenstrahlen.<\/li>\n<\/ul>\n<p>Z\u00f6gern Sie nicht l\u00e4nger, um Ihre <strong>Ersatzgl\u00e4ser f\u00fcr Oakley 9451 APPARITION<\/strong> zu wechseln und das beste visuelle Erlebnis mit Ihrer Oakley-Brille neu zu entdecken.Das Produkt Ersatzgl\u00e4ser f\u00fcr Oakley 9451 APPARITION ist kein Originalprodukt, das von Oakley\u00ae hergestellt oder unterst\u00fctzt wird, sofern in der Produktbeschreibung nicht anders angegeben. Sunglass Revivers ist nicht mit Oakley\u00ae oder der Luxottica Group verbunden, assoziiert oder von ihnen gesponsert.<\/p>\n","protected":false},"excerpt":{"rendered":"<p>Die Ersatzgl\u00e4ser f\u00fcr Oakley 9451 APPARITION sind ein Muss f\u00fcr alle, die die Funktionalit\u00e4t und den Stil ihrer Lieblings-Oakley-Brillen beibehalten m\u00f6chten. Diese Gl\u00e4ser mit moderner quadratischer Form verbessern nicht nur Ihr Seherlebnis, sondern bieten auch au\u00dfergew\u00f6hnlichen Schutz. Mit einer H\u00f6he von 45mm und einem Durchmesser von 60mm passen sie perfekt und bieten vollst\u00e4ndigen Schutz f\u00fcr &#8230; <a title=\"Ersatzgl\u00e4ser f\u00fcr Oakley 9451 APPARITION\" class=\"read-more\" href=\"https:\/\/sunglassrevivers.com\/de\/produkt\/ersatzglaeser-fuer-oakley-9451-apparition\/\" aria-label=\"Mehr Informationen \u00fcber Ersatzgl\u00e4ser f\u00fcr Oakley 9451 APPARITION\">Weiterlesen &#8230;<\/a><\/p>\n","protected":false},"featured_media":29846,"comment_status":"open","ping_status":"closed","template":"","meta":{"_acf_changed":false},"product_brand":[],"product_cat":[1353,1744],"product_tag":[],"class_list":{"0":"post-29759","1":"product","2":"type-product","3":"status-publish","4":"has-post-thumbnail","6":"product_cat-ersatzglaeser","7":"product_cat-oakley-ersatzglaeser","8":"sales-flash-overlay","9":"woocommerce-text-align-center","10":"woocommerce-image-align-center","11":"do-quantity-buttons","13":"first","14":"instock","15":"taxable","16":"shipping-taxable","17":"purchasable","18":"product-type-variable"},"acf":[],"_links":{"self":[{"href":"https:\/\/sunglassrevivers.com\/de\/wp-json\/wp\/v2\/product\/29759","targetHints":{"allow":["GET"]}}],"collection":[{"href":"https:\/\/sunglassrevivers.com\/de\/wp-json\/wp\/v2\/product"}],"about":[{"href":"https:\/\/sunglassrevivers.com\/de\/wp-json\/wp\/v2\/types\/product"}],"replies":[{"embeddable":true,"href":"https:\/\/sunglassrevivers.com\/de\/wp-json\/wp\/v2\/comments?post=29759"}],"version-history":[{"count":2,"href":"https:\/\/sunglassrevivers.com\/de\/wp-json\/wp\/v2\/product\/29759\/revisions"}],"predecessor-version":[{"id":30663,"href":"https:\/\/sunglassrevivers.com\/de\/wp-json\/wp\/v2\/product\/29759\/revisions\/30663"}],"wp:featuredmedia":[{"embeddable":true,"href":"https:\/\/sunglassrevivers.com\/de\/wp-json\/wp\/v2\/media\/29846"}],"wp:attachment":[{"href":"https:\/\/sunglassrevivers.com\/de\/wp-json\/wp\/v2\/media?parent=29759"}],"wp:term":[{"taxonomy":"product_brand","embeddable":true,"href":"https:\/\/sunglassrevivers.com\/de\/wp-json\/wp\/v2\/product_brand?post=29759"},{"taxonomy":"product_cat","embeddable":true,"href":"https:\/\/sunglassrevivers.com\/de\/wp-json\/wp\/v2\/product_cat?post=29759"},{"taxonomy":"product_tag","embeddable":true,"href":"https:\/\/sunglassrevivers.com\/de\/wp-json\/wp\/v2\/product_tag?post=29759"}],"curies":[{"name":"wp","href":"https:\/\/api.w.org\/{rel}","templated":true}]}}