{"id":29761,"date":"2025-08-19T09:06:51","date_gmt":"2025-08-19T08:06:51","guid":{"rendered":"https:\/\/sunglassrevivers.com\/de\/?post_type=product&#038;p=29761"},"modified":"2025-11-13T13:36:49","modified_gmt":"2025-11-13T12:36:49","slug":"ersatzglaeser-fuer-oakley-8153-metalink","status":"publish","type":"product","link":"https:\/\/sunglassrevivers.com\/de\/produkt\/ersatzglaeser-fuer-oakley-8153-metalink\/","title":{"rendered":"Ersatzgl\u00e4ser f\u00fcr Oakley 8153 METALINK"},"content":{"rendered":"<p>Verbessern Sie Ihr visuelles Erlebnis mit Ihren Oakley-Brillen, indem Sie die <strong>Ersatzgl\u00e4ser f\u00fcr Oakley 8153 METALINK<\/strong> erkunden. Fachm\u00e4nnisch entwickelt, bieten diese Gl\u00e4ser ein neues Ma\u00df an Klarheit und Komfort dank ihrer TAC- und Polycarbonat-Konstruktion. Sie garantieren Langlebigkeit und sind die perfekte L\u00f6sung f\u00fcr einen aktiven Lebensstil.<\/p>\n<p>Die <strong>Ersatzgl\u00e4ser f\u00fcr Oakley 8153 METALINK<\/strong> verf\u00fcgen \u00fcber eine <em>rechteckige Form<\/em>, die ideal zur Struktur des Modells passt und das urspr\u00fcngliche Aussehen und den Sitz beibeh\u00e4lt. Mit einer H\u00f6he von 35 mm und einem Durchmesser von 57 mm sind sie die perfekte Wahl f\u00fcr alle, die Wert auf Details und modernes Design legen. Zus\u00e4tzlich bietet ihre Basis 4 Kr\u00fcmmung au\u00dfergew\u00f6hnliche Panoramablicke, die Ihr Sichtfeld maximieren.<\/p>\n<ul>\n<li>Material: TAC und Polycarbonat.<\/li>\n<li>Form: Rechteckig.<\/li>\n<li>H\u00f6he: 35 mm.<\/li>\n<li>Durchmesser: 57 mm.<\/li>\n<li>Kr\u00fcmmung: Basis 4.<\/li>\n<\/ul>\n<p>Geben Sie sich nicht mit weniger zufrieden! Mit den <strong>Ersatzgl\u00e4ser f\u00fcr Oakley 8153 METALINK<\/strong> genie\u00dfen Sie ein unvergleichliches visuelles Erlebnis und bewahren den unverwechselbaren Stil Ihrer Oakley-Brillen.Das Produkt Ersatzgl\u00e4ser f\u00fcr Oakley 8153 METALINK ist kein Originalprodukt, das von Oakley\u00ae hergestellt oder unterst\u00fctzt wird, sofern in der Produktbeschreibung nicht anders angegeben. Sunglass Revivers ist nicht mit Oakley\u00ae oder der Luxottica Group verbunden, assoziiert oder von ihnen gesponsert.<\/p>\n","protected":false},"excerpt":{"rendered":"<p>Verbessern Sie Ihr visuelles Erlebnis mit Ihren Oakley-Brillen, indem Sie die Ersatzgl\u00e4ser f\u00fcr Oakley 8153 METALINK erkunden. Fachm\u00e4nnisch entwickelt, bieten diese Gl\u00e4ser ein neues Ma\u00df an Klarheit und Komfort dank ihrer TAC- und Polycarbonat-Konstruktion. Sie garantieren Langlebigkeit und sind die perfekte L\u00f6sung f\u00fcr einen aktiven Lebensstil. Die Ersatzgl\u00e4ser f\u00fcr Oakley 8153 METALINK verf\u00fcgen \u00fcber eine &#8230; <a title=\"Ersatzgl\u00e4ser f\u00fcr Oakley 8153 METALINK\" class=\"read-more\" href=\"https:\/\/sunglassrevivers.com\/de\/produkt\/ersatzglaeser-fuer-oakley-8153-metalink\/\" aria-label=\"Mehr Informationen \u00fcber Ersatzgl\u00e4ser f\u00fcr Oakley 8153 METALINK\">Weiterlesen &#8230;<\/a><\/p>\n","protected":false},"featured_media":29900,"comment_status":"open","ping_status":"closed","template":"","meta":{"_acf_changed":false},"product_brand":[],"product_cat":[1353,1744],"product_tag":[],"class_list":{"0":"post-29761","1":"product","2":"type-product","3":"status-publish","4":"has-post-thumbnail","6":"product_cat-ersatzglaeser","7":"product_cat-oakley-ersatzglaeser","8":"sales-flash-overlay","9":"woocommerce-text-align-center","10":"woocommerce-image-align-center","11":"do-quantity-buttons","13":"first","14":"instock","15":"taxable","16":"shipping-taxable","17":"purchasable","18":"product-type-variable"},"acf":[],"_links":{"self":[{"href":"https:\/\/sunglassrevivers.com\/de\/wp-json\/wp\/v2\/product\/29761","targetHints":{"allow":["GET"]}}],"collection":[{"href":"https:\/\/sunglassrevivers.com\/de\/wp-json\/wp\/v2\/product"}],"about":[{"href":"https:\/\/sunglassrevivers.com\/de\/wp-json\/wp\/v2\/types\/product"}],"replies":[{"embeddable":true,"href":"https:\/\/sunglassrevivers.com\/de\/wp-json\/wp\/v2\/comments?post=29761"}],"version-history":[{"count":2,"href":"https:\/\/sunglassrevivers.com\/de\/wp-json\/wp\/v2\/product\/29761\/revisions"}],"predecessor-version":[{"id":30664,"href":"https:\/\/sunglassrevivers.com\/de\/wp-json\/wp\/v2\/product\/29761\/revisions\/30664"}],"wp:featuredmedia":[{"embeddable":true,"href":"https:\/\/sunglassrevivers.com\/de\/wp-json\/wp\/v2\/media\/29900"}],"wp:attachment":[{"href":"https:\/\/sunglassrevivers.com\/de\/wp-json\/wp\/v2\/media?parent=29761"}],"wp:term":[{"taxonomy":"product_brand","embeddable":true,"href":"https:\/\/sunglassrevivers.com\/de\/wp-json\/wp\/v2\/product_brand?post=29761"},{"taxonomy":"product_cat","embeddable":true,"href":"https:\/\/sunglassrevivers.com\/de\/wp-json\/wp\/v2\/product_cat?post=29761"},{"taxonomy":"product_tag","embeddable":true,"href":"https:\/\/sunglassrevivers.com\/de\/wp-json\/wp\/v2\/product_tag?post=29761"}],"curies":[{"name":"wp","href":"https:\/\/api.w.org\/{rel}","templated":true}]}}