{"id":29767,"date":"2025-08-19T09:09:55","date_gmt":"2025-08-19T08:09:55","guid":{"rendered":"https:\/\/sunglassrevivers.com\/de\/?post_type=product&#038;p=29767"},"modified":"2025-11-13T13:36:49","modified_gmt":"2025-11-13T12:36:49","slug":"ersatzglaeser-fuer-oakley-9244-holbrook-a","status":"publish","type":"product","link":"https:\/\/sunglassrevivers.com\/de\/produkt\/ersatzglaeser-fuer-oakley-9244-holbrook-a\/","title":{"rendered":"Ersatzgl\u00e4ser f\u00fcr Oakley 9244 HOLBROOK (A)"},"content":{"rendered":"<p>Die <strong>Ersatzgl\u00e4ser f\u00fcr Oakley 9244 HOLBROOK (A)<\/strong> sind nicht nur ein essenzielles Element zur Wiederherstellung Ihrer Lieblingsbrille, sondern auch eine Gelegenheit, Ihr Seherlebnis zu verbessern. Sorgf\u00e4ltig entworfen, um optische Pr\u00e4zision und Komfort zu gew\u00e4hrleisten, bieten diese Gl\u00e4ser au\u00dfergew\u00f6hnliche Klarheit und optimalen UV-Schutz.<\/p>\n<ul>\n<li><strong>Modell:<\/strong> 9244 HOLBROOK (A)<\/li>\n<li><strong>Form:<\/strong> Rechteckig<\/li>\n<li><strong>H\u00f6he:<\/strong> 43 mm<\/li>\n<li><strong>Durchmesser:<\/strong> 63 mm<\/li>\n<li><strong>W\u00f6lbung:<\/strong> Basis 6<\/li>\n<li><strong>Material:<\/strong> TAC und Polycarbonat<\/li>\n<\/ul>\n<p>Die Verwendung von <strong>TAC- und Polycarbonat-Material<\/strong> gew\u00e4hrleistet eine \u00fcberlegene Schlagfestigkeit, w\u00e4hrend das Design mit Basis 6-Kr\u00fcmmung sich perfekt f\u00fcr ein komfortables und sicheres Trageerlebnis anpasst. Durch die Erneuerung Ihrer Brille mit diesen <strong>Ersatzgl\u00e4sern f\u00fcr Oakley 9244 HOLBROOK (A)<\/strong> werden Sie eine Welt voller lebendiger Farben und scharfer Details ohne Kompromisse im klassischen Stil der Oakley HOLBROOK neu entdecken.Das Produkt Ersatzgl\u00e4ser f\u00fcr Oakley 9244 HOLBROOK (A) ist kein Originalprodukt, das von Oakley\u00ae hergestellt oder unterst\u00fctzt wird, sofern in der Produktbeschreibung nicht anders angegeben. Sunglass Revivers ist nicht mit Oakley\u00ae oder der Luxottica Group verbunden, assoziiert oder von ihnen gesponsert.<\/p>\n","protected":false},"excerpt":{"rendered":"<p>Die Ersatzgl\u00e4ser f\u00fcr Oakley 9244 HOLBROOK (A) sind nicht nur ein essenzielles Element zur Wiederherstellung Ihrer Lieblingsbrille, sondern auch eine Gelegenheit, Ihr Seherlebnis zu verbessern. Sorgf\u00e4ltig entworfen, um optische Pr\u00e4zision und Komfort zu gew\u00e4hrleisten, bieten diese Gl\u00e4ser au\u00dfergew\u00f6hnliche Klarheit und optimalen UV-Schutz. Modell: 9244 HOLBROOK (A) Form: Rechteckig H\u00f6he: 43 mm Durchmesser: 63 mm W\u00f6lbung: &#8230; <a title=\"Ersatzgl\u00e4ser f\u00fcr Oakley 9244 HOLBROOK (A)\" class=\"read-more\" href=\"https:\/\/sunglassrevivers.com\/de\/produkt\/ersatzglaeser-fuer-oakley-9244-holbrook-a\/\" aria-label=\"Mehr Informationen \u00fcber Ersatzgl\u00e4ser f\u00fcr Oakley 9244 HOLBROOK (A)\">Weiterlesen &#8230;<\/a><\/p>\n","protected":false},"featured_media":29852,"comment_status":"open","ping_status":"closed","template":"","meta":{"_acf_changed":false},"product_brand":[],"product_cat":[1353,1744],"product_tag":[],"class_list":{"0":"post-29767","1":"product","2":"type-product","3":"status-publish","4":"has-post-thumbnail","6":"product_cat-ersatzglaeser","7":"product_cat-oakley-ersatzglaeser","8":"sales-flash-overlay","9":"woocommerce-text-align-center","10":"woocommerce-image-align-center","11":"do-quantity-buttons","13":"first","14":"instock","15":"taxable","16":"shipping-taxable","17":"purchasable","18":"product-type-variable"},"acf":[],"_links":{"self":[{"href":"https:\/\/sunglassrevivers.com\/de\/wp-json\/wp\/v2\/product\/29767","targetHints":{"allow":["GET"]}}],"collection":[{"href":"https:\/\/sunglassrevivers.com\/de\/wp-json\/wp\/v2\/product"}],"about":[{"href":"https:\/\/sunglassrevivers.com\/de\/wp-json\/wp\/v2\/types\/product"}],"replies":[{"embeddable":true,"href":"https:\/\/sunglassrevivers.com\/de\/wp-json\/wp\/v2\/comments?post=29767"}],"version-history":[{"count":2,"href":"https:\/\/sunglassrevivers.com\/de\/wp-json\/wp\/v2\/product\/29767\/revisions"}],"predecessor-version":[{"id":30667,"href":"https:\/\/sunglassrevivers.com\/de\/wp-json\/wp\/v2\/product\/29767\/revisions\/30667"}],"wp:featuredmedia":[{"embeddable":true,"href":"https:\/\/sunglassrevivers.com\/de\/wp-json\/wp\/v2\/media\/29852"}],"wp:attachment":[{"href":"https:\/\/sunglassrevivers.com\/de\/wp-json\/wp\/v2\/media?parent=29767"}],"wp:term":[{"taxonomy":"product_brand","embeddable":true,"href":"https:\/\/sunglassrevivers.com\/de\/wp-json\/wp\/v2\/product_brand?post=29767"},{"taxonomy":"product_cat","embeddable":true,"href":"https:\/\/sunglassrevivers.com\/de\/wp-json\/wp\/v2\/product_cat?post=29767"},{"taxonomy":"product_tag","embeddable":true,"href":"https:\/\/sunglassrevivers.com\/de\/wp-json\/wp\/v2\/product_tag?post=29767"}],"curies":[{"name":"wp","href":"https:\/\/api.w.org\/{rel}","templated":true}]}}