{"id":30192,"date":"2025-09-03T17:07:58","date_gmt":"2025-09-03T16:07:58","guid":{"rendered":"https:\/\/sunglassrevivers.com\/de\/?post_type=product&#038;p=30192"},"modified":"2026-04-14T16:17:05","modified_gmt":"2026-04-14T15:17:05","slug":"ersatzglaeser-fuer-oakley-9021-hijinx","status":"publish","type":"product","link":"https:\/\/sunglassrevivers.com\/de\/produkt\/ersatzglaeser-fuer-oakley-9021-hijinx\/","title":{"rendered":"Ersatzgl\u00e4ser f\u00fcr Oakley 9021 HIJINX"},"content":{"rendered":"<p>Die <strong>Ersatzgl\u00e4ser f\u00fcr Oakley 9021 HIJINX<\/strong> sind perfekt f\u00fcr diejenigen, die ihre Lieblings-Sonnenbrillen von Oakley wiederherstellen m\u00f6chten. Mit einer modernen <em>rechteckigen Form<\/em> und einer H\u00f6he von 40 mm verbessern diese Gl\u00e4ser nicht nur die \u00c4sthetik, sondern optimieren auch das visuelle Erlebnis.<\/p>\n<ul>\n<li><strong>Durchmesser<\/strong>: 68 mm, entwickelt, um reichlich Abdeckung und vollst\u00e4ndigen UV-Schutz zu bieten.<\/li>\n<li><strong>Kr\u00fcmmung<\/strong>: Das torische Glas bietet klare und scharfe periphere Sicht.<\/li>\n<li><strong>Material<\/strong>: Aus TAC und Polycarbonat, gew\u00e4hrleistet Haltbarkeit, Schlagfestigkeit und Leichtigkeit.<\/li>\n<\/ul>\n<p>Die <strong>Ersatzgl\u00e4ser f\u00fcr Oakley 9021 HIJINX<\/strong> vereinen Innovation und Technologie, um \u00fcberlegenen Komfort den ganzen Tag \u00fcber zu bieten. Perfekt f\u00fcr alle, die sowohl Leistung als auch Stil sch\u00e4tzen. Der Austausch Ihrer abgenutzten Gl\u00e4ser war noch nie so einfach und effektiv. Lassen Sie Ihre Sicht nicht durch Verschlei\u00df beeintr\u00e4chtigen; aktualisieren Sie Ihre Brille mit diesen hochwertigen Ersatzgl\u00e4sern und f\u00fchlen Sie den Unterschied.Das Produkt Ersatzgl\u00e4ser f\u00fcr Oakley 9021 HIJINX ist kein Originalprodukt, das von Oakley\u00ae hergestellt oder unterst\u00fctzt wird, sofern in der Produktbeschreibung nicht anders angegeben. Sunglass Revivers ist nicht mit Oakley\u00ae oder der Luxottica Group verbunden, assoziiert oder von ihnen gesponsert.<\/p>\n","protected":false},"excerpt":{"rendered":"<p>Die Ersatzgl\u00e4ser f\u00fcr Oakley 9021 HIJINX sind perfekt f\u00fcr diejenigen, die ihre Lieblings-Sonnenbrillen von Oakley wiederherstellen m\u00f6chten. Mit einer modernen rechteckigen Form und einer H\u00f6he von 40 mm verbessern diese Gl\u00e4ser nicht nur die \u00c4sthetik, sondern optimieren auch das visuelle Erlebnis. Durchmesser: 68 mm, entwickelt, um reichlich Abdeckung und vollst\u00e4ndigen UV-Schutz zu bieten. Kr\u00fcmmung: Das &#8230; <a title=\"Ersatzgl\u00e4ser f\u00fcr Oakley 9021 HIJINX\" class=\"read-more\" href=\"https:\/\/sunglassrevivers.com\/de\/produkt\/ersatzglaeser-fuer-oakley-9021-hijinx\/\" aria-label=\"Mehr Informationen \u00fcber Ersatzgl\u00e4ser f\u00fcr Oakley 9021 HIJINX\">Weiterlesen &#8230;<\/a><\/p>\n","protected":false},"featured_media":30250,"comment_status":"open","ping_status":"closed","template":"","meta":{"_acf_changed":false},"product_brand":[],"product_cat":[1353,1744],"product_tag":[],"class_list":{"0":"post-30192","1":"product","2":"type-product","3":"status-publish","4":"has-post-thumbnail","6":"product_cat-ersatzglaeser","7":"product_cat-oakley-ersatzglaeser","8":"sales-flash-overlay","9":"woocommerce-text-align-center","10":"woocommerce-image-align-center","11":"do-quantity-buttons","13":"first","14":"instock","15":"taxable","16":"shipping-taxable","17":"purchasable","18":"product-type-variable"},"acf":[],"_links":{"self":[{"href":"https:\/\/sunglassrevivers.com\/de\/wp-json\/wp\/v2\/product\/30192","targetHints":{"allow":["GET"]}}],"collection":[{"href":"https:\/\/sunglassrevivers.com\/de\/wp-json\/wp\/v2\/product"}],"about":[{"href":"https:\/\/sunglassrevivers.com\/de\/wp-json\/wp\/v2\/types\/product"}],"replies":[{"embeddable":true,"href":"https:\/\/sunglassrevivers.com\/de\/wp-json\/wp\/v2\/comments?post=30192"}],"version-history":[{"count":2,"href":"https:\/\/sunglassrevivers.com\/de\/wp-json\/wp\/v2\/product\/30192\/revisions"}],"predecessor-version":[{"id":30669,"href":"https:\/\/sunglassrevivers.com\/de\/wp-json\/wp\/v2\/product\/30192\/revisions\/30669"}],"wp:featuredmedia":[{"embeddable":true,"href":"https:\/\/sunglassrevivers.com\/de\/wp-json\/wp\/v2\/media\/30250"}],"wp:attachment":[{"href":"https:\/\/sunglassrevivers.com\/de\/wp-json\/wp\/v2\/media?parent=30192"}],"wp:term":[{"taxonomy":"product_brand","embeddable":true,"href":"https:\/\/sunglassrevivers.com\/de\/wp-json\/wp\/v2\/product_brand?post=30192"},{"taxonomy":"product_cat","embeddable":true,"href":"https:\/\/sunglassrevivers.com\/de\/wp-json\/wp\/v2\/product_cat?post=30192"},{"taxonomy":"product_tag","embeddable":true,"href":"https:\/\/sunglassrevivers.com\/de\/wp-json\/wp\/v2\/product_tag?post=30192"}],"curies":[{"name":"wp","href":"https:\/\/api.w.org\/{rel}","templated":true}]}}