{"id":30194,"date":"2025-09-03T17:09:29","date_gmt":"2025-09-03T16:09:29","guid":{"rendered":"https:\/\/sunglassrevivers.com\/de\/?post_type=product&#038;p=30194"},"modified":"2025-11-13T13:36:50","modified_gmt":"2025-11-13T12:36:50","slug":"ersatzglaeser-fuer-oakley-9253-si-ballistic-det-cord","status":"publish","type":"product","link":"https:\/\/sunglassrevivers.com\/de\/produkt\/ersatzglaeser-fuer-oakley-9253-si-ballistic-det-cord\/","title":{"rendered":"Ersatzgl\u00e4ser f\u00fcr Oakley 9253 SI Ballistic Det Cord"},"content":{"rendered":"<p>Die <strong>Ersatzgl\u00e4ser f\u00fcr Oakley 9253 SI Ballistic Det Cord<\/strong> bieten die perfekte Kombination aus Stil und Funktionalit\u00e4t. Speziell entwickelt, um optimalen Schutz zu gew\u00e4hrleisten, sind diese Gl\u00e4ser ideal f\u00fcr diejenigen, die die beste visuelle Qualit\u00e4t verlangen.<\/p>\n<p>Mit einer <strong>rechteckigen Form<\/strong> verbessern diese Gl\u00e4ser nicht nur die Leistung, sondern sorgen auch f\u00fcr eine perfekte Passform f\u00fcr Oakley 9253 SI Ballistic Det Cord Brillen. Mit einer <strong>H\u00f6he von 41 mm<\/strong> und einem <strong>Durchmesser von 67 mm<\/strong> garantieren sie eine au\u00dfergew\u00f6hnliche Abdeckung.<\/p>\n<ul>\n<li><strong>Haltbarkeit und Klarheit:<\/strong> Hergestellt aus hochwertigen Materialien wie <strong>TAC<\/strong> und <strong>Polycarbonat<\/strong>, sind diese Gl\u00e4ser schlagfest, ohne die visuelle Klarheit zu beeintr\u00e4chtigen.<\/li>\n<li><strong>Torische Kr\u00fcmmung:<\/strong> Die torische Kr\u00fcmmung bietet ein intensives und klares visuelles Erlebnis und reduziert die Augenbelastung.<\/li>\n<li><strong>Unvergleichliche Leistung:<\/strong> Ob bei Sonneneinstrahlung oder in anspruchsvollen Umgebungen, die Ersatzgl\u00e4ser f\u00fcr Oakley 9253 SI Ballistic Det Cord garantieren eine unvergleichliche Sicht.<\/li>\n<\/ul>\n<p>Mit diesen Gl\u00e4sern k\u00f6nnen Sie sich in jeder Situation auf \u00fcberlegene Leistung verlassen. Ideal f\u00fcr den t\u00e4glichen Gebrauch oder f\u00fcr Profis, die Haltbarkeit und Stil suchen. Sie kaufen nicht nur ein Produkt, sondern eine Erweiterung der Oakley-Qualit\u00e4t.Das Produkt Ersatzgl\u00e4ser f\u00fcr Oakley 9253 SI Ballistic Det Cord ist kein Originalprodukt, das von Oakley\u00ae hergestellt oder unterst\u00fctzt wird, sofern in der Produktbeschreibung nicht anders angegeben. Sunglass Revivers ist nicht mit Oakley\u00ae oder der Luxottica Group verbunden, assoziiert oder von ihnen gesponsert.<\/p>\n","protected":false},"excerpt":{"rendered":"<p>Die Ersatzgl\u00e4ser f\u00fcr Oakley 9253 SI Ballistic Det Cord bieten die perfekte Kombination aus Stil und Funktionalit\u00e4t. Speziell entwickelt, um optimalen Schutz zu gew\u00e4hrleisten, sind diese Gl\u00e4ser ideal f\u00fcr diejenigen, die die beste visuelle Qualit\u00e4t verlangen. Mit einer rechteckigen Form verbessern diese Gl\u00e4ser nicht nur die Leistung, sondern sorgen auch f\u00fcr eine perfekte Passform f\u00fcr &#8230; <a title=\"Ersatzgl\u00e4ser f\u00fcr Oakley 9253 SI Ballistic Det Cord\" class=\"read-more\" href=\"https:\/\/sunglassrevivers.com\/de\/produkt\/ersatzglaeser-fuer-oakley-9253-si-ballistic-det-cord\/\" aria-label=\"Mehr Informationen \u00fcber Ersatzgl\u00e4ser f\u00fcr Oakley 9253 SI Ballistic Det Cord\">Weiterlesen &#8230;<\/a><\/p>\n","protected":false},"featured_media":30252,"comment_status":"open","ping_status":"closed","template":"","meta":{"_acf_changed":false},"product_brand":[],"product_cat":[1353,1744],"product_tag":[],"class_list":{"0":"post-30194","1":"product","2":"type-product","3":"status-publish","4":"has-post-thumbnail","6":"product_cat-ersatzglaeser","7":"product_cat-oakley-ersatzglaeser","8":"sales-flash-overlay","9":"woocommerce-text-align-center","10":"woocommerce-image-align-center","11":"do-quantity-buttons","13":"first","14":"instock","15":"taxable","16":"shipping-taxable","17":"purchasable","18":"product-type-variable"},"acf":[],"_links":{"self":[{"href":"https:\/\/sunglassrevivers.com\/de\/wp-json\/wp\/v2\/product\/30194","targetHints":{"allow":["GET"]}}],"collection":[{"href":"https:\/\/sunglassrevivers.com\/de\/wp-json\/wp\/v2\/product"}],"about":[{"href":"https:\/\/sunglassrevivers.com\/de\/wp-json\/wp\/v2\/types\/product"}],"replies":[{"embeddable":true,"href":"https:\/\/sunglassrevivers.com\/de\/wp-json\/wp\/v2\/comments?post=30194"}],"version-history":[{"count":2,"href":"https:\/\/sunglassrevivers.com\/de\/wp-json\/wp\/v2\/product\/30194\/revisions"}],"predecessor-version":[{"id":30670,"href":"https:\/\/sunglassrevivers.com\/de\/wp-json\/wp\/v2\/product\/30194\/revisions\/30670"}],"wp:featuredmedia":[{"embeddable":true,"href":"https:\/\/sunglassrevivers.com\/de\/wp-json\/wp\/v2\/media\/30252"}],"wp:attachment":[{"href":"https:\/\/sunglassrevivers.com\/de\/wp-json\/wp\/v2\/media?parent=30194"}],"wp:term":[{"taxonomy":"product_brand","embeddable":true,"href":"https:\/\/sunglassrevivers.com\/de\/wp-json\/wp\/v2\/product_brand?post=30194"},{"taxonomy":"product_cat","embeddable":true,"href":"https:\/\/sunglassrevivers.com\/de\/wp-json\/wp\/v2\/product_cat?post=30194"},{"taxonomy":"product_tag","embeddable":true,"href":"https:\/\/sunglassrevivers.com\/de\/wp-json\/wp\/v2\/product_tag?post=30194"}],"curies":[{"name":"wp","href":"https:\/\/api.w.org\/{rel}","templated":true}]}}