{"id":30200,"date":"2025-09-03T17:18:17","date_gmt":"2025-09-03T16:18:17","guid":{"rendered":"https:\/\/sunglassrevivers.com\/de\/?post_type=product&#038;p=30200"},"modified":"2025-11-13T13:36:51","modified_gmt":"2025-11-13T12:36:51","slug":"ersatzglaeser-fuer-oakley-9165-crank-case","status":"publish","type":"product","link":"https:\/\/sunglassrevivers.com\/de\/produkt\/ersatzglaeser-fuer-oakley-9165-crank-case\/","title":{"rendered":"Ersatzgl\u00e4ser f\u00fcr Oakley 9165 CRANK CASE"},"content":{"rendered":"<p>Entdecken Sie die perfekte M\u00f6glichkeit, Ihre <strong>Oakley 9165 CRANK CASE Brillen<\/strong> in optimalem Zustand zu halten mit unseren <strong>Ersatzgl\u00e4sern f\u00fcr Oakley 9165 CRANK CASE<\/strong>. Sorgf\u00e4ltig entwickelt, um sich Ihrem aktiven Lebensstil anzupassen, stellen diese Gl\u00e4ser nicht nur die klare Sicht wieder her, die Sie lieben, sondern bieten auch au\u00dfergew\u00f6hnlichen Schutz und Haltbarkeit.<\/p>\n<ul>\n<li><strong>Perfekte Passform<\/strong>: Jedes Paar <strong>Ersatzgl\u00e4ser f\u00fcr Oakley 9165 CRANK CASE<\/strong> ist so gefertigt, dass es perfekt passt und Ihrem Lieblingsbrillen sofort ein Upgrade verleiht.<\/li>\n<li><strong>Hochwertige Qualit\u00e4t<\/strong>: Hergestellt aus fortschrittlichen Materialien wie TAC und Polycarbonat, bieten sie eine \u00fcberlegene Widerstandsf\u00e4higkeit gegen St\u00f6\u00dfe und Kratzer.<\/li>\n<li><strong>UV-Schutz<\/strong>: Mit einer speziell entwickelten torischen Linsenkr\u00fcmmung, die den UV-Schutz maximiert, sind Ihre Augen immer sicher unter der Sonne.<\/li>\n<\/ul>\n<p>Mit unseren Optionen f\u00fcr <strong>Ersatzgl\u00e4ser f\u00fcr Oakley 9165 CRANK CASE<\/strong> sorgen Sie jederzeit f\u00fcr ein klares Seherlebnis. Beleben Sie Ihre Brillen mit der Sicherheit und dem Stil, den nur Oakley bieten kann!Das Produkt Ersatzgl\u00e4ser f\u00fcr Oakley 9165 CRANK CASE ist kein Originalprodukt, das von Oakley\u00ae hergestellt oder unterst\u00fctzt wird, sofern in der Produktbeschreibung nicht anders angegeben. Sunglass Revivers ist nicht mit Oakley\u00ae oder der Luxottica Group verbunden, assoziiert oder von ihnen gesponsert.<\/p>\n","protected":false},"excerpt":{"rendered":"<p>Entdecken Sie die perfekte M\u00f6glichkeit, Ihre Oakley 9165 CRANK CASE Brillen in optimalem Zustand zu halten mit unseren Ersatzgl\u00e4sern f\u00fcr Oakley 9165 CRANK CASE. Sorgf\u00e4ltig entwickelt, um sich Ihrem aktiven Lebensstil anzupassen, stellen diese Gl\u00e4ser nicht nur die klare Sicht wieder her, die Sie lieben, sondern bieten auch au\u00dfergew\u00f6hnlichen Schutz und Haltbarkeit. Perfekte Passform: Jedes &#8230; <a title=\"Ersatzgl\u00e4ser f\u00fcr Oakley 9165 CRANK CASE\" class=\"read-more\" href=\"https:\/\/sunglassrevivers.com\/de\/produkt\/ersatzglaeser-fuer-oakley-9165-crank-case\/\" aria-label=\"Mehr Informationen \u00fcber Ersatzgl\u00e4ser f\u00fcr Oakley 9165 CRANK CASE\">Weiterlesen &#8230;<\/a><\/p>\n","protected":false},"featured_media":30254,"comment_status":"open","ping_status":"closed","template":"","meta":{"_acf_changed":false},"product_brand":[],"product_cat":[1353,1744],"product_tag":[],"class_list":{"0":"post-30200","1":"product","2":"type-product","3":"status-publish","4":"has-post-thumbnail","6":"product_cat-ersatzglaeser","7":"product_cat-oakley-ersatzglaeser","8":"sales-flash-overlay","9":"woocommerce-text-align-center","10":"woocommerce-image-align-center","11":"do-quantity-buttons","13":"first","14":"instock","15":"taxable","16":"shipping-taxable","17":"purchasable","18":"product-type-variable"},"acf":[],"_links":{"self":[{"href":"https:\/\/sunglassrevivers.com\/de\/wp-json\/wp\/v2\/product\/30200","targetHints":{"allow":["GET"]}}],"collection":[{"href":"https:\/\/sunglassrevivers.com\/de\/wp-json\/wp\/v2\/product"}],"about":[{"href":"https:\/\/sunglassrevivers.com\/de\/wp-json\/wp\/v2\/types\/product"}],"replies":[{"embeddable":true,"href":"https:\/\/sunglassrevivers.com\/de\/wp-json\/wp\/v2\/comments?post=30200"}],"version-history":[{"count":2,"href":"https:\/\/sunglassrevivers.com\/de\/wp-json\/wp\/v2\/product\/30200\/revisions"}],"predecessor-version":[{"id":30673,"href":"https:\/\/sunglassrevivers.com\/de\/wp-json\/wp\/v2\/product\/30200\/revisions\/30673"}],"wp:featuredmedia":[{"embeddable":true,"href":"https:\/\/sunglassrevivers.com\/de\/wp-json\/wp\/v2\/media\/30254"}],"wp:attachment":[{"href":"https:\/\/sunglassrevivers.com\/de\/wp-json\/wp\/v2\/media?parent=30200"}],"wp:term":[{"taxonomy":"product_brand","embeddable":true,"href":"https:\/\/sunglassrevivers.com\/de\/wp-json\/wp\/v2\/product_brand?post=30200"},{"taxonomy":"product_cat","embeddable":true,"href":"https:\/\/sunglassrevivers.com\/de\/wp-json\/wp\/v2\/product_cat?post=30200"},{"taxonomy":"product_tag","embeddable":true,"href":"https:\/\/sunglassrevivers.com\/de\/wp-json\/wp\/v2\/product_tag?post=30200"}],"curies":[{"name":"wp","href":"https:\/\/api.w.org\/{rel}","templated":true}]}}