{"id":30210,"date":"2025-09-03T17:34:01","date_gmt":"2025-09-03T16:34:01","guid":{"rendered":"https:\/\/sunglassrevivers.com\/de\/?post_type=product&#038;p=30210"},"modified":"2025-11-13T13:36:51","modified_gmt":"2025-11-13T12:36:51","slug":"ersatzglaeser-fuer-oakley-3012-addams","status":"publish","type":"product","link":"https:\/\/sunglassrevivers.com\/de\/produkt\/ersatzglaeser-fuer-oakley-3012-addams\/","title":{"rendered":"Ersatzgl\u00e4ser f\u00fcr Oakley 3012 ADDAMS"},"content":{"rendered":"<p>Erleben Sie unvergleichliche visuelle Exzellenz mit unseren <strong>Ersatzgl\u00e4ser f\u00fcr Oakley 3012 ADDAMS<\/strong>. Speziell entwickelt, um zum ikonischen ADDAMS-Modell zu passen, bieten diese Gl\u00e4ser die perfekte Mischung aus Stil und Funktionalit\u00e4t.<\/p>\n<p>Mit einer rechteckigen Form haben die Gl\u00e4ser einen Durchmesser von 58,61 mm und eine H\u00f6he von 36,37 mm, um optimalen Schutz Ihrer Augen vor \u00e4u\u00dferen Einfl\u00fcssen zu bieten.<\/p>\n<p>Gefertigt aus hochwertigen Materialien wie TAC und Polycarbonat, garantieren die <strong>Ersatzgl\u00e4ser f\u00fcr Oakley 3012 ADDAMS<\/strong> nicht nur Langlebigkeit, sondern auch Leichtigkeit f\u00fcr l\u00e4ngeren Tragekomfort ohne Unannehmlichkeiten.<\/p>\n<ul>\n<li><strong>Hervorragende optische Qualit\u00e4t:<\/strong> Genie\u00dfen Sie un\u00fcbertroffene Klarheit unter jeglichen Bedingungen.<\/li>\n<li><strong>UV-Schutz:<\/strong> Entwickelt, um sch\u00e4dliche UV-Strahlen zu blockieren und die Gesundheit Ihrer Augen zu bewahren.<\/li>\n<li><strong>Unverw\u00fcstliche Leistung:<\/strong> Mit einer Basiskr\u00fcmmung von 4 bieten sie eine bequeme und sichere Passform.<\/li>\n<\/ul>\n<p>Verpassen Sie nicht die Gelegenheit, Ihre Sicht zu verbessern. Mit den <strong>Ersatzgl\u00e4ser f\u00fcr Oakley 3012 ADDAMS<\/strong> entdecken Sie die Welt mit un\u00fcbertroffener Klarheit und Stil neu.Das Produkt Ersatzgl\u00e4ser f\u00fcr Oakley 3012 ADDAMS ist kein Originalprodukt, das von Oakley\u00ae hergestellt oder unterst\u00fctzt wird, sofern in der Produktbeschreibung nicht anders angegeben. Sunglass Revivers ist nicht mit Oakley\u00ae oder der Luxottica Group verbunden, assoziiert oder von ihnen gesponsert.<\/p>\n","protected":false},"excerpt":{"rendered":"<p>Erleben Sie unvergleichliche visuelle Exzellenz mit unseren Ersatzgl\u00e4ser f\u00fcr Oakley 3012 ADDAMS. Speziell entwickelt, um zum ikonischen ADDAMS-Modell zu passen, bieten diese Gl\u00e4ser die perfekte Mischung aus Stil und Funktionalit\u00e4t. Mit einer rechteckigen Form haben die Gl\u00e4ser einen Durchmesser von 58,61 mm und eine H\u00f6he von 36,37 mm, um optimalen Schutz Ihrer Augen vor \u00e4u\u00dferen &#8230; <a title=\"Ersatzgl\u00e4ser f\u00fcr Oakley 3012 ADDAMS\" class=\"read-more\" href=\"https:\/\/sunglassrevivers.com\/de\/produkt\/ersatzglaeser-fuer-oakley-3012-addams\/\" aria-label=\"Mehr Informationen \u00fcber Ersatzgl\u00e4ser f\u00fcr Oakley 3012 ADDAMS\">Weiterlesen &#8230;<\/a><\/p>\n","protected":false},"featured_media":30249,"comment_status":"open","ping_status":"closed","template":"","meta":{"_acf_changed":false},"product_brand":[],"product_cat":[1353,1744],"product_tag":[],"class_list":{"0":"post-30210","1":"product","2":"type-product","3":"status-publish","4":"has-post-thumbnail","6":"product_cat-ersatzglaeser","7":"product_cat-oakley-ersatzglaeser","8":"sales-flash-overlay","9":"woocommerce-text-align-center","10":"woocommerce-image-align-center","11":"do-quantity-buttons","13":"first","14":"instock","15":"taxable","16":"shipping-taxable","17":"purchasable","18":"product-type-variable"},"acf":[],"_links":{"self":[{"href":"https:\/\/sunglassrevivers.com\/de\/wp-json\/wp\/v2\/product\/30210","targetHints":{"allow":["GET"]}}],"collection":[{"href":"https:\/\/sunglassrevivers.com\/de\/wp-json\/wp\/v2\/product"}],"about":[{"href":"https:\/\/sunglassrevivers.com\/de\/wp-json\/wp\/v2\/types\/product"}],"replies":[{"embeddable":true,"href":"https:\/\/sunglassrevivers.com\/de\/wp-json\/wp\/v2\/comments?post=30210"}],"version-history":[{"count":2,"href":"https:\/\/sunglassrevivers.com\/de\/wp-json\/wp\/v2\/product\/30210\/revisions"}],"predecessor-version":[{"id":30678,"href":"https:\/\/sunglassrevivers.com\/de\/wp-json\/wp\/v2\/product\/30210\/revisions\/30678"}],"wp:featuredmedia":[{"embeddable":true,"href":"https:\/\/sunglassrevivers.com\/de\/wp-json\/wp\/v2\/media\/30249"}],"wp:attachment":[{"href":"https:\/\/sunglassrevivers.com\/de\/wp-json\/wp\/v2\/media?parent=30210"}],"wp:term":[{"taxonomy":"product_brand","embeddable":true,"href":"https:\/\/sunglassrevivers.com\/de\/wp-json\/wp\/v2\/product_brand?post=30210"},{"taxonomy":"product_cat","embeddable":true,"href":"https:\/\/sunglassrevivers.com\/de\/wp-json\/wp\/v2\/product_cat?post=30210"},{"taxonomy":"product_tag","embeddable":true,"href":"https:\/\/sunglassrevivers.com\/de\/wp-json\/wp\/v2\/product_tag?post=30210"}],"curies":[{"name":"wp","href":"https:\/\/api.w.org\/{rel}","templated":true}]}}