{"id":30212,"date":"2025-09-03T17:34:54","date_gmt":"2025-09-03T16:34:54","guid":{"rendered":"https:\/\/sunglassrevivers.com\/de\/?post_type=product&#038;p=30212"},"modified":"2025-11-13T13:36:51","modified_gmt":"2025-11-13T12:36:51","slug":"ersatzglaeser-fuer-oakley-8056-admission","status":"publish","type":"product","link":"https:\/\/sunglassrevivers.com\/de\/produkt\/ersatzglaeser-fuer-oakley-8056-admission\/","title":{"rendered":"Ersatzgl\u00e4ser f\u00fcr Oakley 8056 ADMISSION"},"content":{"rendered":"<p>Entdecken Sie die beste Option, um Ihre Brille mit <strong>Ersatzgl\u00e4ser f\u00fcr Oakley 8056 ADMISSION<\/strong> zu erneuern. Diese Gl\u00e4ser wurden entwickelt, um Ihnen eine klare und pr\u00e4zise Sicht zu bieten und bestehen aus hochwertigen Materialien wie TAC und Polycarbonat, die eine au\u00dfergew\u00f6hnliche Haltbarkeit gew\u00e4hrleisten. Ihre runde, elegante Form erg\u00e4nzt perfekt das Modell Oakley 8056 ADMISSION f\u00fcr eine sichere und perfekte Passform.<\/p>\n<p>Jedes Glas ist in drei verschiedenen H\u00f6hen erh\u00e4ltlich: 42, 43 und 45, sowie in Durchmessern von 57, 59 und 61, sodass Sie die perfekte Gr\u00f6\u00dfe f\u00fcr Ihre Bed\u00fcrfnisse finden k\u00f6nnen. Die Basiskr\u00fcmmung von 4 bietet eine Panoramaansicht und h\u00f6heren Augenkomfort, was sie ideal f\u00fcr jede Aktivit\u00e4t macht, vom t\u00e4glichen Gebrauch bis zum Sport.<\/p>\n<p>Mit <strong>Ersatzgl\u00e4ser f\u00fcr Oakley 8056 ADMISSION<\/strong> erneuern Sie nicht nur Ihre Brille, sondern verbessern auch Ihr visuelles Erlebnis mit Spitzentechnologie und bewahren dabei einen modernen und anspruchsvollen Stil.Das Produkt Ersatzgl\u00e4ser f\u00fcr Oakley 8056 ADMISSION ist kein Originalprodukt, das von Oakley\u00ae hergestellt oder unterst\u00fctzt wird, sofern in der Produktbeschreibung nicht anders angegeben. Sunglass Revivers ist nicht mit Oakley\u00ae oder der Luxottica Group verbunden, assoziiert oder von ihnen gesponsert.<\/p>\n","protected":false},"excerpt":{"rendered":"<p>Entdecken Sie die beste Option, um Ihre Brille mit Ersatzgl\u00e4ser f\u00fcr Oakley 8056 ADMISSION zu erneuern. Diese Gl\u00e4ser wurden entwickelt, um Ihnen eine klare und pr\u00e4zise Sicht zu bieten und bestehen aus hochwertigen Materialien wie TAC und Polycarbonat, die eine au\u00dfergew\u00f6hnliche Haltbarkeit gew\u00e4hrleisten. Ihre runde, elegante Form erg\u00e4nzt perfekt das Modell Oakley 8056 ADMISSION f\u00fcr &#8230; <a title=\"Ersatzgl\u00e4ser f\u00fcr Oakley 8056 ADMISSION\" class=\"read-more\" href=\"https:\/\/sunglassrevivers.com\/de\/produkt\/ersatzglaeser-fuer-oakley-8056-admission\/\" aria-label=\"Mehr Informationen \u00fcber Ersatzgl\u00e4ser f\u00fcr Oakley 8056 ADMISSION\">Weiterlesen &#8230;<\/a><\/p>\n","protected":false},"featured_media":30251,"comment_status":"open","ping_status":"closed","template":"","meta":{"_acf_changed":false},"product_brand":[],"product_cat":[1353,1744],"product_tag":[],"class_list":{"0":"post-30212","1":"product","2":"type-product","3":"status-publish","4":"has-post-thumbnail","6":"product_cat-ersatzglaeser","7":"product_cat-oakley-ersatzglaeser","8":"sales-flash-overlay","9":"woocommerce-text-align-center","10":"woocommerce-image-align-center","11":"do-quantity-buttons","13":"first","14":"instock","15":"taxable","16":"shipping-taxable","17":"purchasable","18":"product-type-variable"},"acf":[],"_links":{"self":[{"href":"https:\/\/sunglassrevivers.com\/de\/wp-json\/wp\/v2\/product\/30212","targetHints":{"allow":["GET"]}}],"collection":[{"href":"https:\/\/sunglassrevivers.com\/de\/wp-json\/wp\/v2\/product"}],"about":[{"href":"https:\/\/sunglassrevivers.com\/de\/wp-json\/wp\/v2\/types\/product"}],"replies":[{"embeddable":true,"href":"https:\/\/sunglassrevivers.com\/de\/wp-json\/wp\/v2\/comments?post=30212"}],"version-history":[{"count":2,"href":"https:\/\/sunglassrevivers.com\/de\/wp-json\/wp\/v2\/product\/30212\/revisions"}],"predecessor-version":[{"id":30679,"href":"https:\/\/sunglassrevivers.com\/de\/wp-json\/wp\/v2\/product\/30212\/revisions\/30679"}],"wp:featuredmedia":[{"embeddable":true,"href":"https:\/\/sunglassrevivers.com\/de\/wp-json\/wp\/v2\/media\/30251"}],"wp:attachment":[{"href":"https:\/\/sunglassrevivers.com\/de\/wp-json\/wp\/v2\/media?parent=30212"}],"wp:term":[{"taxonomy":"product_brand","embeddable":true,"href":"https:\/\/sunglassrevivers.com\/de\/wp-json\/wp\/v2\/product_brand?post=30212"},{"taxonomy":"product_cat","embeddable":true,"href":"https:\/\/sunglassrevivers.com\/de\/wp-json\/wp\/v2\/product_cat?post=30212"},{"taxonomy":"product_tag","embeddable":true,"href":"https:\/\/sunglassrevivers.com\/de\/wp-json\/wp\/v2\/product_tag?post=30212"}],"curies":[{"name":"wp","href":"https:\/\/api.w.org\/{rel}","templated":true}]}}