{"id":30214,"date":"2025-09-03T17:36:09","date_gmt":"2025-09-03T16:36:09","guid":{"rendered":"https:\/\/sunglassrevivers.com\/de\/?post_type=product&#038;p=30214"},"modified":"2025-11-13T13:36:51","modified_gmt":"2025-11-13T12:36:51","slug":"ersatzglaeser-fuer-oakley-8046-airdrop","status":"publish","type":"product","link":"https:\/\/sunglassrevivers.com\/de\/produkt\/ersatzglaeser-fuer-oakley-8046-airdrop\/","title":{"rendered":"Ersatzgl\u00e4ser f\u00fcr Oakley 8046 AIRDROP"},"content":{"rendered":"<p>Die <strong>Ersatzgl\u00e4ser f\u00fcr Oakley 8046 AIRDROP<\/strong> sind die perfekte Wahl f\u00fcr diejenigen, die ihre Oakley Brillen auffrischen oder personalisieren m\u00f6chten. Speziell f\u00fcr das Modell 8046 AIRDROP entwickelt, zeichnen sich diese Gl\u00e4ser durch ihre rechteckige Form und die Kr\u00fcmmung Basis 4 aus, die einen perfekten und bequemen Sitz gew\u00e4hrleisten.<\/p>\n<p>Mit einer H\u00f6he von 31 mm bis 35 mm und einem Durchmesser, der zwischen 54 mm und 63 mm verf\u00fcgbar ist, passen diese Gl\u00e4ser perfekt zu Ihren Gr\u00f6\u00dfen- und Stilbed\u00fcrfnissen. Hergestellt aus hochwertigen Materialien wie TAC und Polycarbonat, sind sie langlebig und sto\u00dffest.<\/p>\n<p>Die Wahl der <strong>Ersatzgl\u00e4ser f\u00fcr Oakley 8046 AIRDROP<\/strong> bietet Ihnen vollen UV-Schutz und gew\u00e4hrleistet eine klare und sichere Sicht in der Sonne. Dar\u00fcber hinaus garantiert ihre Kratzfestigkeit eine klare und problemlose Sicht.<\/p>\n<ul>\n<li>Kompatibel mit Oakley 8046 AIRDROP<\/li>\n<li>Materialien: TAC und Polycarbonat<\/li>\n<li>Voller UV-Schutz<\/li>\n<li>Kratzfest<\/li>\n<\/ul>\n<p>Frischen Sie Ihre Brille mit au\u00dfergew\u00f6hnlichem Stil und Qualit\u00e4t auf, indem Sie die <strong>Ersatzgl\u00e4ser f\u00fcr Oakley 8046 AIRDROP<\/strong> ausw\u00e4hlen.Das Produkt Ersatzgl\u00e4ser f\u00fcr Oakley 8046 AIRDROP ist kein Originalprodukt, das von Oakley\u00ae hergestellt oder unterst\u00fctzt wird, sofern in der Produktbeschreibung nicht anders angegeben. Sunglass Revivers ist nicht mit Oakley\u00ae oder der Luxottica Group verbunden, assoziiert oder von ihnen gesponsert.<\/p>\n","protected":false},"excerpt":{"rendered":"<p>Die Ersatzgl\u00e4ser f\u00fcr Oakley 8046 AIRDROP sind die perfekte Wahl f\u00fcr diejenigen, die ihre Oakley Brillen auffrischen oder personalisieren m\u00f6chten. Speziell f\u00fcr das Modell 8046 AIRDROP entwickelt, zeichnen sich diese Gl\u00e4ser durch ihre rechteckige Form und die Kr\u00fcmmung Basis 4 aus, die einen perfekten und bequemen Sitz gew\u00e4hrleisten. Mit einer H\u00f6he von 31 mm bis &#8230; <a title=\"Ersatzgl\u00e4ser f\u00fcr Oakley 8046 AIRDROP\" class=\"read-more\" href=\"https:\/\/sunglassrevivers.com\/de\/produkt\/ersatzglaeser-fuer-oakley-8046-airdrop\/\" aria-label=\"Mehr Informationen \u00fcber Ersatzgl\u00e4ser f\u00fcr Oakley 8046 AIRDROP\">Weiterlesen &#8230;<\/a><\/p>\n","protected":false},"featured_media":30258,"comment_status":"open","ping_status":"closed","template":"","meta":{"_acf_changed":false},"product_brand":[],"product_cat":[1353,1744],"product_tag":[],"class_list":{"0":"post-30214","1":"product","2":"type-product","3":"status-publish","4":"has-post-thumbnail","6":"product_cat-ersatzglaeser","7":"product_cat-oakley-ersatzglaeser","8":"sales-flash-overlay","9":"woocommerce-text-align-center","10":"woocommerce-image-align-center","11":"do-quantity-buttons","13":"first","14":"instock","15":"taxable","16":"shipping-taxable","17":"purchasable","18":"product-type-variable"},"acf":[],"_links":{"self":[{"href":"https:\/\/sunglassrevivers.com\/de\/wp-json\/wp\/v2\/product\/30214","targetHints":{"allow":["GET"]}}],"collection":[{"href":"https:\/\/sunglassrevivers.com\/de\/wp-json\/wp\/v2\/product"}],"about":[{"href":"https:\/\/sunglassrevivers.com\/de\/wp-json\/wp\/v2\/types\/product"}],"replies":[{"embeddable":true,"href":"https:\/\/sunglassrevivers.com\/de\/wp-json\/wp\/v2\/comments?post=30214"}],"version-history":[{"count":2,"href":"https:\/\/sunglassrevivers.com\/de\/wp-json\/wp\/v2\/product\/30214\/revisions"}],"predecessor-version":[{"id":30680,"href":"https:\/\/sunglassrevivers.com\/de\/wp-json\/wp\/v2\/product\/30214\/revisions\/30680"}],"wp:featuredmedia":[{"embeddable":true,"href":"https:\/\/sunglassrevivers.com\/de\/wp-json\/wp\/v2\/media\/30258"}],"wp:attachment":[{"href":"https:\/\/sunglassrevivers.com\/de\/wp-json\/wp\/v2\/media?parent=30214"}],"wp:term":[{"taxonomy":"product_brand","embeddable":true,"href":"https:\/\/sunglassrevivers.com\/de\/wp-json\/wp\/v2\/product_brand?post=30214"},{"taxonomy":"product_cat","embeddable":true,"href":"https:\/\/sunglassrevivers.com\/de\/wp-json\/wp\/v2\/product_cat?post=30214"},{"taxonomy":"product_tag","embeddable":true,"href":"https:\/\/sunglassrevivers.com\/de\/wp-json\/wp\/v2\/product_tag?post=30214"}],"curies":[{"name":"wp","href":"https:\/\/api.w.org\/{rel}","templated":true}]}}