{"id":30218,"date":"2025-09-03T17:38:46","date_gmt":"2025-09-03T16:38:46","guid":{"rendered":"https:\/\/sunglassrevivers.com\/de\/?post_type=product&#038;p=30218"},"modified":"2025-11-13T13:36:52","modified_gmt":"2025-11-13T12:36:52","slug":"ersatzglaeser-fuer-oakley-8152-apparition","status":"publish","type":"product","link":"https:\/\/sunglassrevivers.com\/de\/produkt\/ersatzglaeser-fuer-oakley-8152-apparition\/","title":{"rendered":"Ersatzgl\u00e4ser f\u00fcr Oakley 8152 APPARITION"},"content":{"rendered":"<p>Die <strong>Ersatzgl\u00e4ser f\u00fcr Oakley 8152 APPARITION<\/strong> sind f\u00fcr diejenigen gedacht, die makellosen Stil und Funktionalit\u00e4t suchen. Mit einem <strong>rechteckigen Design<\/strong>, das perfekt passt, bieten diese Gl\u00e4ser ideale Abdeckung dank ihrer Ma\u00dfe: eine <em>H\u00f6he von 45<\/em> und einen <em>Durchmesser von 60<\/em>. Mit einer Basis-Kr\u00fcmmung von 4 ausgestattet, bieten sie den ganzen Tag \u00fcber den Komfort, den Sie ben\u00f6tigen.<\/p>\n<p>Die aus TAC und Polycarbonat hergestellten Gl\u00e4ser gew\u00e4hrleisten eine hohe Schlagfestigkeit und machen sie zur perfekten Wahl f\u00fcr jede Outdoor-Aktivit\u00e4t. Dar\u00fcber hinaus bieten diese <strong>Ersatzgl\u00e4ser f\u00fcr Oakley 8152 APPARITION<\/strong> einen hervorragenden Schutz vor sch\u00e4dlichen UV-Strahlen, um Ihre Augen zu sch\u00fctzen, w\u00e4hrend Sie Ihre Umgebung genie\u00dfen.<\/p>\n<ul>\n<li>Stilvolles, modernes Design, das Ihre Pr\u00e4senz verst\u00e4rkt.<\/li>\n<li>Verpflichtung zu Langlebigkeit und Qualit\u00e4t durch erstklassige Materialien.<\/li>\n<li>Vollst\u00e4ndiger UV-Schutz.<\/li>\n<\/ul>\n<p>Eine unverzichtbare Wahl f\u00fcr alle, die Wert auf Stil ohne Kompromisse bei der visuellen Sicherheit legen. Die <strong>Ersatzgl\u00e4ser f\u00fcr Oakley 8152 APPARITION<\/strong> definieren Komfort- und Effizienzstandards neu.Das Produkt Ersatzgl\u00e4ser f\u00fcr Oakley 8152 APPARITION ist kein Originalprodukt, das von Oakley\u00ae hergestellt oder unterst\u00fctzt wird, sofern in der Produktbeschreibung nicht anders angegeben. Sunglass Revivers ist nicht mit Oakley\u00ae oder der Luxottica Group verbunden, assoziiert oder von ihnen gesponsert.<\/p>\n","protected":false},"excerpt":{"rendered":"<p>Die Ersatzgl\u00e4ser f\u00fcr Oakley 8152 APPARITION sind f\u00fcr diejenigen gedacht, die makellosen Stil und Funktionalit\u00e4t suchen. Mit einem rechteckigen Design, das perfekt passt, bieten diese Gl\u00e4ser ideale Abdeckung dank ihrer Ma\u00dfe: eine H\u00f6he von 45 und einen Durchmesser von 60. Mit einer Basis-Kr\u00fcmmung von 4 ausgestattet, bieten sie den ganzen Tag \u00fcber den Komfort, den &#8230; <a title=\"Ersatzgl\u00e4ser f\u00fcr Oakley 8152 APPARITION\" class=\"read-more\" href=\"https:\/\/sunglassrevivers.com\/de\/produkt\/ersatzglaeser-fuer-oakley-8152-apparition\/\" aria-label=\"Mehr Informationen \u00fcber Ersatzgl\u00e4ser f\u00fcr Oakley 8152 APPARITION\">Weiterlesen &#8230;<\/a><\/p>\n","protected":false},"featured_media":30260,"comment_status":"open","ping_status":"closed","template":"","meta":{"_acf_changed":false},"product_brand":[],"product_cat":[1353,1744],"product_tag":[],"class_list":{"0":"post-30218","1":"product","2":"type-product","3":"status-publish","4":"has-post-thumbnail","6":"product_cat-ersatzglaeser","7":"product_cat-oakley-ersatzglaeser","8":"sales-flash-overlay","9":"woocommerce-text-align-center","10":"woocommerce-image-align-center","11":"do-quantity-buttons","13":"first","14":"instock","15":"taxable","16":"shipping-taxable","17":"purchasable","18":"product-type-variable"},"acf":[],"_links":{"self":[{"href":"https:\/\/sunglassrevivers.com\/de\/wp-json\/wp\/v2\/product\/30218","targetHints":{"allow":["GET"]}}],"collection":[{"href":"https:\/\/sunglassrevivers.com\/de\/wp-json\/wp\/v2\/product"}],"about":[{"href":"https:\/\/sunglassrevivers.com\/de\/wp-json\/wp\/v2\/types\/product"}],"replies":[{"embeddable":true,"href":"https:\/\/sunglassrevivers.com\/de\/wp-json\/wp\/v2\/comments?post=30218"}],"version-history":[{"count":2,"href":"https:\/\/sunglassrevivers.com\/de\/wp-json\/wp\/v2\/product\/30218\/revisions"}],"predecessor-version":[{"id":30682,"href":"https:\/\/sunglassrevivers.com\/de\/wp-json\/wp\/v2\/product\/30218\/revisions\/30682"}],"wp:featuredmedia":[{"embeddable":true,"href":"https:\/\/sunglassrevivers.com\/de\/wp-json\/wp\/v2\/media\/30260"}],"wp:attachment":[{"href":"https:\/\/sunglassrevivers.com\/de\/wp-json\/wp\/v2\/media?parent=30218"}],"wp:term":[{"taxonomy":"product_brand","embeddable":true,"href":"https:\/\/sunglassrevivers.com\/de\/wp-json\/wp\/v2\/product_brand?post=30218"},{"taxonomy":"product_cat","embeddable":true,"href":"https:\/\/sunglassrevivers.com\/de\/wp-json\/wp\/v2\/product_cat?post=30218"},{"taxonomy":"product_tag","embeddable":true,"href":"https:\/\/sunglassrevivers.com\/de\/wp-json\/wp\/v2\/product_tag?post=30218"}],"curies":[{"name":"wp","href":"https:\/\/api.w.org\/{rel}","templated":true}]}}