{"id":30228,"date":"2025-09-03T17:44:04","date_gmt":"2025-09-03T16:44:04","guid":{"rendered":"https:\/\/sunglassrevivers.com\/de\/?post_type=product&#038;p=30228"},"modified":"2025-11-13T13:36:52","modified_gmt":"2025-11-13T12:36:52","slug":"ersatzglaeser-fuer-oakley-8183-bat-flip","status":"publish","type":"product","link":"https:\/\/sunglassrevivers.com\/de\/produkt\/ersatzglaeser-fuer-oakley-8183-bat-flip\/","title":{"rendered":"Ersatzgl\u00e4ser f\u00fcr Oakley 8183 BAT FLIP"},"content":{"rendered":"<p>Die <strong>Ersatzgl\u00e4ser f\u00fcr Oakley 8183 BAT FLIP<\/strong> sind die ideale Wahl f\u00fcr all jene, die ihre Sportbrillen auffrischen m\u00f6chten, ohne bei Leistung oder Stil Kompromisse einzugehen. Pr\u00e4zise entwickelt, sind diese rechteckigen Gl\u00e4ser perfekt f\u00fcr alle, die auch in jeder Situation eine klare und scharfe Sicht haben m\u00f6chten.<\/p>\n<p>Mit einer H\u00f6he von 39,41 mm und einem Durchmesser von 59,62 mm sorgen diese <strong>Ersatzgl\u00e4ser f\u00fcr Oakley 8183 BAT FLIP<\/strong> f\u00fcr eine perfekte Passform Ihrer aktuellen Brille. Die Basis 4 Kr\u00fcmmung des Designs bietet einen bequemen Sitz und sch\u00fctzt Ihre Augen vor der Sonne und anderen \u00e4u\u00dferen Einfl\u00fcssen.<\/p>\n<p>Gefertigt aus hochwertigen Materialien wie TAC und Polycarbonat, bieten die <strong>Ersatzgl\u00e4ser f\u00fcr Oakley 8183 BAT FLIP<\/strong> Langlebigkeit, Schlagfestigkeit und \u00fcberlegene optische Klarheit. Diese Materialien gew\u00e4hrleisten auch, dass die Gl\u00e4ser leicht und den ganzen Tag \u00fcber angenehm zu tragen sind. Diese Gl\u00e4ser sind die perfekte Wahl f\u00fcr Naturliebhaber, die eine Kombination aus Schutz und Stil suchen.<\/p>\n<ul>\n<li><strong>Rechteckiges Design:<\/strong> Bietet volle Abdeckung und eine moderne Passform.<\/li>\n<li><strong>Haltbar:<\/strong> Hergestellt aus schlagfestem Polycarbonat.<\/li>\n<li><strong>Hochwertige Optik:<\/strong> TAC-Material f\u00fcr verzerrungsfreie Sicht.<\/li>\n<li><strong>Basis 4 Kr\u00fcmmung:<\/strong> Bequemer und sicherer Sitz.<\/li>\n<\/ul>\n<p>Mit den <strong>Ersatzgl\u00e4sern f\u00fcr Oakley 8183 BAT FLIP<\/strong> gewinnen Ihre Brillen nicht nur ihre Funktionalit\u00e4t zur\u00fcck, sondern verbessern auch Ihren pers\u00f6nlichen Stil.Das Produkt Ersatzgl\u00e4ser f\u00fcr Oakley 8183 BAT FLIP ist kein Originalprodukt, das von Oakley\u00ae hergestellt oder unterst\u00fctzt wird, sofern in der Produktbeschreibung nicht anders angegeben. Sunglass Revivers ist nicht mit Oakley\u00ae oder der Luxottica Group verbunden, assoziiert oder von ihnen gesponsert.<\/p>\n","protected":false},"excerpt":{"rendered":"<p>Die Ersatzgl\u00e4ser f\u00fcr Oakley 8183 BAT FLIP sind die ideale Wahl f\u00fcr all jene, die ihre Sportbrillen auffrischen m\u00f6chten, ohne bei Leistung oder Stil Kompromisse einzugehen. Pr\u00e4zise entwickelt, sind diese rechteckigen Gl\u00e4ser perfekt f\u00fcr alle, die auch in jeder Situation eine klare und scharfe Sicht haben m\u00f6chten. Mit einer H\u00f6he von 39,41 mm und einem &#8230; <a title=\"Ersatzgl\u00e4ser f\u00fcr Oakley 8183 BAT FLIP\" class=\"read-more\" href=\"https:\/\/sunglassrevivers.com\/de\/produkt\/ersatzglaeser-fuer-oakley-8183-bat-flip\/\" aria-label=\"Mehr Informationen \u00fcber Ersatzgl\u00e4ser f\u00fcr Oakley 8183 BAT FLIP\">Weiterlesen &#8230;<\/a><\/p>\n","protected":false},"featured_media":30265,"comment_status":"open","ping_status":"closed","template":"","meta":{"_acf_changed":false},"product_brand":[],"product_cat":[1353,1744],"product_tag":[],"class_list":{"0":"post-30228","1":"product","2":"type-product","3":"status-publish","4":"has-post-thumbnail","6":"product_cat-ersatzglaeser","7":"product_cat-oakley-ersatzglaeser","8":"sales-flash-overlay","9":"woocommerce-text-align-center","10":"woocommerce-image-align-center","11":"do-quantity-buttons","13":"first","14":"instock","15":"taxable","16":"shipping-taxable","17":"purchasable","18":"product-type-variable"},"acf":[],"_links":{"self":[{"href":"https:\/\/sunglassrevivers.com\/de\/wp-json\/wp\/v2\/product\/30228","targetHints":{"allow":["GET"]}}],"collection":[{"href":"https:\/\/sunglassrevivers.com\/de\/wp-json\/wp\/v2\/product"}],"about":[{"href":"https:\/\/sunglassrevivers.com\/de\/wp-json\/wp\/v2\/types\/product"}],"replies":[{"embeddable":true,"href":"https:\/\/sunglassrevivers.com\/de\/wp-json\/wp\/v2\/comments?post=30228"}],"version-history":[{"count":2,"href":"https:\/\/sunglassrevivers.com\/de\/wp-json\/wp\/v2\/product\/30228\/revisions"}],"predecessor-version":[{"id":30687,"href":"https:\/\/sunglassrevivers.com\/de\/wp-json\/wp\/v2\/product\/30228\/revisions\/30687"}],"wp:featuredmedia":[{"embeddable":true,"href":"https:\/\/sunglassrevivers.com\/de\/wp-json\/wp\/v2\/media\/30265"}],"wp:attachment":[{"href":"https:\/\/sunglassrevivers.com\/de\/wp-json\/wp\/v2\/media?parent=30228"}],"wp:term":[{"taxonomy":"product_brand","embeddable":true,"href":"https:\/\/sunglassrevivers.com\/de\/wp-json\/wp\/v2\/product_brand?post=30228"},{"taxonomy":"product_cat","embeddable":true,"href":"https:\/\/sunglassrevivers.com\/de\/wp-json\/wp\/v2\/product_cat?post=30228"},{"taxonomy":"product_tag","embeddable":true,"href":"https:\/\/sunglassrevivers.com\/de\/wp-json\/wp\/v2\/product_tag?post=30228"}],"curies":[{"name":"wp","href":"https:\/\/api.w.org\/{rel}","templated":true}]}}