{"id":30232,"date":"2025-09-03T18:23:57","date_gmt":"2025-09-03T17:23:57","guid":{"rendered":"https:\/\/sunglassrevivers.com\/de\/?post_type=product&#038;p=30232"},"modified":"2025-11-13T13:36:52","modified_gmt":"2025-11-13T12:36:52","slug":"ersatzglaeser-fuer-oakley-2005-belong","status":"publish","type":"product","link":"https:\/\/sunglassrevivers.com\/de\/produkt\/ersatzglaeser-fuer-oakley-2005-belong\/","title":{"rendered":"Ersatzgl\u00e4ser f\u00fcr Oakley 2005 BELONG"},"content":{"rendered":"<p>Entdecken Sie die <strong>Ersatzgl\u00e4ser f\u00fcr Oakley 2005 BELONG<\/strong>, entwickelt, um Ihnen au\u00dfergew\u00f6hnliche Sichtbarkeit und unvergleichlichen Stil zu bieten. Mit einem rechteckigen Design und pr\u00e4zisen Ma\u00dfen von 52 H\u00f6he und 65 Durchmesser sind diese Gl\u00e4ser perfekt f\u00fcr alle, die ihr visuelles Erlebnis verbessern m\u00f6chten, ohne auf \u00c4sthetik zu verzichten.<\/p>\n<p>Die Basis-Kr\u00fcmmung 8.75 sorgt f\u00fcr einen perfekten Sitz am Rahmen und bietet unvergleichlichen Komfort und Sicherheit. Hergestellt aus robustem TAC- und Polycarbonat-Material, garantieren die <strong>Ersatzgl\u00e4ser f\u00fcr Oakley 2005 BELONG<\/strong> Langlebigkeit und Sto\u00dffestigkeit.<\/p>\n<ul>\n<li><strong>Klarheit<\/strong>: Dank des TAC-Materials genie\u00dfen Sie \u00fcberlegene Klarheit, selbst bei hellem Licht.<\/li>\n<li><strong>Haltbarkeit<\/strong>: Polycarbonat sorgt f\u00fcr eine robuste, kratzfeste Linse.<\/li>\n<li><strong>Stil und Komfort<\/strong>: Ihr rechteckiges Design ist nicht nur modern, sondern bietet auch optimalen Sitz.<\/li>\n<\/ul>\n<p>Geben Sie sich nicht mit weniger zufrieden. Erfrischen Sie Ihren Stil und Ihre visuelle Leistung mit den <strong>Ersatzgl\u00e4ser f\u00fcr Oakley 2005 BELONG<\/strong> noch heute.Das Produkt Ersatzgl\u00e4ser f\u00fcr Oakley 2005 BELONG ist kein Originalprodukt, das von Oakley\u00ae hergestellt oder unterst\u00fctzt wird, sofern in der Produktbeschreibung nicht anders angegeben. Sunglass Revivers ist nicht mit Oakley\u00ae oder der Luxottica Group verbunden, assoziiert oder von ihnen gesponsert.<\/p>\n","protected":false},"excerpt":{"rendered":"<p>Entdecken Sie die Ersatzgl\u00e4ser f\u00fcr Oakley 2005 BELONG, entwickelt, um Ihnen au\u00dfergew\u00f6hnliche Sichtbarkeit und unvergleichlichen Stil zu bieten. Mit einem rechteckigen Design und pr\u00e4zisen Ma\u00dfen von 52 H\u00f6he und 65 Durchmesser sind diese Gl\u00e4ser perfekt f\u00fcr alle, die ihr visuelles Erlebnis verbessern m\u00f6chten, ohne auf \u00c4sthetik zu verzichten. Die Basis-Kr\u00fcmmung 8.75 sorgt f\u00fcr einen perfekten &#8230; <a title=\"Ersatzgl\u00e4ser f\u00fcr Oakley 2005 BELONG\" class=\"read-more\" href=\"https:\/\/sunglassrevivers.com\/de\/produkt\/ersatzglaeser-fuer-oakley-2005-belong\/\" aria-label=\"Mehr Informationen \u00fcber Ersatzgl\u00e4ser f\u00fcr Oakley 2005 BELONG\">Weiterlesen &#8230;<\/a><\/p>\n","protected":false},"featured_media":30287,"comment_status":"open","ping_status":"closed","template":"","meta":{"_acf_changed":false},"product_brand":[],"product_cat":[1353,1744],"product_tag":[],"class_list":{"0":"post-30232","1":"product","2":"type-product","3":"status-publish","4":"has-post-thumbnail","6":"product_cat-ersatzglaeser","7":"product_cat-oakley-ersatzglaeser","8":"sales-flash-overlay","9":"woocommerce-text-align-center","10":"woocommerce-image-align-center","11":"do-quantity-buttons","13":"first","14":"instock","15":"taxable","16":"shipping-taxable","17":"purchasable","18":"product-type-variable"},"acf":[],"_links":{"self":[{"href":"https:\/\/sunglassrevivers.com\/de\/wp-json\/wp\/v2\/product\/30232","targetHints":{"allow":["GET"]}}],"collection":[{"href":"https:\/\/sunglassrevivers.com\/de\/wp-json\/wp\/v2\/product"}],"about":[{"href":"https:\/\/sunglassrevivers.com\/de\/wp-json\/wp\/v2\/types\/product"}],"replies":[{"embeddable":true,"href":"https:\/\/sunglassrevivers.com\/de\/wp-json\/wp\/v2\/comments?post=30232"}],"version-history":[{"count":2,"href":"https:\/\/sunglassrevivers.com\/de\/wp-json\/wp\/v2\/product\/30232\/revisions"}],"predecessor-version":[{"id":30689,"href":"https:\/\/sunglassrevivers.com\/de\/wp-json\/wp\/v2\/product\/30232\/revisions\/30689"}],"wp:featuredmedia":[{"embeddable":true,"href":"https:\/\/sunglassrevivers.com\/de\/wp-json\/wp\/v2\/media\/30287"}],"wp:attachment":[{"href":"https:\/\/sunglassrevivers.com\/de\/wp-json\/wp\/v2\/media?parent=30232"}],"wp:term":[{"taxonomy":"product_brand","embeddable":true,"href":"https:\/\/sunglassrevivers.com\/de\/wp-json\/wp\/v2\/product_brand?post=30232"},{"taxonomy":"product_cat","embeddable":true,"href":"https:\/\/sunglassrevivers.com\/de\/wp-json\/wp\/v2\/product_cat?post=30232"},{"taxonomy":"product_tag","embeddable":true,"href":"https:\/\/sunglassrevivers.com\/de\/wp-json\/wp\/v2\/product_tag?post=30232"}],"curies":[{"name":"wp","href":"https:\/\/api.w.org\/{rel}","templated":true}]}}