{"id":30236,"date":"2025-09-03T18:25:55","date_gmt":"2025-09-03T17:25:55","guid":{"rendered":"https:\/\/sunglassrevivers.com\/de\/?post_type=product&#038;p=30236"},"modified":"2025-11-13T13:36:52","modified_gmt":"2025-11-13T12:36:52","slug":"ersatzglaeser-fuer-oakley-4059-blender","status":"publish","type":"product","link":"https:\/\/sunglassrevivers.com\/de\/produkt\/ersatzglaeser-fuer-oakley-4059-blender\/","title":{"rendered":"Ersatzgl\u00e4ser f\u00fcr Oakley 4059 BLENDER"},"content":{"rendered":"<p>Mit den <strong>Ersatzgl\u00e4ser f\u00fcr Oakley 4059 BLENDER<\/strong> entdecken Sie eine neue Art, das Leben zu sehen. Sie wurden entwickelt, um die Bed\u00fcrfnisse der anspruchsvollsten Kunden zu erf\u00fcllen, und vereinen Technologie und Stil in einem au\u00dfergew\u00f6hnlichen Produkt. Die rechteckigen Gl\u00e4ser bieten mit ihrer H\u00f6he von 35 und einem Durchmesser von 67 eine unvergleichliche Sicht und eine perfekte Passform.<\/p>\n<p>Das Modell 4059 BLENDER zeichnet sich durch seine Basis-Kurve von 8.75 aus, die ein immersives visuelles Erlebnis bietet. Zudem werden sie aus TAC und Polycarbonat gefertigt, Materialien, die au\u00dfergew\u00f6hnliche Widerstandsf\u00e4higkeit und Langlebigkeit gew\u00e4hrleisten. Warum mit weniger zufriedengeben, wenn Sie die \u00fcberlegene Qualit\u00e4t der <strong>Ersatzgl\u00e4ser f\u00fcr Oakley 4059 BLENDER<\/strong> w\u00e4hlen k\u00f6nnen?<\/p>\n<ul>\n<li>Klarer und pr\u00e4ziser Durchblick dank rechteckiger Gl\u00e4ser.<\/li>\n<li>Hochtechnologische Materialien f\u00fcr maximalen Halt.<\/li>\n<li>Umschlie\u00dfende Kr\u00fcmmung f\u00fcr optimalen Schutz.<\/li>\n<\/ul>\n<p>W\u00e4hlen Sie noch heute die <strong>Ersatzgl\u00e4ser f\u00fcr Oakley 4059 BLENDER<\/strong> und verwandeln Sie Ihr Seherlebnis.Das Produkt Ersatzgl\u00e4ser f\u00fcr Oakley 4059 BLENDER ist kein Originalprodukt, das von Oakley\u00ae hergestellt oder unterst\u00fctzt wird, sofern in der Produktbeschreibung nicht anders angegeben. Sunglass Revivers ist nicht mit Oakley\u00ae oder der Luxottica Group verbunden, assoziiert oder von ihnen gesponsert.<\/p>\n","protected":false},"excerpt":{"rendered":"<p>Mit den Ersatzgl\u00e4ser f\u00fcr Oakley 4059 BLENDER entdecken Sie eine neue Art, das Leben zu sehen. Sie wurden entwickelt, um die Bed\u00fcrfnisse der anspruchsvollsten Kunden zu erf\u00fcllen, und vereinen Technologie und Stil in einem au\u00dfergew\u00f6hnlichen Produkt. Die rechteckigen Gl\u00e4ser bieten mit ihrer H\u00f6he von 35 und einem Durchmesser von 67 eine unvergleichliche Sicht und eine &#8230; <a title=\"Ersatzgl\u00e4ser f\u00fcr Oakley 4059 BLENDER\" class=\"read-more\" href=\"https:\/\/sunglassrevivers.com\/de\/produkt\/ersatzglaeser-fuer-oakley-4059-blender\/\" aria-label=\"Mehr Informationen \u00fcber Ersatzgl\u00e4ser f\u00fcr Oakley 4059 BLENDER\">Weiterlesen &#8230;<\/a><\/p>\n","protected":false},"featured_media":30247,"comment_status":"open","ping_status":"closed","template":"","meta":{"_acf_changed":false},"product_brand":[],"product_cat":[1353,1744],"product_tag":[],"class_list":{"0":"post-30236","1":"product","2":"type-product","3":"status-publish","4":"has-post-thumbnail","6":"product_cat-ersatzglaeser","7":"product_cat-oakley-ersatzglaeser","8":"sales-flash-overlay","9":"woocommerce-text-align-center","10":"woocommerce-image-align-center","11":"do-quantity-buttons","13":"first","14":"instock","15":"taxable","16":"shipping-taxable","17":"purchasable","18":"product-type-variable"},"acf":[],"_links":{"self":[{"href":"https:\/\/sunglassrevivers.com\/de\/wp-json\/wp\/v2\/product\/30236","targetHints":{"allow":["GET"]}}],"collection":[{"href":"https:\/\/sunglassrevivers.com\/de\/wp-json\/wp\/v2\/product"}],"about":[{"href":"https:\/\/sunglassrevivers.com\/de\/wp-json\/wp\/v2\/types\/product"}],"replies":[{"embeddable":true,"href":"https:\/\/sunglassrevivers.com\/de\/wp-json\/wp\/v2\/comments?post=30236"}],"version-history":[{"count":2,"href":"https:\/\/sunglassrevivers.com\/de\/wp-json\/wp\/v2\/product\/30236\/revisions"}],"predecessor-version":[{"id":30691,"href":"https:\/\/sunglassrevivers.com\/de\/wp-json\/wp\/v2\/product\/30236\/revisions\/30691"}],"wp:featuredmedia":[{"embeddable":true,"href":"https:\/\/sunglassrevivers.com\/de\/wp-json\/wp\/v2\/media\/30247"}],"wp:attachment":[{"href":"https:\/\/sunglassrevivers.com\/de\/wp-json\/wp\/v2\/media?parent=30236"}],"wp:term":[{"taxonomy":"product_brand","embeddable":true,"href":"https:\/\/sunglassrevivers.com\/de\/wp-json\/wp\/v2\/product_brand?post=30236"},{"taxonomy":"product_cat","embeddable":true,"href":"https:\/\/sunglassrevivers.com\/de\/wp-json\/wp\/v2\/product_cat?post=30236"},{"taxonomy":"product_tag","embeddable":true,"href":"https:\/\/sunglassrevivers.com\/de\/wp-json\/wp\/v2\/product_tag?post=30236"}],"curies":[{"name":"wp","href":"https:\/\/api.w.org\/{rel}","templated":true}]}}