{"id":30309,"date":"2025-09-08T08:35:49","date_gmt":"2025-09-08T07:35:49","guid":{"rendered":"https:\/\/sunglassrevivers.com\/de\/?post_type=product&#038;p=30309"},"modified":"2025-12-12T13:09:11","modified_gmt":"2025-12-12T12:09:11","slug":"ersatzglaeser-fuer-oakley-9429-siphon","status":"publish","type":"product","link":"https:\/\/sunglassrevivers.com\/de\/produkt\/ersatzglaeser-fuer-oakley-9429-siphon\/","title":{"rendered":"Ersatzgl\u00e4ser f\u00fcr Oakley 9429 SIPHON"},"content":{"rendered":"<p>Geben Sie Ihren Lieblingsbrillen mit den <strong>Ersatzgl\u00e4sern f\u00fcr Oakley 9429 SIPHON<\/strong> neues Leben. Sie sind darauf ausgelegt, die urspr\u00fcngliche \u00c4sthetik und Funktionalit\u00e4t Ihrer Fassungen zu erhalten, und bieten die perfekte M\u00f6glichkeit, Ihre klare Sicht wiederherzustellen. Mit einem rechteckigen Design, das nahtlos passt, wird die \u00fcberlegene Qualit\u00e4t durch Materialien wie TAC und Polycarbonat gew\u00e4hrleistet.<\/p>\n<ul>\n<li><strong>Optimale Abmessungen:<\/strong> Mit einer H\u00f6he von 42 mm und einem Durchmesser von 68 mm bieten sie eine makellose Passform.<\/li>\n<li><strong>Erweiterte Kr\u00fcmmung:<\/strong> Die torische Linse bietet eine breite und verzerrungsfreie Sicht.<\/li>\n<li><strong>St\u00e4rke und Haltbarkeit:<\/strong> Aus Polycarbonat gefertigt, sind diese Gl\u00e4ser sehr widerstandsf\u00e4hig gegen St\u00f6\u00dfe.<\/li>\n<\/ul>\n<p>Es ist Zeit, Ihre Brillen mit den <strong>Ersatzgl\u00e4sern f\u00fcr Oakley 9429 SIPHON<\/strong> zu verwandeln und ein verbessertes Seherlebnis zu genie\u00dfen.<\/p>\n<p>Das Produkt Ersatzgl\u00e4ser f\u00fcr Oakley 9429 SIPHON ist kein Originalprodukt, das von Oakley\u00ae hergestellt oder unterst\u00fctzt wird, sofern in der Produktbeschreibung nicht anders angegeben. Sunglass Revivers ist nicht mit Oakley\u00ae oder der Luxottica Group verbunden, assoziiert oder von ihnen gesponsert.<\/p>\n","protected":false},"excerpt":{"rendered":"<p>Geben Sie Ihren Lieblingsbrillen mit den Ersatzgl\u00e4sern f\u00fcr Oakley 9429 SIPHON neues Leben. Sie sind darauf ausgelegt, die urspr\u00fcngliche \u00c4sthetik und Funktionalit\u00e4t Ihrer Fassungen zu erhalten, und bieten die perfekte M\u00f6glichkeit, Ihre klare Sicht wiederherzustellen. Mit einem rechteckigen Design, das nahtlos passt, wird die \u00fcberlegene Qualit\u00e4t durch Materialien wie TAC und Polycarbonat gew\u00e4hrleistet. Optimale Abmessungen: &#8230; <a title=\"Ersatzgl\u00e4ser f\u00fcr Oakley 9429 SIPHON\" class=\"read-more\" href=\"https:\/\/sunglassrevivers.com\/de\/produkt\/ersatzglaeser-fuer-oakley-9429-siphon\/\" aria-label=\"Mehr Informationen \u00fcber Ersatzgl\u00e4ser f\u00fcr Oakley 9429 SIPHON\">Weiterlesen &#8230;<\/a><\/p>\n","protected":false},"featured_media":30726,"comment_status":"open","ping_status":"closed","template":"","meta":{"_acf_changed":false},"product_brand":[],"product_cat":[1353,1744],"product_tag":[],"class_list":{"0":"post-30309","1":"product","2":"type-product","3":"status-publish","4":"has-post-thumbnail","6":"product_cat-ersatzglaeser","7":"product_cat-oakley-ersatzglaeser","8":"sales-flash-overlay","9":"woocommerce-text-align-center","10":"woocommerce-image-align-center","11":"do-quantity-buttons","13":"first","14":"instock","15":"taxable","16":"shipping-taxable","17":"purchasable","18":"product-type-variable"},"acf":[],"_links":{"self":[{"href":"https:\/\/sunglassrevivers.com\/de\/wp-json\/wp\/v2\/product\/30309","targetHints":{"allow":["GET"]}}],"collection":[{"href":"https:\/\/sunglassrevivers.com\/de\/wp-json\/wp\/v2\/product"}],"about":[{"href":"https:\/\/sunglassrevivers.com\/de\/wp-json\/wp\/v2\/types\/product"}],"replies":[{"embeddable":true,"href":"https:\/\/sunglassrevivers.com\/de\/wp-json\/wp\/v2\/comments?post=30309"}],"version-history":[{"count":2,"href":"https:\/\/sunglassrevivers.com\/de\/wp-json\/wp\/v2\/product\/30309\/revisions"}],"predecessor-version":[{"id":30727,"href":"https:\/\/sunglassrevivers.com\/de\/wp-json\/wp\/v2\/product\/30309\/revisions\/30727"}],"wp:featuredmedia":[{"embeddable":true,"href":"https:\/\/sunglassrevivers.com\/de\/wp-json\/wp\/v2\/media\/30726"}],"wp:attachment":[{"href":"https:\/\/sunglassrevivers.com\/de\/wp-json\/wp\/v2\/media?parent=30309"}],"wp:term":[{"taxonomy":"product_brand","embeddable":true,"href":"https:\/\/sunglassrevivers.com\/de\/wp-json\/wp\/v2\/product_brand?post=30309"},{"taxonomy":"product_cat","embeddable":true,"href":"https:\/\/sunglassrevivers.com\/de\/wp-json\/wp\/v2\/product_cat?post=30309"},{"taxonomy":"product_tag","embeddable":true,"href":"https:\/\/sunglassrevivers.com\/de\/wp-json\/wp\/v2\/product_tag?post=30309"}],"curies":[{"name":"wp","href":"https:\/\/api.w.org\/{rel}","templated":true}]}}