{"id":30313,"date":"2025-09-08T08:38:16","date_gmt":"2025-09-08T07:38:16","guid":{"rendered":"https:\/\/sunglassrevivers.com\/de\/?post_type=product&#038;p=30313"},"modified":"2025-11-13T13:36:53","modified_gmt":"2025-11-13T12:36:53","slug":"ersatzglaeser-fuer-oakley-8039-chamfer","status":"publish","type":"product","link":"https:\/\/sunglassrevivers.com\/de\/produkt\/ersatzglaeser-fuer-oakley-8039-chamfer\/","title":{"rendered":"Ersatzgl\u00e4ser f\u00fcr Oakley 8039 CHAMFER"},"content":{"rendered":"<p>Die <strong>Ersatzgl\u00e4ser f\u00fcr Oakley 8039 CHAMFER<\/strong> bieten die perfekte Kombination aus Stil und Funktionalit\u00e4t. Gefertigt aus hochwertigen Materialien wie TAC und Polycarbonat, sind diese Gl\u00e4ser ein Synonym f\u00fcr Haltbarkeit und au\u00dfergew\u00f6hnliche optische Klarheit. Mit einer klassischen rechteckigen Form, einer H\u00f6he von 31,32 mm und einem Durchmesser von 52,54 mm sind sie ideal f\u00fcr diejenigen, die Eleganz und Leistung suchen.<\/p>\n<p>Das Design mit Basis-Kurve 4 sorgt f\u00fcr eine komfortable Passform und angemessenen Schutz vor Sonnenblendung, sodass Sie Ihre Outdoor-Aktivit\u00e4ten ungest\u00f6rt genie\u00dfen k\u00f6nnen. Die <strong>Ersatzgl\u00e4ser f\u00fcr Oakley 8039 CHAMFER<\/strong> sind f\u00fcr einen aktiven Lebensstil ausgelegt und sorgen daf\u00fcr, dass Ihre Brille immer neu aussieht und funktioniert.<\/p>\n<ul>\n<li>Verbesserte visuelle Klarheit<\/li>\n<li>Aufprallfestigkeit<\/li>\n<li>Bequem und leicht<\/li>\n<li>Perfekte Passform f\u00fcr das Oakley 8039 CHAMFER Modell<\/li>\n<\/ul>\n<p>R\u00fcsten Sie Ihre Brille noch heute mit <strong>Ersatzgl\u00e4sern f\u00fcr Oakley 8039 CHAMFER<\/strong> auf und erleben Sie den Unterschied in Sicht und Stil.Das Produkt Ersatzgl\u00e4ser f\u00fcr Oakley 8039 CHAMFER ist kein Originalprodukt, das von Oakley\u00ae hergestellt oder unterst\u00fctzt wird, sofern in der Produktbeschreibung nicht anders angegeben. Sunglass Revivers ist nicht mit Oakley\u00ae oder der Luxottica Group verbunden, assoziiert oder von ihnen gesponsert.<\/p>\n","protected":false},"excerpt":{"rendered":"<p>Die Ersatzgl\u00e4ser f\u00fcr Oakley 8039 CHAMFER bieten die perfekte Kombination aus Stil und Funktionalit\u00e4t. Gefertigt aus hochwertigen Materialien wie TAC und Polycarbonat, sind diese Gl\u00e4ser ein Synonym f\u00fcr Haltbarkeit und au\u00dfergew\u00f6hnliche optische Klarheit. Mit einer klassischen rechteckigen Form, einer H\u00f6he von 31,32 mm und einem Durchmesser von 52,54 mm sind sie ideal f\u00fcr diejenigen, die &#8230; <a title=\"Ersatzgl\u00e4ser f\u00fcr Oakley 8039 CHAMFER\" class=\"read-more\" href=\"https:\/\/sunglassrevivers.com\/de\/produkt\/ersatzglaeser-fuer-oakley-8039-chamfer\/\" aria-label=\"Mehr Informationen \u00fcber Ersatzgl\u00e4ser f\u00fcr Oakley 8039 CHAMFER\">Weiterlesen &#8230;<\/a><\/p>\n","protected":false},"featured_media":30331,"comment_status":"open","ping_status":"closed","template":"","meta":{"_acf_changed":false},"product_brand":[],"product_cat":[1353,1744],"product_tag":[],"class_list":{"0":"post-30313","1":"product","2":"type-product","3":"status-publish","4":"has-post-thumbnail","6":"product_cat-ersatzglaeser","7":"product_cat-oakley-ersatzglaeser","8":"sales-flash-overlay","9":"woocommerce-text-align-center","10":"woocommerce-image-align-center","11":"do-quantity-buttons","13":"first","14":"instock","15":"taxable","16":"shipping-taxable","17":"purchasable","18":"product-type-variable"},"acf":[],"_links":{"self":[{"href":"https:\/\/sunglassrevivers.com\/de\/wp-json\/wp\/v2\/product\/30313","targetHints":{"allow":["GET"]}}],"collection":[{"href":"https:\/\/sunglassrevivers.com\/de\/wp-json\/wp\/v2\/product"}],"about":[{"href":"https:\/\/sunglassrevivers.com\/de\/wp-json\/wp\/v2\/types\/product"}],"replies":[{"embeddable":true,"href":"https:\/\/sunglassrevivers.com\/de\/wp-json\/wp\/v2\/comments?post=30313"}],"version-history":[{"count":2,"href":"https:\/\/sunglassrevivers.com\/de\/wp-json\/wp\/v2\/product\/30313\/revisions"}],"predecessor-version":[{"id":30700,"href":"https:\/\/sunglassrevivers.com\/de\/wp-json\/wp\/v2\/product\/30313\/revisions\/30700"}],"wp:featuredmedia":[{"embeddable":true,"href":"https:\/\/sunglassrevivers.com\/de\/wp-json\/wp\/v2\/media\/30331"}],"wp:attachment":[{"href":"https:\/\/sunglassrevivers.com\/de\/wp-json\/wp\/v2\/media?parent=30313"}],"wp:term":[{"taxonomy":"product_brand","embeddable":true,"href":"https:\/\/sunglassrevivers.com\/de\/wp-json\/wp\/v2\/product_brand?post=30313"},{"taxonomy":"product_cat","embeddable":true,"href":"https:\/\/sunglassrevivers.com\/de\/wp-json\/wp\/v2\/product_cat?post=30313"},{"taxonomy":"product_tag","embeddable":true,"href":"https:\/\/sunglassrevivers.com\/de\/wp-json\/wp\/v2\/product_tag?post=30313"}],"curies":[{"name":"wp","href":"https:\/\/api.w.org\/{rel}","templated":true}]}}