{"id":14651,"date":"2022-02-07T23:21:52","date_gmt":"2022-02-07T22:21:52","guid":{"rendered":"https:\/\/www.replacementarms.com\/contactenos\/"},"modified":"2025-01-26T11:38:54","modified_gmt":"2025-01-26T10:38:54","slug":"contactenos","status":"publish","type":"page","link":"https:\/\/sunglassrevivers.com\/es\/contactenos\/","title":{"rendered":"Cont\u00e1ctenos"},"content":{"rendered":"\t\t<div data-elementor-type=\"wp-page\" data-elementor-id=\"14651\" class=\"elementor elementor-14651\" data-elementor-post-type=\"page\">\n\t\t\t\t<div class=\"elementor-element elementor-element-47b7f6f e-flex e-con-boxed e-con e-parent\" data-id=\"47b7f6f\" data-element_type=\"container\" data-settings=\"{&quot;background_background&quot;:&quot;classic&quot;}\">\n\t\t\t\t\t<div class=\"e-con-inner\">\n\t\t\t\t<div class=\"elementor-element elementor-element-5df9a9d elementor-widget elementor-widget-woocommerce-breadcrumb\" data-id=\"5df9a9d\" data-element_type=\"widget\" data-widget_type=\"woocommerce-breadcrumb.default\">\n\t\t\t\t<div class=\"elementor-widget-container\">\n\t\t\t\t\t<nav class=\"woocommerce-breadcrumb\" aria-label=\"Breadcrumb\">Inicio<\/nav>\t\t\t\t<\/div>\n\t\t\t\t<\/div>\n\t\t\t\t\t<\/div>\n\t\t\t\t<\/div>\n\t\t<div class=\"elementor-element elementor-element-ba9f54f e-flex e-con-boxed e-con e-parent\" data-id=\"ba9f54f\" data-element_type=\"container\" data-settings=\"{&quot;background_background&quot;:&quot;classic&quot;}\">\n\t\t\t\t\t<div class=\"e-con-inner\">\n\t\t<div class=\"elementor-element elementor-element-a200ff0 e-con-full e-flex e-con e-child\" data-id=\"a200ff0\" data-element_type=\"container\">\n\t\t\t\t<div class=\"elementor-element elementor-element-8016fb3 elementor-widget elementor-widget-heading\" data-id=\"8016fb3\" data-element_type=\"widget\" data-widget_type=\"heading.default\">\n\t\t\t\t<div class=\"elementor-widget-container\">\n\t\t\t\t\t<h2 class=\"elementor-heading-title elementor-size-default\">Atenci\u00f3n al cliente<\/h2>\t\t\t\t<\/div>\n\t\t\t\t<\/div>\n\t\t\t\t<div class=\"elementor-element elementor-element-51e3ace elementor-widget elementor-widget-icon-box\" data-id=\"51e3ace\" data-element_type=\"widget\" data-widget_type=\"icon-box.default\">\n\t\t\t\t<div class=\"elementor-widget-container\">\n\t\t\t\t\t\t\t<div class=\"elementor-icon-box-wrapper\">\n\n\t\t\t\n\t\t\t\t\t\t<div class=\"elementor-icon-box-content\">\n\n\t\t\t\t\t\t\t\t\t<h3 class=\"elementor-icon-box-title\">\n\t\t\t\t\t\t<a href=\"tel:+34610251868\" >\n\t\t\t\t\t\t\t+34610251868\t\t\t\t\t\t<\/a>\n\t\t\t\t\t<\/h3>\n\t\t\t\t\n\t\t\t\t\n\t\t\t<\/div>\n\t\t\t\n\t\t<\/div>\n\t\t\t\t\t\t<\/div>\n\t\t\t\t<\/div>\n\t\t\t\t<div class=\"elementor-element elementor-element-2a4361f elementor-widget elementor-widget-icon-box\" data-id=\"2a4361f\" data-element_type=\"widget\" data-widget_type=\"icon-box.default\">\n\t\t\t\t<div class=\"elementor-widget-container\">\n\t\t\t\t\t\t\t<div class=\"elementor-icon-box-wrapper\">\n\n\t\t\t\n\t\t\t\t\t\t<div class=\"elementor-icon-box-content\">\n\n\t\t\t\t\t\t\t\t\t<h3 class=\"elementor-icon-box-title\">\n\t\t\t\t\t\t<a href=\"tel:+17868072233\" >\n\t\t\t\t\t\t\t+1 (786) 8072233\t\t\t\t\t\t<\/a>\n\t\t\t\t\t<\/h3>\n\t\t\t\t\n\t\t\t\t\n\t\t\t<\/div>\n\t\t\t\n\t\t<\/div>\n\t\t\t\t\t\t<\/div>\n\t\t\t\t<\/div>\n\t\t\t\t<div class=\"elementor-element elementor-element-d57f495 elementor-widget elementor-widget-icon-box\" data-id=\"d57f495\" data-element_type=\"widget\" data-widget_type=\"icon-box.default\">\n\t\t\t\t<div class=\"elementor-widget-container\">\n\t\t\t\t\t\t\t<div class=\"elementor-icon-box-wrapper\">\n\n\t\t\t\n\t\t\t\t\t\t<div class=\"elementor-icon-box-content\">\n\n\t\t\t\t\t\t\t\t\t<h3 class=\"elementor-icon-box-title\">\n\t\t\t\t\t\t<a href=\"tel:+34610251868\" >\n\t\t\t\t\t\t\t+44 (204) 5771283\t\t\t\t\t\t<\/a>\n\t\t\t\t\t<\/h3>\n\t\t\t\t\n\t\t\t\t\n\t\t\t<\/div>\n\t\t\t\n\t\t<\/div>\n\t\t\t\t\t\t<\/div>\n\t\t\t\t<\/div>\n\t\t\t\t<div class=\"elementor-element elementor-element-7296d91 elementor-widget elementor-widget-text-editor\" data-id=\"7296d91\" data-element_type=\"widget\" data-widget_type=\"text-editor.default\">\n\t\t\t\t<div class=\"elementor-widget-container\">\n\t\t\t\t\t\t\t\t\t<p>NUESTRO EQUIPO PUEDE HABLAR INGL\u00c9S O ESPA\u00d1OL<\/p>\t\t\t\t\t\t\t\t<\/div>\n\t\t\t\t<\/div>\n\t\t\t\t<\/div>\n\t\t<div class=\"elementor-element elementor-element-f25b04a e-con-full e-flex e-con e-child\" data-id=\"f25b04a\" data-element_type=\"container\">\n\t\t\t\t<div class=\"elementor-element elementor-element-fdc7cef elementor-widget elementor-widget-image\" data-id=\"fdc7cef\" data-element_type=\"widget\" data-widget_type=\"image.default\">\n\t\t\t\t<div class=\"elementor-widget-container\">\n\t\t\t\t\t\t\t\t\t\t\t\t\t\t\t<img fetchpriority=\"high\" decoding=\"async\" width=\"768\" height=\"769\" src=\"https:\/\/sunglassrevivers.com\/es\/wp-content\/uploads\/sites\/2\/2025\/01\/contact-768x769.png\" class=\"attachment-medium_large size-medium_large wp-image-28065\" alt=\"\" srcset=\"https:\/\/sunglassrevivers.com\/es\/wp-content\/uploads\/sites\/2\/2025\/01\/contact-768x769.png 768w, https:\/\/sunglassrevivers.com\/es\/wp-content\/uploads\/sites\/2\/2025\/01\/contact-300x300.png 300w, https:\/\/sunglassrevivers.com\/es\/wp-content\/uploads\/sites\/2\/2025\/01\/contact-1024x1024.png 1024w, https:\/\/sunglassrevivers.com\/es\/wp-content\/uploads\/sites\/2\/2025\/01\/contact-150x150.png 150w, https:\/\/sunglassrevivers.com\/es\/wp-content\/uploads\/sites\/2\/2025\/01\/contact-600x601.png 600w, https:\/\/sunglassrevivers.com\/es\/wp-content\/uploads\/sites\/2\/2025\/01\/contact-100x100.png 100w, https:\/\/sunglassrevivers.com\/es\/wp-content\/uploads\/sites\/2\/2025\/01\/contact-64x64.png 64w, https:\/\/sunglassrevivers.com\/es\/wp-content\/uploads\/sites\/2\/2025\/01\/contact.png 1128w\" sizes=\"(max-width: 768px) 100vw, 768px\" title=\"\">\t\t\t\t\t\t\t\t\t\t\t\t\t\t\t<\/div>\n\t\t\t\t<\/div>\n\t\t\t\t<div class=\"elementor-element elementor-element-3614087 elementor-widget elementor-widget-text-editor\" data-id=\"3614087\" data-element_type=\"widget\" data-widget_type=\"text-editor.default\">\n\t\t\t\t<div class=\"elementor-widget-container\">\n\t\t\t\t\t\t\t\t\t<p>LA RESPUESTA QUE NECESITA EST\u00c1 A S\u00d3LO UNOS CLICS.<\/p>\t\t\t\t\t\t\t\t<\/div>\n\t\t\t\t<\/div>\n\t\t\t\t<div class=\"elementor-element elementor-element-31fcaff elementor-align-justify elementor-widget elementor-widget-button\" data-id=\"31fcaff\" data-element_type=\"widget\" data-widget_type=\"button.default\">\n\t\t\t\t<div class=\"elementor-widget-container\">\n\t\t\t\t\t\t\t\t\t<div class=\"elementor-button-wrapper\">\n\t\t\t\t\t<a class=\"elementor-button elementor-button-link elementor-size-sm\" href=\"https:\/\/sunglassrevivers.com\/es\/centro-de-ayuda\/\">\n\t\t\t\t\t\t<span class=\"elementor-button-content-wrapper\">\n\t\t\t\t\t\t\t\t\t<span class=\"elementor-button-text\">Centro de ayuda<\/span>\n\t\t\t\t\t<\/span>\n\t\t\t\t\t<\/a>\n\t\t\t\t<\/div>\n\t\t\t\t\t\t\t\t<\/div>\n\t\t\t\t<\/div>\n\t\t\t\t<\/div>\n\t\t\t\t\t<\/div>\n\t\t\t\t<\/div>\n\t\t\t\t<\/div>\n\t\t","protected":false},"excerpt":{"rendered":"<p>Atenci\u00f3n al cliente +34610251868 +1 (786) 8072233 +44 (204) 5771283 NUESTRO EQUIPO PUEDE HABLAR INGL\u00c9S O ESPA\u00d1OL LA RESPUESTA QUE NECESITA EST\u00c1 A S\u00d3LO UNOS CLICS. Centro de ayuda<\/p>\n","protected":false},"author":2,"featured_media":0,"parent":0,"menu_order":0,"comment_status":"closed","ping_status":"closed","template":"elementor_header_footer","meta":{"_acf_changed":false,"footnotes":""},"class_list":["post-14651","page","type-page","status-publish"],"acf":[],"_links":{"self":[{"href":"https:\/\/sunglassrevivers.com\/es\/wp-json\/wp\/v2\/pages\/14651","targetHints":{"allow":["GET"]}}],"collection":[{"href":"https:\/\/sunglassrevivers.com\/es\/wp-json\/wp\/v2\/pages"}],"about":[{"href":"https:\/\/sunglassrevivers.com\/es\/wp-json\/wp\/v2\/types\/page"}],"author":[{"embeddable":true,"href":"https:\/\/sunglassrevivers.com\/es\/wp-json\/wp\/v2\/users\/2"}],"replies":[{"embeddable":true,"href":"https:\/\/sunglassrevivers.com\/es\/wp-json\/wp\/v2\/comments?post=14651"}],"version-history":[{"count":11,"href":"https:\/\/sunglassrevivers.com\/es\/wp-json\/wp\/v2\/pages\/14651\/revisions"}],"predecessor-version":[{"id":28075,"href":"https:\/\/sunglassrevivers.com\/es\/wp-json\/wp\/v2\/pages\/14651\/revisions\/28075"}],"wp:attachment":[{"href":"https:\/\/sunglassrevivers.com\/es\/wp-json\/wp\/v2\/media?parent=14651"}],"curies":[{"name":"wp","href":"https:\/\/api.w.org\/{rel}","templated":true}]}}