{"id":14656,"date":"2022-02-07T23:21:53","date_gmt":"2022-02-07T22:21:53","guid":{"rendered":"https:\/\/www.replacementarms.com\/sobre-nosotros\/"},"modified":"2025-02-02T14:24:12","modified_gmt":"2025-02-02T13:24:12","slug":"nosotros","status":"publish","type":"page","link":"https:\/\/sunglassrevivers.com\/es\/nosotros\/","title":{"rendered":"Sobre nosotros"},"content":{"rendered":"\t\t<div data-elementor-type=\"wp-page\" data-elementor-id=\"14656\" class=\"elementor elementor-14656\" data-elementor-post-type=\"page\">\n\t\t\t\t<div class=\"elementor-element elementor-element-b3ec4bc e-flex e-con-boxed e-con e-parent\" data-id=\"b3ec4bc\" data-element_type=\"container\" data-settings=\"{&quot;background_background&quot;:&quot;classic&quot;}\">\n\t\t\t\t\t<div class=\"e-con-inner\">\n\t\t\t\t<div class=\"elementor-element elementor-element-01cf181 elementor-widget elementor-widget-woocommerce-breadcrumb\" data-id=\"01cf181\" data-element_type=\"widget\" data-widget_type=\"woocommerce-breadcrumb.default\">\n\t\t\t\t<div class=\"elementor-widget-container\">\n\t\t\t\t\t<nav class=\"woocommerce-breadcrumb\" aria-label=\"Breadcrumb\">Inicio<\/nav>\t\t\t\t<\/div>\n\t\t\t\t<\/div>\n\t\t\t\t\t<\/div>\n\t\t\t\t<\/div>\n\t\t<div class=\"elementor-element elementor-element-9172d7e e-flex e-con-boxed e-con e-parent\" data-id=\"9172d7e\" data-element_type=\"container\">\n\t\t\t\t\t<div class=\"e-con-inner\">\n\t\t\t\t<div class=\"elementor-element elementor-element-97489cc elementor-widget elementor-widget-heading\" data-id=\"97489cc\" data-element_type=\"widget\" data-widget_type=\"heading.default\">\n\t\t\t\t<div class=\"elementor-widget-container\">\n\t\t\t\t\t<h2 class=\"elementor-heading-title elementor-size-default\">Sunglass Revivers<\/h2>\t\t\t\t<\/div>\n\t\t\t\t<\/div>\n\t\t\t\t\t<\/div>\n\t\t\t\t<\/div>\n\t\t<div class=\"elementor-element elementor-element-6278bfa e-flex e-con-boxed e-con e-parent\" data-id=\"6278bfa\" data-element_type=\"container\">\n\t\t\t\t\t<div class=\"e-con-inner\">\n\t\t<div class=\"elementor-element elementor-element-2e7e8ad e-con-full e-flex e-con e-child\" data-id=\"2e7e8ad\" data-element_type=\"container\" data-settings=\"{&quot;background_background&quot;:&quot;gradient&quot;}\">\n\t\t\t\t<div class=\"elementor-element elementor-element-4cce700 elementor-widget elementor-widget-image\" data-id=\"4cce700\" data-element_type=\"widget\" data-widget_type=\"image.default\">\n\t\t\t\t<div class=\"elementor-widget-container\">\n\t\t\t\t\t\t\t\t\t\t\t\t\t\t\t<img fetchpriority=\"high\" decoding=\"async\" width=\"768\" height=\"166\" src=\"https:\/\/sunglassrevivers.com\/es\/wp-content\/uploads\/sites\/2\/2025\/01\/52-e1738100318354-768x166.png\" class=\"attachment-medium_large size-medium_large wp-image-28526\" alt=\"\" srcset=\"https:\/\/sunglassrevivers.com\/es\/wp-content\/uploads\/sites\/2\/2025\/01\/52-e1738100318354-768x166.png 768w, https:\/\/sunglassrevivers.com\/es\/wp-content\/uploads\/sites\/2\/2025\/01\/52-e1738100318354-300x65.png 300w, https:\/\/sunglassrevivers.com\/es\/wp-content\/uploads\/sites\/2\/2025\/01\/52-e1738100318354-1024x222.png 1024w, https:\/\/sunglassrevivers.com\/es\/wp-content\/uploads\/sites\/2\/2025\/01\/52-e1738100318354-600x130.png 600w, https:\/\/sunglassrevivers.com\/es\/wp-content\/uploads\/sites\/2\/2025\/01\/52-e1738100318354-64x14.png 64w, https:\/\/sunglassrevivers.com\/es\/wp-content\/uploads\/sites\/2\/2025\/01\/52-e1738100318354.png 1080w\" sizes=\"(max-width: 768px) 100vw, 768px\" title=\"\">\t\t\t\t\t\t\t\t\t\t\t\t\t\t\t<\/div>\n\t\t\t\t<\/div>\n\t\t\t\t<\/div>\n\t\t<div class=\"elementor-element elementor-element-424a444 e-con-full e-flex e-con e-child\" data-id=\"424a444\" data-element_type=\"container\" data-settings=\"{&quot;background_background&quot;:&quot;classic&quot;}\">\n\t\t\t\t<div class=\"elementor-element elementor-element-ca92d38 elementor-widget elementor-widget-text-editor\" data-id=\"ca92d38\" data-element_type=\"widget\" data-widget_type=\"text-editor.default\">\n\t\t\t\t<div class=\"elementor-widget-container\">\n\t\t\t\t\t\t\t\t\t<p>En Sunglass Revivers, nos apasiona devolverle vida a tus gafas favoritas. Somos especialistas en gafas de alta calidad, ofreciendo modelos inspirados en los dise\u00f1os m\u00e1s ic\u00f3nicos. <em>Nuestro objetivo principal es combinar funcionalidad, estilo y durabilidad en cada producto,<\/em> asegur\u00e1ndonos de que nuestros clientes encuentren la soluci\u00f3n perfecta para proteger su visi\u00f3n sin renunciar a la moda.<\/p>\t\t\t\t\t\t\t\t<\/div>\n\t\t\t\t<\/div>\n\t\t\t\t<\/div>\n\t\t\t\t\t<\/div>\n\t\t\t\t<\/div>\n\t\t<div class=\"elementor-element elementor-element-b942809 e-flex e-con-boxed e-con e-parent\" data-id=\"b942809\" data-element_type=\"container\">\n\t\t\t\t\t<div class=\"e-con-inner\">\n\t\t<div class=\"elementor-element elementor-element-9f7b163 e-con-full e-flex e-con e-child\" data-id=\"9f7b163\" data-element_type=\"container\" data-settings=\"{&quot;background_background&quot;:&quot;classic&quot;}\">\n\t\t\t\t<div class=\"elementor-element elementor-element-af6cbf1 elementor-widget elementor-widget-text-editor\" data-id=\"af6cbf1\" data-element_type=\"widget\" data-widget_type=\"text-editor.default\">\n\t\t\t\t<div class=\"elementor-widget-container\">\n\t\t\t\t\t\t\t\t\t<p>Sabemos lo importante que es <em>alargar la vida \u00fatil de tus gafas favoritas<\/em>. Por eso, nuestras varillas compatibles est\u00e1n fabricadas con materiales de alta calidad, dise\u00f1adas para ofrecer resistencia y durabilidad sin comprometer la comodidad. Disponibles para una amplia variedad de modelos, nuestras varillas permiten darles una segunda vida a tus gafas de manera econ\u00f3mica y sostenible.<\/p>\t\t\t\t\t\t\t\t<\/div>\n\t\t\t\t<\/div>\n\t\t\t\t<\/div>\n\t\t<div class=\"elementor-element elementor-element-7e850a9 e-con-full e-flex e-con e-child\" data-id=\"7e850a9\" data-element_type=\"container\" data-settings=\"{&quot;background_background&quot;:&quot;gradient&quot;}\">\n\t\t\t\t<div class=\"elementor-element elementor-element-df9e641 elementor-absolute elementor-widget elementor-widget-image\" data-id=\"df9e641\" data-element_type=\"widget\" data-settings=\"{&quot;_position&quot;:&quot;absolute&quot;}\" data-widget_type=\"image.default\">\n\t\t\t\t<div class=\"elementor-widget-container\">\n\t\t\t\t\t\t\t\t\t\t\t\t\t\t\t<img decoding=\"async\" width=\"54\" height=\"54\" src=\"https:\/\/sunglassrevivers.com\/es\/wp-content\/uploads\/sites\/2\/2025\/01\/CHECK-2.webp\" class=\"attachment-medium_large size-medium_large wp-image-28527\" alt=\"\" title=\"\">\t\t\t\t\t\t\t\t\t\t\t\t\t\t\t<\/div>\n\t\t\t\t<\/div>\n\t\t\t\t<div class=\"elementor-element elementor-element-fba27eb elementor-widget elementor-widget-image\" data-id=\"fba27eb\" data-element_type=\"widget\" data-widget_type=\"image.default\">\n\t\t\t\t<div class=\"elementor-widget-container\">\n\t\t\t\t\t\t\t\t\t\t\t\t\t\t\t<img decoding=\"async\" width=\"300\" height=\"300\" src=\"https:\/\/sunglassrevivers.com\/es\/wp-content\/uploads\/sites\/2\/2025\/01\/53-300x300.png\" class=\"attachment-medium size-medium wp-image-28528\" alt=\"\" srcset=\"https:\/\/sunglassrevivers.com\/es\/wp-content\/uploads\/sites\/2\/2025\/01\/53-300x300.png 300w, https:\/\/sunglassrevivers.com\/es\/wp-content\/uploads\/sites\/2\/2025\/01\/53-1024x1024.png 1024w, https:\/\/sunglassrevivers.com\/es\/wp-content\/uploads\/sites\/2\/2025\/01\/53-150x150.png 150w, https:\/\/sunglassrevivers.com\/es\/wp-content\/uploads\/sites\/2\/2025\/01\/53-768x768.png 768w, https:\/\/sunglassrevivers.com\/es\/wp-content\/uploads\/sites\/2\/2025\/01\/53-600x600.png 600w, https:\/\/sunglassrevivers.com\/es\/wp-content\/uploads\/sites\/2\/2025\/01\/53-100x100.png 100w, https:\/\/sunglassrevivers.com\/es\/wp-content\/uploads\/sites\/2\/2025\/01\/53-64x64.png 64w, https:\/\/sunglassrevivers.com\/es\/wp-content\/uploads\/sites\/2\/2025\/01\/53.png 1080w\" sizes=\"(max-width: 300px) 100vw, 300px\" title=\"\">\t\t\t\t\t\t\t\t\t\t\t\t\t\t\t<\/div>\n\t\t\t\t<\/div>\n\t\t\t\t<\/div>\n\t\t\t\t\t<\/div>\n\t\t\t\t<\/div>\n\t\t<div class=\"elementor-element elementor-element-b21abe2 e-flex e-con-boxed e-con e-parent\" data-id=\"b21abe2\" data-element_type=\"container\">\n\t\t\t\t\t<div class=\"e-con-inner\">\n\t\t<div class=\"elementor-element elementor-element-51d2b77 e-con-full e-flex e-con e-child\" data-id=\"51d2b77\" data-element_type=\"container\" data-settings=\"{&quot;background_background&quot;:&quot;gradient&quot;}\">\n\t\t\t\t<div class=\"elementor-element elementor-element-c74b6a4 elementor-absolute elementor-widget elementor-widget-image\" data-id=\"c74b6a4\" data-element_type=\"widget\" data-settings=\"{&quot;_position&quot;:&quot;absolute&quot;}\" data-widget_type=\"image.default\">\n\t\t\t\t<div class=\"elementor-widget-container\">\n\t\t\t\t\t\t\t\t\t\t\t\t\t\t\t<img decoding=\"async\" width=\"54\" height=\"54\" src=\"https:\/\/sunglassrevivers.com\/es\/wp-content\/uploads\/sites\/2\/2025\/01\/CHECK-2.webp\" class=\"attachment-medium_large size-medium_large wp-image-28527\" alt=\"\" title=\"\">\t\t\t\t\t\t\t\t\t\t\t\t\t\t\t<\/div>\n\t\t\t\t<\/div>\n\t\t\t\t<div class=\"elementor-element elementor-element-5240998 elementor-widget elementor-widget-image\" data-id=\"5240998\" data-element_type=\"widget\" data-widget_type=\"image.default\">\n\t\t\t\t<div class=\"elementor-widget-container\">\n\t\t\t\t\t\t\t\t\t\t\t\t\t\t\t<img loading=\"lazy\" decoding=\"async\" width=\"300\" height=\"300\" src=\"https:\/\/sunglassrevivers.com\/es\/wp-content\/uploads\/sites\/2\/2025\/01\/54-300x300.png\" class=\"attachment-medium size-medium wp-image-28529\" alt=\"\" srcset=\"https:\/\/sunglassrevivers.com\/es\/wp-content\/uploads\/sites\/2\/2025\/01\/54-300x300.png 300w, https:\/\/sunglassrevivers.com\/es\/wp-content\/uploads\/sites\/2\/2025\/01\/54-1024x1024.png 1024w, https:\/\/sunglassrevivers.com\/es\/wp-content\/uploads\/sites\/2\/2025\/01\/54-150x150.png 150w, https:\/\/sunglassrevivers.com\/es\/wp-content\/uploads\/sites\/2\/2025\/01\/54-768x768.png 768w, https:\/\/sunglassrevivers.com\/es\/wp-content\/uploads\/sites\/2\/2025\/01\/54-600x600.png 600w, https:\/\/sunglassrevivers.com\/es\/wp-content\/uploads\/sites\/2\/2025\/01\/54-100x100.png 100w, https:\/\/sunglassrevivers.com\/es\/wp-content\/uploads\/sites\/2\/2025\/01\/54-64x64.png 64w, https:\/\/sunglassrevivers.com\/es\/wp-content\/uploads\/sites\/2\/2025\/01\/54.png 1080w\" sizes=\"(max-width: 300px) 100vw, 300px\" title=\"\">\t\t\t\t\t\t\t\t\t\t\t\t\t\t\t<\/div>\n\t\t\t\t<\/div>\n\t\t\t\t<\/div>\n\t\t<div class=\"elementor-element elementor-element-0f32233 e-con-full e-flex e-con e-child\" data-id=\"0f32233\" data-element_type=\"container\" data-settings=\"{&quot;background_background&quot;:&quot;classic&quot;}\">\n\t\t\t\t<div class=\"elementor-element elementor-element-f9cce61 elementor-widget elementor-widget-text-editor\" data-id=\"f9cce61\" data-element_type=\"widget\" data-widget_type=\"text-editor.default\">\n\t\t\t\t<div class=\"elementor-widget-container\">\n\t\t\t\t\t\t\t\t\t<p>Queremos que tus gafas\u00a0<em>no solo se vean bien, sino que tambi\u00e9n funcionen como el primer d\u00eda.\u00a0<\/em>Nuestras lentes compatibles est\u00e1n fabricadas con tecnolog\u00eda de vanguardia que garantiza una claridad \u00f3ptica superior y una resistencia excepcional. Disponibles para todos los modelos de gafas Ray-Ban y Oakley, ofrecemos una soluci\u00f3n perfecta para renovar tus gafas sin complicaciones.<\/p>\t\t\t\t\t\t\t\t<\/div>\n\t\t\t\t<\/div>\n\t\t\t\t<\/div>\n\t\t\t\t\t<\/div>\n\t\t\t\t<\/div>\n\t\t<div class=\"elementor-element elementor-element-3bd98d9 e-flex e-con-boxed e-con e-parent\" data-id=\"3bd98d9\" data-element_type=\"container\">\n\t\t\t\t\t<div class=\"e-con-inner\">\n\t\t\t\t<div class=\"elementor-element elementor-element-1b8b085 elementor-widget elementor-widget-heading\" data-id=\"1b8b085\" data-element_type=\"widget\" data-widget_type=\"heading.default\">\n\t\t\t\t<div class=\"elementor-widget-container\">\n\t\t\t\t\t<h2 class=\"elementor-heading-title elementor-size-default\">Nuestro equipo<\/h2>\t\t\t\t<\/div>\n\t\t\t\t<\/div>\n\t\t\t\t\t<\/div>\n\t\t\t\t<\/div>\n\t\t<div class=\"elementor-element elementor-element-d07520b e-flex e-con-boxed e-con e-parent\" data-id=\"d07520b\" data-element_type=\"container\">\n\t\t\t\t\t<div class=\"e-con-inner\">\n\t\t<div class=\"elementor-element elementor-element-8874559 e-con-full e-flex e-con e-child\" data-id=\"8874559\" data-element_type=\"container\">\n\t\t\t\t<div class=\"elementor-element elementor-element-3d97aac elementor-widget elementor-widget-image\" data-id=\"3d97aac\" data-element_type=\"widget\" data-widget_type=\"image.default\">\n\t\t\t\t<div class=\"elementor-widget-container\">\n\t\t\t\t\t\t\t\t\t\t\t\t\t\t\t<img loading=\"lazy\" decoding=\"async\" width=\"450\" height=\"450\" src=\"https:\/\/sunglassrevivers.com\/es\/wp-content\/uploads\/sites\/2\/2025\/01\/VICTOR.webp\" class=\"attachment-large size-large wp-image-28581\" alt=\"\" srcset=\"https:\/\/sunglassrevivers.com\/es\/wp-content\/uploads\/sites\/2\/2025\/01\/VICTOR.webp 450w, https:\/\/sunglassrevivers.com\/es\/wp-content\/uploads\/sites\/2\/2025\/01\/VICTOR-300x300.webp 300w, https:\/\/sunglassrevivers.com\/es\/wp-content\/uploads\/sites\/2\/2025\/01\/VICTOR-150x150.webp 150w, https:\/\/sunglassrevivers.com\/es\/wp-content\/uploads\/sites\/2\/2025\/01\/VICTOR-100x100.webp 100w, https:\/\/sunglassrevivers.com\/es\/wp-content\/uploads\/sites\/2\/2025\/01\/VICTOR-64x64.webp 64w\" sizes=\"(max-width: 450px) 100vw, 450px\" title=\"\">\t\t\t\t\t\t\t\t\t\t\t\t\t\t\t<\/div>\n\t\t\t\t<\/div>\n\t\t\t\t<div class=\"elementor-element elementor-element-bb41de1 elementor-widget elementor-widget-heading\" data-id=\"bb41de1\" data-element_type=\"widget\" data-widget_type=\"heading.default\">\n\t\t\t\t<div class=\"elementor-widget-container\">\n\t\t\t\t\t<h3 class=\"elementor-heading-title elementor-size-default\">V\u00edctor<\/h3>\t\t\t\t<\/div>\n\t\t\t\t<\/div>\n\t\t\t\t<div class=\"elementor-element elementor-element-e02fa0c elementor-widget elementor-widget-text-editor\" data-id=\"e02fa0c\" data-element_type=\"widget\" data-widget_type=\"text-editor.default\">\n\t\t\t\t<div class=\"elementor-widget-container\">\n\t\t\t\t\t\t\t\t\t<p><em>\u00d3ptico \/ Taller<\/em><\/p><p>Cuida cada detalle t\u00e9cnico para garantizar la calidad de tus gafas.<\/p>\t\t\t\t\t\t\t\t<\/div>\n\t\t\t\t<\/div>\n\t\t\t\t<\/div>\n\t\t<div class=\"elementor-element elementor-element-7878dc4 e-con-full e-flex e-con e-child\" data-id=\"7878dc4\" data-element_type=\"container\">\n\t\t\t\t<div class=\"elementor-element elementor-element-e73ac57 elementor-widget elementor-widget-image\" data-id=\"e73ac57\" data-element_type=\"widget\" data-widget_type=\"image.default\">\n\t\t\t\t<div class=\"elementor-widget-container\">\n\t\t\t\t\t\t\t\t\t\t\t\t\t\t\t<img loading=\"lazy\" decoding=\"async\" width=\"450\" height=\"450\" src=\"https:\/\/sunglassrevivers.com\/es\/wp-content\/uploads\/sites\/2\/2025\/01\/PEDRO.webp\" class=\"attachment-large size-large wp-image-28580\" alt=\"\" srcset=\"https:\/\/sunglassrevivers.com\/es\/wp-content\/uploads\/sites\/2\/2025\/01\/PEDRO.webp 450w, https:\/\/sunglassrevivers.com\/es\/wp-content\/uploads\/sites\/2\/2025\/01\/PEDRO-300x300.webp 300w, https:\/\/sunglassrevivers.com\/es\/wp-content\/uploads\/sites\/2\/2025\/01\/PEDRO-150x150.webp 150w, https:\/\/sunglassrevivers.com\/es\/wp-content\/uploads\/sites\/2\/2025\/01\/PEDRO-100x100.webp 100w, https:\/\/sunglassrevivers.com\/es\/wp-content\/uploads\/sites\/2\/2025\/01\/PEDRO-64x64.webp 64w\" sizes=\"(max-width: 450px) 100vw, 450px\" title=\"\">\t\t\t\t\t\t\t\t\t\t\t\t\t\t\t<\/div>\n\t\t\t\t<\/div>\n\t\t\t\t<div class=\"elementor-element elementor-element-cd9ff4b elementor-widget elementor-widget-heading\" data-id=\"cd9ff4b\" data-element_type=\"widget\" data-widget_type=\"heading.default\">\n\t\t\t\t<div class=\"elementor-widget-container\">\n\t\t\t\t\t<h3 class=\"elementor-heading-title elementor-size-default\">Pedro<\/h3>\t\t\t\t<\/div>\n\t\t\t\t<\/div>\n\t\t\t\t<div class=\"elementor-element elementor-element-243293f elementor-widget elementor-widget-text-editor\" data-id=\"243293f\" data-element_type=\"widget\" data-widget_type=\"text-editor.default\">\n\t\t\t\t<div class=\"elementor-widget-container\">\n\t\t\t\t\t\t\t\t\t<p><em>Atenci\u00f3n al cliente<\/em><\/p><p>Siempre listo para resolver tus dudas y ayudarte en cada paso.<\/p>\t\t\t\t\t\t\t\t<\/div>\n\t\t\t\t<\/div>\n\t\t\t\t<\/div>\n\t\t<div class=\"elementor-element elementor-element-1e16b4a e-con-full e-flex e-con e-child\" data-id=\"1e16b4a\" data-element_type=\"container\">\n\t\t\t\t<div class=\"elementor-element elementor-element-1fe0766 elementor-widget elementor-widget-image\" data-id=\"1fe0766\" data-element_type=\"widget\" data-widget_type=\"image.default\">\n\t\t\t\t<div class=\"elementor-widget-container\">\n\t\t\t\t\t\t\t\t\t\t\t\t\t\t\t<img loading=\"lazy\" decoding=\"async\" width=\"450\" height=\"450\" src=\"https:\/\/sunglassrevivers.com\/es\/wp-content\/uploads\/sites\/2\/2025\/01\/MARTA.webp\" class=\"attachment-large size-large wp-image-28585\" alt=\"\" srcset=\"https:\/\/sunglassrevivers.com\/es\/wp-content\/uploads\/sites\/2\/2025\/01\/MARTA.webp 450w, https:\/\/sunglassrevivers.com\/es\/wp-content\/uploads\/sites\/2\/2025\/01\/MARTA-300x300.webp 300w, https:\/\/sunglassrevivers.com\/es\/wp-content\/uploads\/sites\/2\/2025\/01\/MARTA-150x150.webp 150w, https:\/\/sunglassrevivers.com\/es\/wp-content\/uploads\/sites\/2\/2025\/01\/MARTA-100x100.webp 100w, https:\/\/sunglassrevivers.com\/es\/wp-content\/uploads\/sites\/2\/2025\/01\/MARTA-64x64.webp 64w\" sizes=\"(max-width: 450px) 100vw, 450px\" title=\"\">\t\t\t\t\t\t\t\t\t\t\t\t\t\t\t<\/div>\n\t\t\t\t<\/div>\n\t\t\t\t<div class=\"elementor-element elementor-element-2c7232a elementor-widget elementor-widget-heading\" data-id=\"2c7232a\" data-element_type=\"widget\" data-widget_type=\"heading.default\">\n\t\t\t\t<div class=\"elementor-widget-container\">\n\t\t\t\t\t<h3 class=\"elementor-heading-title elementor-size-default\">Marta<\/h3>\t\t\t\t<\/div>\n\t\t\t\t<\/div>\n\t\t\t\t<div class=\"elementor-element elementor-element-8960409 elementor-widget elementor-widget-text-editor\" data-id=\"8960409\" data-element_type=\"widget\" data-widget_type=\"text-editor.default\">\n\t\t\t\t<div class=\"elementor-widget-container\">\n\t\t\t\t\t\t\t\t\t<p><em>CEO \/ \u00d3ptica<\/em><\/p><p>Lidera con experiencia, asegurando excelencia en todo lo que hacemos.<\/p>\t\t\t\t\t\t\t\t<\/div>\n\t\t\t\t<\/div>\n\t\t\t\t<\/div>\n\t\t<div class=\"elementor-element elementor-element-507746b e-con-full e-flex e-con e-child\" data-id=\"507746b\" data-element_type=\"container\">\n\t\t\t\t<div class=\"elementor-element elementor-element-a9df00e elementor-widget elementor-widget-image\" data-id=\"a9df00e\" data-element_type=\"widget\" data-widget_type=\"image.default\">\n\t\t\t\t<div class=\"elementor-widget-container\">\n\t\t\t\t\t\t\t\t\t\t\t\t\t\t\t<img loading=\"lazy\" decoding=\"async\" width=\"450\" height=\"450\" src=\"https:\/\/sunglassrevivers.com\/es\/wp-content\/uploads\/sites\/2\/2025\/01\/RAFAEL.webp\" class=\"attachment-large size-large wp-image-28584\" alt=\"\" srcset=\"https:\/\/sunglassrevivers.com\/es\/wp-content\/uploads\/sites\/2\/2025\/01\/RAFAEL.webp 450w, https:\/\/sunglassrevivers.com\/es\/wp-content\/uploads\/sites\/2\/2025\/01\/RAFAEL-300x300.webp 300w, https:\/\/sunglassrevivers.com\/es\/wp-content\/uploads\/sites\/2\/2025\/01\/RAFAEL-150x150.webp 150w, https:\/\/sunglassrevivers.com\/es\/wp-content\/uploads\/sites\/2\/2025\/01\/RAFAEL-100x100.webp 100w, https:\/\/sunglassrevivers.com\/es\/wp-content\/uploads\/sites\/2\/2025\/01\/RAFAEL-64x64.webp 64w\" sizes=\"(max-width: 450px) 100vw, 450px\" title=\"\">\t\t\t\t\t\t\t\t\t\t\t\t\t\t\t<\/div>\n\t\t\t\t<\/div>\n\t\t\t\t<div class=\"elementor-element elementor-element-7205643 elementor-widget elementor-widget-heading\" data-id=\"7205643\" data-element_type=\"widget\" data-widget_type=\"heading.default\">\n\t\t\t\t<div class=\"elementor-widget-container\">\n\t\t\t\t\t<h3 class=\"elementor-heading-title elementor-size-default\">Rafael<\/h3>\t\t\t\t<\/div>\n\t\t\t\t<\/div>\n\t\t\t\t<div class=\"elementor-element elementor-element-6e2901c elementor-widget elementor-widget-text-editor\" data-id=\"6e2901c\" data-element_type=\"widget\" data-widget_type=\"text-editor.default\">\n\t\t\t\t<div class=\"elementor-widget-container\">\n\t\t\t\t\t\t\t\t\t<p><em>Mantenimiento Web<\/em><\/p><p>Mantiene la p\u00e1gina funcionando r\u00e1pido y sin problemas.<\/p>\t\t\t\t\t\t\t\t<\/div>\n\t\t\t\t<\/div>\n\t\t\t\t<\/div>\n\t\t<div class=\"elementor-element elementor-element-736ab4e e-con-full e-flex e-con e-child\" data-id=\"736ab4e\" data-element_type=\"container\">\n\t\t\t\t<div class=\"elementor-element elementor-element-a86b134 elementor-widget elementor-widget-image\" data-id=\"a86b134\" data-element_type=\"widget\" data-widget_type=\"image.default\">\n\t\t\t\t<div class=\"elementor-widget-container\">\n\t\t\t\t\t\t\t\t\t\t\t\t\t\t\t<img loading=\"lazy\" decoding=\"async\" width=\"450\" height=\"450\" src=\"https:\/\/sunglassrevivers.com\/es\/wp-content\/uploads\/sites\/2\/2025\/01\/YUSCARLIS.webp\" class=\"attachment-large size-large wp-image-28583\" alt=\"\" srcset=\"https:\/\/sunglassrevivers.com\/es\/wp-content\/uploads\/sites\/2\/2025\/01\/YUSCARLIS.webp 450w, https:\/\/sunglassrevivers.com\/es\/wp-content\/uploads\/sites\/2\/2025\/01\/YUSCARLIS-300x300.webp 300w, https:\/\/sunglassrevivers.com\/es\/wp-content\/uploads\/sites\/2\/2025\/01\/YUSCARLIS-150x150.webp 150w, https:\/\/sunglassrevivers.com\/es\/wp-content\/uploads\/sites\/2\/2025\/01\/YUSCARLIS-100x100.webp 100w, https:\/\/sunglassrevivers.com\/es\/wp-content\/uploads\/sites\/2\/2025\/01\/YUSCARLIS-64x64.webp 64w\" sizes=\"(max-width: 450px) 100vw, 450px\" title=\"\">\t\t\t\t\t\t\t\t\t\t\t\t\t\t\t<\/div>\n\t\t\t\t<\/div>\n\t\t\t\t<div class=\"elementor-element elementor-element-aeb08f3 elementor-widget elementor-widget-heading\" data-id=\"aeb08f3\" data-element_type=\"widget\" data-widget_type=\"heading.default\">\n\t\t\t\t<div class=\"elementor-widget-container\">\n\t\t\t\t\t<h3 class=\"elementor-heading-title elementor-size-default\">Yuscarlis<\/h3>\t\t\t\t<\/div>\n\t\t\t\t<\/div>\n\t\t\t\t<div class=\"elementor-element elementor-element-f5821db elementor-widget elementor-widget-text-editor\" data-id=\"f5821db\" data-element_type=\"widget\" data-widget_type=\"text-editor.default\">\n\t\t\t\t<div class=\"elementor-widget-container\">\n\t\t\t\t\t\t\t\t\t<p><em>Encargada de almac\u00e9n<\/em><\/p><p>Organiza y gestiona cada pedido con precisi\u00f3n y cuidado.<\/p>\t\t\t\t\t\t\t\t<\/div>\n\t\t\t\t<\/div>\n\t\t\t\t<\/div>\n\t\t<div class=\"elementor-element elementor-element-ce46716 e-con-full e-flex e-con e-child\" data-id=\"ce46716\" data-element_type=\"container\">\n\t\t\t\t<div class=\"elementor-element elementor-element-1922449 elementor-widget elementor-widget-image\" data-id=\"1922449\" data-element_type=\"widget\" data-widget_type=\"image.default\">\n\t\t\t\t<div class=\"elementor-widget-container\">\n\t\t\t\t\t\t\t\t\t\t\t\t\t\t\t<img loading=\"lazy\" decoding=\"async\" width=\"450\" height=\"450\" src=\"https:\/\/sunglassrevivers.com\/es\/wp-content\/uploads\/sites\/2\/2025\/01\/NICOLAS.webp\" class=\"attachment-large size-large wp-image-28582\" alt=\"\" srcset=\"https:\/\/sunglassrevivers.com\/es\/wp-content\/uploads\/sites\/2\/2025\/01\/NICOLAS.webp 450w, https:\/\/sunglassrevivers.com\/es\/wp-content\/uploads\/sites\/2\/2025\/01\/NICOLAS-300x300.webp 300w, https:\/\/sunglassrevivers.com\/es\/wp-content\/uploads\/sites\/2\/2025\/01\/NICOLAS-150x150.webp 150w, https:\/\/sunglassrevivers.com\/es\/wp-content\/uploads\/sites\/2\/2025\/01\/NICOLAS-100x100.webp 100w, https:\/\/sunglassrevivers.com\/es\/wp-content\/uploads\/sites\/2\/2025\/01\/NICOLAS-64x64.webp 64w\" sizes=\"(max-width: 450px) 100vw, 450px\" title=\"\">\t\t\t\t\t\t\t\t\t\t\t\t\t\t\t<\/div>\n\t\t\t\t<\/div>\n\t\t\t\t<div class=\"elementor-element elementor-element-fc89f2f elementor-widget elementor-widget-heading\" data-id=\"fc89f2f\" data-element_type=\"widget\" data-widget_type=\"heading.default\">\n\t\t\t\t<div class=\"elementor-widget-container\">\n\t\t\t\t\t<h3 class=\"elementor-heading-title elementor-size-default\">Nicol\u00e1s<\/h3>\t\t\t\t<\/div>\n\t\t\t\t<\/div>\n\t\t\t\t<div class=\"elementor-element elementor-element-b422aac elementor-widget elementor-widget-text-editor\" data-id=\"b422aac\" data-element_type=\"widget\" data-widget_type=\"text-editor.default\">\n\t\t\t\t<div class=\"elementor-widget-container\">\n\t\t\t\t\t\t\t\t\t<p><em>Dise\u00f1ador gr\u00e1fico<\/em><\/p><p>Da vida a nuestras ideas con dise\u00f1os que representan nuestra esencia.<\/p>\t\t\t\t\t\t\t\t<\/div>\n\t\t\t\t<\/div>\n\t\t\t\t<\/div>\n\t\t\t\t\t<\/div>\n\t\t\t\t<\/div>\n\t\t\t\t<\/div>\n\t\t","protected":false},"excerpt":{"rendered":"<p>Sunglass Revivers En Sunglass Revivers, nos apasiona devolverle vida a tus gafas favoritas. Somos especialistas en gafas de alta calidad, ofreciendo modelos inspirados en los dise\u00f1os m\u00e1s ic\u00f3nicos. Nuestro objetivo principal es combinar funcionalidad, estilo y durabilidad en cada producto, asegur\u00e1ndonos de que nuestros clientes encuentren la soluci\u00f3n perfecta para proteger su visi\u00f3n sin renunciar &#8230; <a title=\"Sobre nosotros\" class=\"read-more\" href=\"https:\/\/sunglassrevivers.com\/es\/nosotros\/\" aria-label=\"Leer m\u00e1s sobre Sobre nosotros\">Leer m\u00e1s<\/a><\/p>\n","protected":false},"author":2,"featured_media":0,"parent":0,"menu_order":0,"comment_status":"closed","ping_status":"closed","template":"elementor_header_footer","meta":{"_acf_changed":false,"footnotes":""},"class_list":["post-14656","page","type-page","status-publish"],"acf":[],"_links":{"self":[{"href":"https:\/\/sunglassrevivers.com\/es\/wp-json\/wp\/v2\/pages\/14656","targetHints":{"allow":["GET"]}}],"collection":[{"href":"https:\/\/sunglassrevivers.com\/es\/wp-json\/wp\/v2\/pages"}],"about":[{"href":"https:\/\/sunglassrevivers.com\/es\/wp-json\/wp\/v2\/types\/page"}],"author":[{"embeddable":true,"href":"https:\/\/sunglassrevivers.com\/es\/wp-json\/wp\/v2\/users\/2"}],"replies":[{"embeddable":true,"href":"https:\/\/sunglassrevivers.com\/es\/wp-json\/wp\/v2\/comments?post=14656"}],"version-history":[{"count":25,"href":"https:\/\/sunglassrevivers.com\/es\/wp-json\/wp\/v2\/pages\/14656\/revisions"}],"predecessor-version":[{"id":28821,"href":"https:\/\/sunglassrevivers.com\/es\/wp-json\/wp\/v2\/pages\/14656\/revisions\/28821"}],"wp:attachment":[{"href":"https:\/\/sunglassrevivers.com\/es\/wp-json\/wp\/v2\/media?parent=14656"}],"curies":[{"name":"wp","href":"https:\/\/api.w.org\/{rel}","templated":true}]}}