{"id":30575,"date":"2026-01-30T10:43:44","date_gmt":"2026-01-30T09:43:44","guid":{"rendered":"https:\/\/sunglassrevivers.com\/es\/?page_id=30575"},"modified":"2026-01-30T10:43:47","modified_gmt":"2026-01-30T09:43:47","slug":"politica-de-pagos","status":"publish","type":"page","link":"https:\/\/sunglassrevivers.com\/es\/politica-de-pagos\/","title":{"rendered":"Pol\u00edtica de pagos"},"content":{"rendered":"\n<p>M\u00e9todos de pago aceptados<\/p>\n\n\n\n<p>Aceptamos los siguientes m\u00e9todos de pago:<\/p>\n\n\n\n<ul class=\"wp-block-list\">\n<li>Visa<\/li>\n\n\n\n<li>Mastercard<\/li>\n\n\n\n<li>American Express<\/li>\n\n\n\n<li>Discover<\/li>\n\n\n\n<li>PayPal (est\u00e1ndar)<\/li>\n<\/ul>\n\n\n\n<p>Los pagos con tarjeta se procesan de forma segura a trav\u00e9s de nuestro proveedor de pagos, Stripe.<\/p>\n\n\n\n<hr class=\"wp-block-separator has-alpha-channel-opacity\"\/>\n\n\n\n<h3 class=\"wp-block-heading\">Procesamiento de pagos<\/h3>\n\n\n\n<p>Todos los pagos se procesan de forma segura mediante conexiones cifradas y plataformas de pago confiables.<br>No almacenamos ni tenemos acceso a los datos completos de su tarjeta.<\/p>\n\n\n\n<hr class=\"wp-block-separator has-alpha-channel-opacity\"\/>\n\n\n\n<h3 class=\"wp-block-heading\">Moneda<\/h3>\n\n\n\n<p>Todos los precios y pagos se procesan en la moneda que se muestra en la p\u00e1gina de pago en el momento de realizar la compra.<\/p>\n\n\n\n<hr class=\"wp-block-separator has-alpha-channel-opacity\"\/>\n\n\n\n<h3 class=\"wp-block-heading\">Autorizaci\u00f3n de pago<\/h3>\n\n\n\n<p>Al realizar un pedido, usted autoriza el cargo del importe total mostrado en la p\u00e1gina de pago, incluidos los impuestos aplicables y los gastos de env\u00edo.<\/p>\n\n\n\n<p>El pedido solo se procesar\u00e1 una vez que el pago haya sido autorizado correctamente.<\/p>\n\n\n\n<hr class=\"wp-block-separator has-alpha-channel-opacity\"\/>\n\n\n\n<h3 class=\"wp-block-heading\">Incidencias en el pago<\/h3>\n\n\n\n<p>Si su pago no puede completarse o es rechazado por su banco o proveedor de pago, su pedido no ser\u00e1 confirmado.<\/p>\n\n\n\n<p>Para cualquier consulta relacionada con los pagos, puede ponerse en contacto con nosotros a trav\u00e9s de nuestra p\u00e1gina de Contacto.<\/p>\n","protected":false},"excerpt":{"rendered":"<p>M\u00e9todos de pago aceptados Aceptamos los siguientes m\u00e9todos de pago: Los pagos con tarjeta se procesan de forma segura a trav\u00e9s de nuestro proveedor de pagos, Stripe. Procesamiento de pagos Todos los pagos se procesan de forma segura mediante conexiones cifradas y plataformas de pago confiables.No almacenamos ni tenemos acceso a los datos completos de &#8230; <a title=\"Pol\u00edtica de pagos\" class=\"read-more\" href=\"https:\/\/sunglassrevivers.com\/es\/politica-de-pagos\/\" aria-label=\"Leer m\u00e1s sobre Pol\u00edtica de pagos\">Leer m\u00e1s<\/a><\/p>\n","protected":false},"author":1,"featured_media":0,"parent":0,"menu_order":0,"comment_status":"closed","ping_status":"closed","template":"","meta":{"_acf_changed":false,"footnotes":""},"class_list":["post-30575","page","type-page","status-publish"],"acf":[],"_links":{"self":[{"href":"https:\/\/sunglassrevivers.com\/es\/wp-json\/wp\/v2\/pages\/30575","targetHints":{"allow":["GET"]}}],"collection":[{"href":"https:\/\/sunglassrevivers.com\/es\/wp-json\/wp\/v2\/pages"}],"about":[{"href":"https:\/\/sunglassrevivers.com\/es\/wp-json\/wp\/v2\/types\/page"}],"author":[{"embeddable":true,"href":"https:\/\/sunglassrevivers.com\/es\/wp-json\/wp\/v2\/users\/1"}],"replies":[{"embeddable":true,"href":"https:\/\/sunglassrevivers.com\/es\/wp-json\/wp\/v2\/comments?post=30575"}],"version-history":[{"count":1,"href":"https:\/\/sunglassrevivers.com\/es\/wp-json\/wp\/v2\/pages\/30575\/revisions"}],"predecessor-version":[{"id":30577,"href":"https:\/\/sunglassrevivers.com\/es\/wp-json\/wp\/v2\/pages\/30575\/revisions\/30577"}],"wp:attachment":[{"href":"https:\/\/sunglassrevivers.com\/es\/wp-json\/wp\/v2\/media?parent=30575"}],"curies":[{"name":"wp","href":"https:\/\/api.w.org\/{rel}","templated":true}]}}