{"id":27511,"date":"2025-01-21T12:17:32","date_gmt":"2025-01-21T11:17:32","guid":{"rendered":"https:\/\/sunglassrevivers.com\/es\/?post_type=product&#038;p=27511"},"modified":"2025-11-13T13:28:18","modified_gmt":"2025-11-13T12:28:18","slug":"lentes-de-repuesto-ray-ban-rb8301","status":"publish","type":"product","link":"https:\/\/sunglassrevivers.com\/es\/product\/lentes-de-repuesto-ray-ban-rb8301\/","title":{"rendered":"Lentes de repuesto para Ray-Ban RB8301"},"content":{"rendered":"<p>Mejora tus gafas de sol Ray-Ban 8301 con nuestras Lentes de repuesto de alta calidad, dise\u00f1adas espec\u00edficamente para los tama\u00f1os de montura de <strong>56 mm<\/strong> y <strong>59 mm<\/strong>. Fabricadas con materiales de primera calidad, estas lentes brindan una excelente durabilidad, claridad y protecci\u00f3n UV.<\/p>\n<h2>Ajuste perfecto para Ray-Ban 8301<\/h2>\n<p>Estas Lentes de repuesto est\u00e1n dise\u00f1adas para las gafas de sol <strong>Ray-Ban 8301<\/strong> en los tama\u00f1os de <strong>56 mm<\/strong> y <strong>59 mm<\/strong>, lo que garantiza un ajuste preciso y c\u00f3modo. Restaura tus gafas de sol a su estado original con lentes que ofrecen un rendimiento \u00f3ptimo.<\/p>\n<h2>Materiales de lentes de primera calidad<\/h2>\n<p>Elija entre dos materiales de lentes de primera calidad:<\/p>\n<ul>\n<li><strong>TAC (Tri-Acetato de Celulosa):<\/strong> lentes polarizadas que reducen el deslumbramiento y mejoran la claridad visual, brindando protecci\u00f3n y comodidad superiores bajo la luz solar intensa.<\/li>\n<li><strong>PC (Policarbonato):<\/strong> lentes livianos, resistentes a los impactos y a los rayones que brindan una excelente protecci\u00f3n UV y durabilidad, ideales para el uso diario.<\/li>\n<\/ul>\n<p>Ambas opciones ofrecen <strong>100 % de protecci\u00f3n UV<\/strong>, lo que garantiza que sus ojos est\u00e9n completamente protegidos de los da\u00f1inos rayos UV durante las actividades al aire libre.<\/p>\n<h2>Caracter\u00edsticas principales<\/h2>\n<ul>\n<li>Dise\u00f1ado espec\u00edficamente para gafas de sol Ray-Ban 8301 en tama\u00f1os de <strong>56 mm<\/strong> y <strong>59 mm<\/strong><\/li>\n<li>Disponible en materiales premium <strong>TAC<\/strong> y <strong>PC<\/strong><\/li>\n<li>Lentes polarizadas opcionales para reducir el deslumbramiento y mejorar la claridad visual<\/li>\n<li>Resistente a impactos, resistente a rayones y duradero para un rendimiento duradero<\/li>\n<li>Proporciona <strong>100 % de protecci\u00f3n UV<\/strong> para proteger sus ojos de los rayos da\u00f1inos<\/li>\n<li>F\u00e1cil de instalar y reemplazar, restaurando el rendimiento y el estilo originales de sus gafas de sol<\/li>\n<\/ul>\n<h2>\u00bfPor qu\u00e9 reemplazar sus lentes?<\/h2>\n<p>Si sus lentes actuales son Si est\u00e1n rayadas, da\u00f1adas o ya no ofrecen el mismo nivel de claridad, es hora de reemplazarlas. Nuestras Lentes de repuesto restauran el aspecto y la funci\u00f3n de sus gafas de sol Ray-Ban 8301, ofreciendo una apariencia renovada y un rendimiento mejorado para una visi\u00f3n \u00f3ptima.<\/p>\n<p>Actualice sus gafas de sol Ray-Ban 8301 con nuestras Lentes de repuesto premium y disfrute de una claridad visual superior, protecci\u00f3n UV y durabilidad duradera.<\/p>\n<p>&nbsp;El producto Lentes de repuesto para Ray-Ban RB8301 no es un producto original fabricado ni respaldado por Ray-Ban\u00ae, salvo que se especifique lo contrario en la ficha. Sunglass Revivers no est\u00e1 afiliada, asociada ni patrocinada por Ray-Ban\u00ae ni por Luxottica Group.<\/p>\n","protected":false},"excerpt":{"rendered":"<p>Mejora tus gafas de sol Ray-Ban 8301 con nuestras Lentes de repuesto de alta calidad, dise\u00f1adas espec\u00edficamente para los tama\u00f1os de montura de 56 mm y 59 mm. Fabricadas con materiales de primera calidad, estas lentes brindan una excelente durabilidad, claridad y protecci\u00f3n UV. Ajuste perfecto para Ray-Ban 8301 Estas Lentes de repuesto est\u00e1n dise\u00f1adas &#8230; <a title=\"Lentes de repuesto para Ray-Ban RB8301\" class=\"read-more\" href=\"https:\/\/sunglassrevivers.com\/es\/product\/lentes-de-repuesto-ray-ban-rb8301\/\" aria-label=\"Leer m\u00e1s sobre Lentes de repuesto para Ray-Ban RB8301\">Leer m\u00e1s<\/a><\/p>\n","protected":false},"featured_media":29869,"comment_status":"open","ping_status":"closed","template":"","meta":{"_acf_changed":false},"product_brand":[],"product_cat":[1724,1725],"product_tag":[],"class_list":{"0":"post-27511","1":"product","2":"type-product","3":"status-publish","4":"has-post-thumbnail","6":"product_cat-lentes-de-repuesto","7":"product_cat-lentes-de-repuesto-ray-ban-lentes-de-repuesto","8":"pa_size-213","9":"sales-flash-overlay","10":"woocommerce-text-align-center","11":"woocommerce-image-align-center","12":"do-quantity-buttons","14":"first","15":"instock","16":"taxable","17":"shipping-taxable","18":"purchasable","19":"product-type-variable","20":"has-default-attributes"},"acf":[],"_links":{"self":[{"href":"https:\/\/sunglassrevivers.com\/es\/wp-json\/wp\/v2\/product\/27511","targetHints":{"allow":["GET"]}}],"collection":[{"href":"https:\/\/sunglassrevivers.com\/es\/wp-json\/wp\/v2\/product"}],"about":[{"href":"https:\/\/sunglassrevivers.com\/es\/wp-json\/wp\/v2\/types\/product"}],"replies":[{"embeddable":true,"href":"https:\/\/sunglassrevivers.com\/es\/wp-json\/wp\/v2\/comments?post=27511"}],"version-history":[{"count":5,"href":"https:\/\/sunglassrevivers.com\/es\/wp-json\/wp\/v2\/product\/27511\/revisions"}],"predecessor-version":[{"id":30340,"href":"https:\/\/sunglassrevivers.com\/es\/wp-json\/wp\/v2\/product\/27511\/revisions\/30340"}],"wp:featuredmedia":[{"embeddable":true,"href":"https:\/\/sunglassrevivers.com\/es\/wp-json\/wp\/v2\/media\/29869"}],"wp:attachment":[{"href":"https:\/\/sunglassrevivers.com\/es\/wp-json\/wp\/v2\/media?parent=27511"}],"wp:term":[{"taxonomy":"product_brand","embeddable":true,"href":"https:\/\/sunglassrevivers.com\/es\/wp-json\/wp\/v2\/product_brand?post=27511"},{"taxonomy":"product_cat","embeddable":true,"href":"https:\/\/sunglassrevivers.com\/es\/wp-json\/wp\/v2\/product_cat?post=27511"},{"taxonomy":"product_tag","embeddable":true,"href":"https:\/\/sunglassrevivers.com\/es\/wp-json\/wp\/v2\/product_tag?post=27511"}],"curies":[{"name":"wp","href":"https:\/\/api.w.org\/{rel}","templated":true}]}}