{"id":27515,"date":"2025-01-21T12:17:32","date_gmt":"2025-01-21T11:17:32","guid":{"rendered":"https:\/\/sunglassrevivers.com\/es\/?post_type=product&#038;p=27515"},"modified":"2025-11-13T13:29:33","modified_gmt":"2025-11-13T12:29:33","slug":"lentes-de-repuesto-oakley-9342","status":"publish","type":"product","link":"https:\/\/sunglassrevivers.com\/es\/product\/lentes-de-repuesto-oakley-9342\/","title":{"rendered":"Lentes de repuesto para Oakley OO9342 SLIVER R"},"content":{"rendered":"<p>Mejora tus gafas de sol Oakley 9342 Sliver R con nuestras Lentes de repuesto premium, especialmente dise\u00f1adas para el tama\u00f1o de montura de <strong>57 mm<\/strong>. Estas lentes est\u00e1n hechas con materiales de alta calidad para garantizar durabilidad, claridad superior y protecci\u00f3n UV completa.<\/p>\n<h2>Ajuste perfecto para Oakley 9342 Sliver R<\/h2>\n<p>Nuestras Lentes de repuesto est\u00e1n hechas a medida para adaptarse a las gafas de sol <strong>Oakley 9342 Sliver R<\/strong> con un tama\u00f1o de montura de <strong>57 mm<\/strong>. Ya sea que est\u00e9s reemplazando lentes desgastadas o buscando actualizar, estas lentes restauran la funcionalidad y el estilo originales de tus gafas de sol Oakley.<\/p>\n<h2>Materiales de lentes de primera calidad<\/h2>\n<p>Elige entre dos materiales de primera calidad para tus lentes de repuesto:<\/p>\n<ul>\n<li><strong>TAC (Tri-Acetato de Celulosa):<\/strong> lentes polarizadas que reducen el deslumbramiento, mejoran la claridad visual y aumentan la comodidad bajo la luz solar intensa.<\/li>\n<li><strong>PC (Policarbonato):<\/strong> lentes livianas, resistentes a los impactos y a los rayones que brindan una excelente protecci\u00f3n UV y una durabilidad duradera.<\/li>\n<\/ul>\n<p>Ambos materiales de lentes ofrecen <strong>100 % de protecci\u00f3n UV<\/strong> para mantener tus ojos a salvo de los da\u00f1inos rayos UV, lo que garantiza una comodidad y visibilidad \u00f3ptimas.<\/p>\n<h2>Caracter\u00edsticas principales<\/h2>\n<ul>\n<li>Hecho a medida para las gafas de sol Oakley 9342 Sliver R con un tama\u00f1o de marco de <strong>57 mm<\/strong><\/li>\n<li>Disponible en materiales <strong>TAC<\/strong> y <strong>PC<\/strong><\/li>\n<li>Opci\u00f3n de lentes polarizadas para reducir el deslumbramiento y mejorar la visibilidad<\/li>\n<li>Resistente a impactos, resistente a rayones y duradera para uso diario<\/li>\n<li>Ofrece <strong>100 % de protecci\u00f3n UV<\/strong> para proteger sus ojos de la exposici\u00f3n solar da\u00f1ina<\/li>\n<li>F\u00e1cil de reemplazar y restaurar el aspecto y la funci\u00f3n originales de sus gafas de sol Oakley<\/li>\n<\/ul>\n<h2>\u00bfPor qu\u00e9 reemplazar sus lentes?<\/h2>\n<p>Si sus lentes actuales est\u00e1n rayados, da\u00f1ados o ya no brindan una claridad \u00f3ptima, es hora de reemplazarlos. Nuestras lentes de alta calidad restaurar\u00e1n sus gafas de sol Oakley 9342 Sliver R a su estado original, ofreciendo un rendimiento y una protecci\u00f3n superiores.<\/p>\n<p>Actualice sus gafas de sol con nuestras Lentes de repuesto premium y disfrute de una mayor claridad, comodidad y durabilidad todos los d\u00edas.<\/p>\n<p>&nbsp;El producto Lentes de repuesto para Oakley OO9342 SLIVER R no es un producto original fabricado ni respaldado por Oakley\u00ae, salvo que se especifique lo contrario en la ficha. Sunglass Revivers no est\u00e1 afiliada, asociada ni patrocinada por Oakley\u00ae ni por Luxottica Group.<\/p>\n","protected":false},"excerpt":{"rendered":"<p>Mejora tus gafas de sol Oakley 9342 Sliver R con nuestras Lentes de repuesto premium, especialmente dise\u00f1adas para el tama\u00f1o de montura de 57 mm. Estas lentes est\u00e1n hechas con materiales de alta calidad para garantizar durabilidad, claridad superior y protecci\u00f3n UV completa. Ajuste perfecto para Oakley 9342 Sliver R Nuestras Lentes de repuesto est\u00e1n &#8230; <a title=\"Lentes de repuesto para Oakley OO9342 SLIVER R\" class=\"read-more\" href=\"https:\/\/sunglassrevivers.com\/es\/product\/lentes-de-repuesto-oakley-9342\/\" aria-label=\"Leer m\u00e1s sobre Lentes de repuesto para Oakley OO9342 SLIVER R\">Leer m\u00e1s<\/a><\/p>\n","protected":false},"featured_media":29985,"comment_status":"open","ping_status":"closed","template":"","meta":{"_acf_changed":false},"product_brand":[],"product_cat":[1724,1726],"product_tag":[],"class_list":{"0":"post-27515","1":"product","2":"type-product","3":"status-publish","4":"has-post-thumbnail","6":"product_cat-lentes-de-repuesto","7":"product_cat-lentes-de-repuesto-oakley","8":"pa_size-213","9":"sales-flash-overlay","10":"woocommerce-text-align-center","11":"woocommerce-image-align-center","12":"do-quantity-buttons","14":"first","15":"instock","16":"taxable","17":"shipping-taxable","18":"purchasable","19":"product-type-variable","20":"has-default-attributes"},"acf":[],"_links":{"self":[{"href":"https:\/\/sunglassrevivers.com\/es\/wp-json\/wp\/v2\/product\/27515","targetHints":{"allow":["GET"]}}],"collection":[{"href":"https:\/\/sunglassrevivers.com\/es\/wp-json\/wp\/v2\/product"}],"about":[{"href":"https:\/\/sunglassrevivers.com\/es\/wp-json\/wp\/v2\/types\/product"}],"replies":[{"embeddable":true,"href":"https:\/\/sunglassrevivers.com\/es\/wp-json\/wp\/v2\/comments?post=27515"}],"version-history":[{"count":5,"href":"https:\/\/sunglassrevivers.com\/es\/wp-json\/wp\/v2\/product\/27515\/revisions"}],"predecessor-version":[{"id":30385,"href":"https:\/\/sunglassrevivers.com\/es\/wp-json\/wp\/v2\/product\/27515\/revisions\/30385"}],"wp:featuredmedia":[{"embeddable":true,"href":"https:\/\/sunglassrevivers.com\/es\/wp-json\/wp\/v2\/media\/29985"}],"wp:attachment":[{"href":"https:\/\/sunglassrevivers.com\/es\/wp-json\/wp\/v2\/media?parent=27515"}],"wp:term":[{"taxonomy":"product_brand","embeddable":true,"href":"https:\/\/sunglassrevivers.com\/es\/wp-json\/wp\/v2\/product_brand?post=27515"},{"taxonomy":"product_cat","embeddable":true,"href":"https:\/\/sunglassrevivers.com\/es\/wp-json\/wp\/v2\/product_cat?post=27515"},{"taxonomy":"product_tag","embeddable":true,"href":"https:\/\/sunglassrevivers.com\/es\/wp-json\/wp\/v2\/product_tag?post=27515"}],"curies":[{"name":"wp","href":"https:\/\/api.w.org\/{rel}","templated":true}]}}