{"id":27522,"date":"2025-01-21T12:17:32","date_gmt":"2025-01-21T11:17:32","guid":{"rendered":"https:\/\/sunglassrevivers.com\/es\/?post_type=product&#038;p=27522"},"modified":"2025-11-13T13:28:19","modified_gmt":"2025-11-13T12:28:19","slug":"lentes-de-repuesto-ray-ban-rb3387","status":"publish","type":"product","link":"https:\/\/sunglassrevivers.com\/es\/product\/lentes-de-repuesto-ray-ban-rb3387\/","title":{"rendered":"Lentes de repuesto para Ray-Ban RB3387"},"content":{"rendered":"<p>Dale nueva vida a tus gafas de sol Ray-Ban 3387 con nuestras Lentes de repuesto premium. Dise\u00f1adas para monturas de metal de 64 mm, estas lentes restaurar\u00e1n el rendimiento y la est\u00e9tica de tus gafas con materiales de calidad superior.<\/p>\n<h2>Ajuste perfecto para Ray-Ban 3387<\/h2>\n<p>Nuestras Lentes de repuesto est\u00e1n dise\u00f1adas especialmente para las <strong>Ray-Ban 3387<\/strong> con monturas de metal de <strong>64 mm<\/strong>, lo que garantiza un ajuste preciso y perfecto. Ya sea que est\u00e9s reemplazando lentes da\u00f1adas o actualizando tu estilo, estas lentes ofrecer\u00e1n una excelente soluci\u00f3n para tus gafas de sol Ray-Ban.<\/p>\n<h2>Materiales de lentes de primera calidad<\/h2>\n<p>Elige entre dos materiales de lentes de primera calidad para tus Lentes de repuesto Ray-Ban 3387:<\/p>\n<ul>\n<li><strong>TAC (Tri-Acetato de Celulosa):<\/strong> Lentes polarizadas que reducen el deslumbramiento y mejoran la visibilidad en condiciones de luz intensa. Perfectas para actividades al aire libre y para conducir.<\/li>\n<li><strong>PC (Policarbonato):<\/strong> Lentes livianos, resistentes a los impactos y duraderos que ofrecen protecci\u00f3n superior y claridad \u00f3ptica, ideales para comodidad y rendimiento durante todo el d\u00eda.<\/li>\n<\/ul>\n<p>Ambos materiales brindan excelente claridad \u00f3ptica, resistencia a los rayones y protecci\u00f3n UV 100 %, lo que garantiza que tu visi\u00f3n se mantenga clara y tus ojos est\u00e9n protegidos de los da\u00f1inos rayos UV.<\/p>\n<h2>Caracter\u00edsticas principales<\/h2>\n<ul>\n<li>Dise\u00f1ado para <strong>Ray-Ban 3387<\/strong> con marcos de metal de <strong>64 mm<\/strong><\/li>\n<li>Disponible en materiales de lentes de alto rendimiento <strong>TAC<\/strong> y <strong>PC<\/strong><\/li>\n<li>Opci\u00f3n polarizada disponible para reducir el deslumbramiento y mejorar la claridad en condiciones de mucha luz<\/li>\n<li>Resistente a rayones para una mayor durabilidad<\/li>\n<li>Proporciona <strong>100 % de protecci\u00f3n UV<\/strong> para proteger sus ojos de los rayos da\u00f1inos<\/li>\n<li>F\u00e1cil de instalar, restaurando sus lentes de sol Ray-Ban a su calidad original<\/li>\n<\/ul>\n<h2>\u00bfPor qu\u00e9 reemplazar sus lentes?<\/h2>\n<p>Si los lentes de sus lentes de sol Ray-Ban 3387 se rayaron, agrietaron o Desgastadas, reemplazarlas con nuestras lentes de alta calidad es una gran soluci\u00f3n. Nuestras lentes restaurar\u00e1n el aspecto y el rendimiento de sus gafas de sol, lo que le permitir\u00e1 seguir disfrutando de una visi\u00f3n clara y protecci\u00f3n UV.<\/p>\n<p>Actualice sus gafas de sol Ray-Ban 3387 con nuestras Lentes de repuesto para una mayor claridad, estilo y durabilidad. No permita que las lentes viejas o da\u00f1adas afecten su visi\u00f3n: \u00a1reempl\u00e1celas hoy!<\/p>\n<p>&nbsp;El producto Lentes de repuesto para Ray-Ban RB3387 no es un producto original fabricado ni respaldado por Ray-Ban\u00ae, salvo que se especifique lo contrario en la ficha. Sunglass Revivers no est\u00e1 afiliada, asociada ni patrocinada por Ray-Ban\u00ae ni por Luxottica Group.<\/p>\n","protected":false},"excerpt":{"rendered":"<p>Dale nueva vida a tus gafas de sol Ray-Ban 3387 con nuestras Lentes de repuesto premium. Dise\u00f1adas para monturas de metal de 64 mm, estas lentes restaurar\u00e1n el rendimiento y la est\u00e9tica de tus gafas con materiales de calidad superior. Ajuste perfecto para Ray-Ban 3387 Nuestras Lentes de repuesto est\u00e1n dise\u00f1adas especialmente para las Ray-Ban &#8230; <a title=\"Lentes de repuesto para Ray-Ban RB3387\" class=\"read-more\" href=\"https:\/\/sunglassrevivers.com\/es\/product\/lentes-de-repuesto-ray-ban-rb3387\/\" aria-label=\"Leer m\u00e1s sobre Lentes de repuesto para Ray-Ban RB3387\">Leer m\u00e1s<\/a><\/p>\n","protected":false},"featured_media":29910,"comment_status":"open","ping_status":"closed","template":"","meta":{"_acf_changed":false},"product_brand":[],"product_cat":[1724,1725],"product_tag":[1845],"class_list":{"0":"post-27522","1":"product","2":"type-product","3":"status-publish","4":"has-post-thumbnail","6":"product_cat-lentes-de-repuesto","7":"product_cat-lentes-de-repuesto-ray-ban-lentes-de-repuesto","8":"product_tag-base-8","9":"pa_size-1757","10":"sales-flash-overlay","11":"woocommerce-text-align-center","12":"woocommerce-image-align-center","13":"do-quantity-buttons","15":"first","16":"instock","17":"taxable","18":"shipping-taxable","19":"purchasable","20":"product-type-variable","21":"has-default-attributes"},"acf":[],"_links":{"self":[{"href":"https:\/\/sunglassrevivers.com\/es\/wp-json\/wp\/v2\/product\/27522","targetHints":{"allow":["GET"]}}],"collection":[{"href":"https:\/\/sunglassrevivers.com\/es\/wp-json\/wp\/v2\/product"}],"about":[{"href":"https:\/\/sunglassrevivers.com\/es\/wp-json\/wp\/v2\/types\/product"}],"replies":[{"embeddable":true,"href":"https:\/\/sunglassrevivers.com\/es\/wp-json\/wp\/v2\/comments?post=27522"}],"version-history":[{"count":6,"href":"https:\/\/sunglassrevivers.com\/es\/wp-json\/wp\/v2\/product\/27522\/revisions"}],"predecessor-version":[{"id":30348,"href":"https:\/\/sunglassrevivers.com\/es\/wp-json\/wp\/v2\/product\/27522\/revisions\/30348"}],"wp:featuredmedia":[{"embeddable":true,"href":"https:\/\/sunglassrevivers.com\/es\/wp-json\/wp\/v2\/media\/29910"}],"wp:attachment":[{"href":"https:\/\/sunglassrevivers.com\/es\/wp-json\/wp\/v2\/media?parent=27522"}],"wp:term":[{"taxonomy":"product_brand","embeddable":true,"href":"https:\/\/sunglassrevivers.com\/es\/wp-json\/wp\/v2\/product_brand?post=27522"},{"taxonomy":"product_cat","embeddable":true,"href":"https:\/\/sunglassrevivers.com\/es\/wp-json\/wp\/v2\/product_cat?post=27522"},{"taxonomy":"product_tag","embeddable":true,"href":"https:\/\/sunglassrevivers.com\/es\/wp-json\/wp\/v2\/product_tag?post=27522"}],"curies":[{"name":"wp","href":"https:\/\/api.w.org\/{rel}","templated":true}]}}