{"id":27532,"date":"2025-01-21T12:17:32","date_gmt":"2025-01-21T11:17:32","guid":{"rendered":"https:\/\/sunglassrevivers.com\/es\/?post_type=product&#038;p=27532"},"modified":"2025-11-13T13:29:33","modified_gmt":"2025-11-13T12:29:33","slug":"lentes-de-repuesto-oakley-9096","status":"publish","type":"product","link":"https:\/\/sunglassrevivers.com\/es\/product\/lentes-de-repuesto-oakley-9096\/","title":{"rendered":"Lentes de repuesto para Oakley OO9096 FUEL CELL"},"content":{"rendered":"<p>Revitalice sus gafas de sol Oakley 9096 Fuel Cell con nuestras Lentes de repuesto de alta calidad. Estas lentes, dise\u00f1adas para monturas de pl\u00e1stico de 60 mm, est\u00e1n dise\u00f1adas para brindar una claridad, durabilidad y protecci\u00f3n excepcionales.<\/p>\n<h2>Dise\u00f1adas para Oakley 9096 Fuel Cell<\/h2>\n<p>Estas Lentes de repuesto est\u00e1n dise\u00f1adas espec\u00edficamente para adaptarse a las gafas de sol <strong>Oakley 9096 Fuel Cell<\/strong> con monturas de pl\u00e1stico de <strong>60 mm<\/strong>. Disfrute de una instalaci\u00f3n sencilla y un ajuste perfecto.<\/p>\n<h2>Materiales de lentes superiores<\/h2>\n<p>Elija entre dos materiales de lentes avanzados:<\/p>\n<ul>\n<li><strong>TAC (Tri-Acetato de Celulosa):<\/strong> lentes polarizadas que reducen el deslumbramiento y ofrecen una visi\u00f3n clara y n\u00edtida en condiciones de mucha luz.<\/li>\n<li><strong>PC (Policarbonato):<\/strong> lentes livianos y resistentes a los impactos, ideales para estilos de vida activos y uso diario.<\/li>\n<\/ul>\n<p>Ambas opciones garantizan una mayor durabilidad, resistencia a los rayones y protecci\u00f3n UV completa para un uso seguro y c\u00f3modo.<\/p>\n<h2>Caracter\u00edsticas principales<\/h2>\n<ul>\n<li>Dise\u00f1ado con precisi\u00f3n para las gafas de sol Oakley 9096 Fuel Cell con montura de pl\u00e1stico de 60 mm<\/li>\n<li>Disponible en materiales premium <strong>TAC<\/strong> y <strong>PC<\/strong><\/li>\n<li>Opciones polarizadas para minimizar el deslumbramiento y mejorar la claridad visual<\/li>\n<li>Resistente a rayones y a impactos para una mayor durabilidad<\/li>\n<li><strong>Protecci\u00f3n UV 100 %<\/strong> para la seguridad de los ojos<\/li>\n<li>F\u00e1cil instalaci\u00f3n para restaurar la funcionalidad original de sus gafas de sol<\/li>\n<\/ul>\n<h2>Beneficios de reemplazar sus lentes<\/h2>\n<p>Reemplazar los lentes desgastados o da\u00f1ados puede restaurar el rendimiento y la apariencia de sus gafas de sol. Es una forma rentable de extender su vida \u00fatil y mantener su calidad superior.<\/p>\n<p>Actualice sus gafas de sol Oakley 9096 Fuel Cell con nuestras lentes de repuesto de primera calidad para disfrutar de una comodidad, protecci\u00f3n y estilo inigualables.<\/p>\n<p>&nbsp;El producto Lentes de repuesto para Oakley OO9096 FUEL CELL no es un producto original fabricado ni respaldado por Oakley\u00ae, salvo que se especifique lo contrario en la ficha. Sunglass Revivers no est\u00e1 afiliada, asociada ni patrocinada por Oakley\u00ae ni por Luxottica Group.<\/p>\n","protected":false},"excerpt":{"rendered":"<p>Revitalice sus gafas de sol Oakley 9096 Fuel Cell con nuestras Lentes de repuesto de alta calidad. Estas lentes, dise\u00f1adas para monturas de pl\u00e1stico de 60 mm, est\u00e1n dise\u00f1adas para brindar una claridad, durabilidad y protecci\u00f3n excepcionales. Dise\u00f1adas para Oakley 9096 Fuel Cell Estas Lentes de repuesto est\u00e1n dise\u00f1adas espec\u00edficamente para adaptarse a las gafas &#8230; <a title=\"Lentes de repuesto para Oakley OO9096 FUEL CELL\" class=\"read-more\" href=\"https:\/\/sunglassrevivers.com\/es\/product\/lentes-de-repuesto-oakley-9096\/\" aria-label=\"Leer m\u00e1s sobre Lentes de repuesto para Oakley OO9096 FUEL CELL\">Leer m\u00e1s<\/a><\/p>\n","protected":false},"featured_media":29987,"comment_status":"open","ping_status":"closed","template":"","meta":{"_acf_changed":false},"product_brand":[],"product_cat":[1724,1726],"product_tag":[],"class_list":{"0":"post-27532","1":"product","2":"type-product","3":"status-publish","4":"has-post-thumbnail","6":"product_cat-lentes-de-repuesto","7":"product_cat-lentes-de-repuesto-oakley","8":"pa_size-1722","9":"sales-flash-overlay","10":"woocommerce-text-align-center","11":"woocommerce-image-align-center","12":"do-quantity-buttons","14":"first","15":"instock","16":"taxable","17":"shipping-taxable","18":"purchasable","19":"product-type-variable","20":"has-default-attributes"},"acf":[],"_links":{"self":[{"href":"https:\/\/sunglassrevivers.com\/es\/wp-json\/wp\/v2\/product\/27532","targetHints":{"allow":["GET"]}}],"collection":[{"href":"https:\/\/sunglassrevivers.com\/es\/wp-json\/wp\/v2\/product"}],"about":[{"href":"https:\/\/sunglassrevivers.com\/es\/wp-json\/wp\/v2\/types\/product"}],"replies":[{"embeddable":true,"href":"https:\/\/sunglassrevivers.com\/es\/wp-json\/wp\/v2\/comments?post=27532"}],"version-history":[{"count":7,"href":"https:\/\/sunglassrevivers.com\/es\/wp-json\/wp\/v2\/product\/27532\/revisions"}],"predecessor-version":[{"id":30388,"href":"https:\/\/sunglassrevivers.com\/es\/wp-json\/wp\/v2\/product\/27532\/revisions\/30388"}],"wp:featuredmedia":[{"embeddable":true,"href":"https:\/\/sunglassrevivers.com\/es\/wp-json\/wp\/v2\/media\/29987"}],"wp:attachment":[{"href":"https:\/\/sunglassrevivers.com\/es\/wp-json\/wp\/v2\/media?parent=27532"}],"wp:term":[{"taxonomy":"product_brand","embeddable":true,"href":"https:\/\/sunglassrevivers.com\/es\/wp-json\/wp\/v2\/product_brand?post=27532"},{"taxonomy":"product_cat","embeddable":true,"href":"https:\/\/sunglassrevivers.com\/es\/wp-json\/wp\/v2\/product_cat?post=27532"},{"taxonomy":"product_tag","embeddable":true,"href":"https:\/\/sunglassrevivers.com\/es\/wp-json\/wp\/v2\/product_tag?post=27532"}],"curies":[{"name":"wp","href":"https:\/\/api.w.org\/{rel}","templated":true}]}}