{"id":27640,"date":"2025-01-21T12:17:45","date_gmt":"2025-01-21T11:17:45","guid":{"rendered":"https:\/\/sunglassrevivers.com\/es\/?post_type=product&#038;p=27640"},"modified":"2025-11-13T13:29:33","modified_gmt":"2025-11-13T12:29:33","slug":"lentes-de-repuesto-oakley-9464","status":"publish","type":"product","link":"https:\/\/sunglassrevivers.com\/es\/product\/lentes-de-repuesto-oakley-9464\/","title":{"rendered":"Lentes de repuesto para Oakley OO9464"},"content":{"rendered":"<h1><\/h1>\n<p>Restaure sus gafas de sol Oakley 9464 HSTN con nuestras Lentes de repuesto premium. Dise\u00f1adas para adaptarse a marcos de pl\u00e1stico de 50 mm y 52 mm, estas lentes brindan lo \u00faltimo en rendimiento y protecci\u00f3n.<\/p>\n<h2>Ajuste perfecto para Oakley 9464 HSTN<\/h2>\n<p>Nuestras Lentes de repuesto est\u00e1n dise\u00f1adas para adaptarse a sus gafas de sol <strong>Oakley 9464 HSTN<\/strong> con facilidad, lo que garantiza una combinaci\u00f3n perfecta para los tama\u00f1os de marco de 50 mm y 52 mm.<\/p>\n<h2>Materiales de lentes de primera calidad<\/h2>\n<p>Elija entre dos materiales de lentes de alta calidad:<\/p>\n<ul>\n<li><strong>TAC (Tri-Acetato de Celulosa):<\/strong> lentes polarizadas que reducen el deslumbramiento y mejoran la claridad visual para una mejor experiencia al aire libre.<\/li>\n<li><strong>PC (Policarbonato):<\/strong> lentes livianos, resistentes a los impactos y duraderos, ideales para uso activo.<\/li>\n<\/ul>\n<p>Ambos materiales ofrecen una excelente <strong>resistencia a los rayones<\/strong> y brindan <strong>100 % de protecci\u00f3n UV<\/strong> para proteger sus ojos de los rayos da\u00f1inos.<\/p>\n<h2>Caracter\u00edsticas principales<\/h2>\n<ul>\n<li>Dise\u00f1ado a medida para adaptarse a las gafas de sol <strong>Oakley 9464 HSTN<\/strong> con tama\u00f1os de lentes de <strong>50 mm<\/strong> y <strong>52 mm<\/strong><\/li>\n<li>Disponible en materiales de lentes <strong>TAC<\/strong> y <strong>PC<\/strong> para mayor durabilidad y rendimiento<\/li>\n<li>Opciones polarizadas para minimizar el deslumbramiento y mejorar la comodidad visual<\/li>\n<li>Resistente a impactos y rayones para un uso duradero<\/li>\n<li><strong>Protecci\u00f3n UV 100 %<\/strong> para mantener sus ojos a salvo de los rayos da\u00f1inos del sol<\/li>\n<li>F\u00e1cil de instalar para una experiencia de reemplazo de lentes sin complicaciones<\/li>\n<\/ul>\n<h2>\u00bfPor qu\u00e9 elegir nuestras Lentes de repuesto?<\/h2>\n<p>Nuestras Lentes de repuesto para el El modelo Oakley 9464 HSTN est\u00e1 dise\u00f1ado para ofrecer rendimiento y durabilidad. Ya sea que est\u00e9 restaurando un par antiguo o actualizando sus lentes, puede confiar en que estos lentes le brindar\u00e1n una claridad \u00f3ptica superior, comodidad y protecci\u00f3n para sus ojos.<\/p>\n<p>\u00a1Ordene hoy mismo sus Lentes de repuesto y recupere sus anteojos de sol Oakley 9464 HSTN en \u00f3ptimas condiciones!<\/p>\n<p>&nbsp;El producto Lentes de repuesto para Oakley OO9464 no es un producto original fabricado ni respaldado por Oakley\u00ae, salvo que se especifique lo contrario en la ficha. Sunglass Revivers no est\u00e1 afiliada, asociada ni patrocinada por Oakley\u00ae ni por Luxottica Group.<\/p>\n","protected":false},"excerpt":{"rendered":"<p>Restaure sus gafas de sol Oakley 9464 HSTN con nuestras Lentes de repuesto premium. Dise\u00f1adas para adaptarse a marcos de pl\u00e1stico de 50 mm y 52 mm, estas lentes brindan lo \u00faltimo en rendimiento y protecci\u00f3n. Ajuste perfecto para Oakley 9464 HSTN Nuestras Lentes de repuesto est\u00e1n dise\u00f1adas para adaptarse a sus gafas de sol &#8230; <a title=\"Lentes de repuesto para Oakley OO9464\" class=\"read-more\" href=\"https:\/\/sunglassrevivers.com\/es\/product\/lentes-de-repuesto-oakley-9464\/\" aria-label=\"Leer m\u00e1s sobre Lentes de repuesto para Oakley OO9464\">Leer m\u00e1s<\/a><\/p>\n","protected":false},"featured_media":29989,"comment_status":"open","ping_status":"closed","template":"","meta":{"_acf_changed":false},"product_brand":[],"product_cat":[1724,1726],"product_tag":[],"class_list":{"0":"post-27640","1":"product","2":"type-product","3":"status-publish","4":"has-post-thumbnail","6":"product_cat-lentes-de-repuesto","7":"product_cat-lentes-de-repuesto-oakley","8":"pa_size-213","9":"sales-flash-overlay","10":"woocommerce-text-align-center","11":"woocommerce-image-align-center","12":"do-quantity-buttons","14":"first","15":"instock","16":"taxable","17":"shipping-taxable","18":"purchasable","19":"product-type-variable","20":"has-default-attributes"},"acf":[],"_links":{"self":[{"href":"https:\/\/sunglassrevivers.com\/es\/wp-json\/wp\/v2\/product\/27640","targetHints":{"allow":["GET"]}}],"collection":[{"href":"https:\/\/sunglassrevivers.com\/es\/wp-json\/wp\/v2\/product"}],"about":[{"href":"https:\/\/sunglassrevivers.com\/es\/wp-json\/wp\/v2\/types\/product"}],"replies":[{"embeddable":true,"href":"https:\/\/sunglassrevivers.com\/es\/wp-json\/wp\/v2\/comments?post=27640"}],"version-history":[{"count":6,"href":"https:\/\/sunglassrevivers.com\/es\/wp-json\/wp\/v2\/product\/27640\/revisions"}],"predecessor-version":[{"id":30389,"href":"https:\/\/sunglassrevivers.com\/es\/wp-json\/wp\/v2\/product\/27640\/revisions\/30389"}],"wp:featuredmedia":[{"embeddable":true,"href":"https:\/\/sunglassrevivers.com\/es\/wp-json\/wp\/v2\/media\/29989"}],"wp:attachment":[{"href":"https:\/\/sunglassrevivers.com\/es\/wp-json\/wp\/v2\/media?parent=27640"}],"wp:term":[{"taxonomy":"product_brand","embeddable":true,"href":"https:\/\/sunglassrevivers.com\/es\/wp-json\/wp\/v2\/product_brand?post=27640"},{"taxonomy":"product_cat","embeddable":true,"href":"https:\/\/sunglassrevivers.com\/es\/wp-json\/wp\/v2\/product_cat?post=27640"},{"taxonomy":"product_tag","embeddable":true,"href":"https:\/\/sunglassrevivers.com\/es\/wp-json\/wp\/v2\/product_tag?post=27640"}],"curies":[{"name":"wp","href":"https:\/\/api.w.org\/{rel}","templated":true}]}}