{"id":27641,"date":"2025-01-21T12:17:45","date_gmt":"2025-01-21T11:17:45","guid":{"rendered":"https:\/\/sunglassrevivers.com\/es\/?post_type=product&#038;p=27641"},"modified":"2025-11-13T13:29:33","modified_gmt":"2025-11-13T12:29:33","slug":"lentes-de-repuesto-oakley-9460","status":"publish","type":"product","link":"https:\/\/sunglassrevivers.com\/es\/product\/lentes-de-repuesto-oakley-9460\/","title":{"rendered":"Lentes de repuesto para Oakley OO9460 PORTAL X"},"content":{"rendered":"<h1><\/h1>\n<p>Actualice o restaure sus gafas de sol Oakley 9460 PORTAL X con nuestras lentes de repuesto premium. Dise\u00f1adas espec\u00edficamente para monturas de pl\u00e1stico de 59 mm, estas lentes ofrecen un rendimiento y una protecci\u00f3n incomparables.<\/p>\n<h2>Ajuste perfecto para Oakley 9460 PORTAL X<\/h2>\n<p>Nuestras lentes de repuesto est\u00e1n dise\u00f1adas para adaptarse perfectamente a sus gafas de sol <strong>Oakley 9460 PORTAL X<\/strong>, lo que garantiza una instalaci\u00f3n sencilla y una combinaci\u00f3n exacta con el tama\u00f1o de montura de 59 mm.<\/p>\n<h2>Materiales de lentes de primera calidad<\/h2>\n<p>Elija entre dos materiales de lentes de alta calidad:<\/p>\n<ul>\n<li><strong>TAC (Tri-Acetato de Celulosa):<\/strong> lentes polarizadas para reducir el deslumbramiento y mejorar la claridad visual.<\/li>\n<li><strong>PC (Policarbonato):<\/strong> lentes livianas y resistentes a los impactos para un uso diario duradero.<\/li>\n<\/ul>\n<p>Ambos materiales son resistentes a los rayones y brindan <strong>100 % de protecci\u00f3n UV<\/strong> para proteger sus ojos de los rayos da\u00f1inos.<\/p>\n<h2>Caracter\u00edsticas principales<\/h2>\n<ul>\n<li>Dise\u00f1ado espec\u00edficamente para las gafas de sol Oakley 9460 PORTAL X con un tama\u00f1o de lente de <strong>59 mm<\/strong><\/li>\n<li>Disponible en materiales de lentes duraderos <strong>TAC<\/strong> y <strong>PC<\/strong><\/li>\n<li>Opciones polarizadas para reducir el deslumbramiento y mejorar la comodidad visual<\/li>\n<li>Ligero, resistente a los ara\u00f1azos y duradero<\/li>\n<li><strong>Protecci\u00f3n UV 100 %<\/strong> para una seguridad ocular \u00f3ptima<\/li>\n<li>Instalaci\u00f3n r\u00e1pida y sencilla para un reemplazo de lentes sin problemas<\/li>\n<\/ul>\n<h2>\u00bfPor qu\u00e9 elegir nuestras Lentes de repuesto?<\/h2>\n<p>Nuestras Lentes de repuesto est\u00e1n dise\u00f1adas para rejuvenecer sus gafas de sol Oakley 9460 PORTAL X, brind\u00e1ndoles claridad, Durabilidad y protecci\u00f3n que esperas. Con un ajuste preciso y una calidad superior, tus gafas de sol lucir\u00e1n y funcionar\u00e1n como nuevas.<\/p>\n<p>\u00a1Pide tus Lentes de repuesto hoy y disfruta de una visi\u00f3n y protecci\u00f3n mejoradas!<\/p>\n<p>&nbsp;El producto Lentes de repuesto para Oakley OO9460 PORTAL X no es un producto original fabricado ni respaldado por Oakley\u00ae, salvo que se especifique lo contrario en la ficha. Sunglass Revivers no est\u00e1 afiliada, asociada ni patrocinada por Oakley\u00ae ni por Luxottica Group.<\/p>\n","protected":false},"excerpt":{"rendered":"<p>Actualice o restaure sus gafas de sol Oakley 9460 PORTAL X con nuestras lentes de repuesto premium. Dise\u00f1adas espec\u00edficamente para monturas de pl\u00e1stico de 59 mm, estas lentes ofrecen un rendimiento y una protecci\u00f3n incomparables. Ajuste perfecto para Oakley 9460 PORTAL X Nuestras lentes de repuesto est\u00e1n dise\u00f1adas para adaptarse perfectamente a sus gafas de &#8230; <a title=\"Lentes de repuesto para Oakley OO9460 PORTAL X\" class=\"read-more\" href=\"https:\/\/sunglassrevivers.com\/es\/product\/lentes-de-repuesto-oakley-9460\/\" aria-label=\"Leer m\u00e1s sobre Lentes de repuesto para Oakley OO9460 PORTAL X\">Leer m\u00e1s<\/a><\/p>\n","protected":false},"featured_media":29990,"comment_status":"open","ping_status":"closed","template":"","meta":{"_acf_changed":false},"product_brand":[],"product_cat":[1724,1726],"product_tag":[],"class_list":{"0":"post-27641","1":"product","2":"type-product","3":"status-publish","4":"has-post-thumbnail","6":"product_cat-lentes-de-repuesto","7":"product_cat-lentes-de-repuesto-oakley","8":"pa_size-1723","9":"sales-flash-overlay","10":"woocommerce-text-align-center","11":"woocommerce-image-align-center","12":"do-quantity-buttons","14":"first","15":"instock","16":"taxable","17":"shipping-taxable","18":"purchasable","19":"product-type-variable","20":"has-default-attributes"},"acf":[],"_links":{"self":[{"href":"https:\/\/sunglassrevivers.com\/es\/wp-json\/wp\/v2\/product\/27641","targetHints":{"allow":["GET"]}}],"collection":[{"href":"https:\/\/sunglassrevivers.com\/es\/wp-json\/wp\/v2\/product"}],"about":[{"href":"https:\/\/sunglassrevivers.com\/es\/wp-json\/wp\/v2\/types\/product"}],"replies":[{"embeddable":true,"href":"https:\/\/sunglassrevivers.com\/es\/wp-json\/wp\/v2\/comments?post=27641"}],"version-history":[{"count":7,"href":"https:\/\/sunglassrevivers.com\/es\/wp-json\/wp\/v2\/product\/27641\/revisions"}],"predecessor-version":[{"id":30390,"href":"https:\/\/sunglassrevivers.com\/es\/wp-json\/wp\/v2\/product\/27641\/revisions\/30390"}],"wp:featuredmedia":[{"embeddable":true,"href":"https:\/\/sunglassrevivers.com\/es\/wp-json\/wp\/v2\/media\/29990"}],"wp:attachment":[{"href":"https:\/\/sunglassrevivers.com\/es\/wp-json\/wp\/v2\/media?parent=27641"}],"wp:term":[{"taxonomy":"product_brand","embeddable":true,"href":"https:\/\/sunglassrevivers.com\/es\/wp-json\/wp\/v2\/product_brand?post=27641"},{"taxonomy":"product_cat","embeddable":true,"href":"https:\/\/sunglassrevivers.com\/es\/wp-json\/wp\/v2\/product_cat?post=27641"},{"taxonomy":"product_tag","embeddable":true,"href":"https:\/\/sunglassrevivers.com\/es\/wp-json\/wp\/v2\/product_tag?post=27641"}],"curies":[{"name":"wp","href":"https:\/\/api.w.org\/{rel}","templated":true}]}}