{"id":27645,"date":"2025-01-21T12:17:45","date_gmt":"2025-01-21T11:17:45","guid":{"rendered":"https:\/\/sunglassrevivers.com\/es\/?post_type=product&#038;p=27645"},"modified":"2025-11-13T13:29:34","modified_gmt":"2025-11-13T12:29:34","slug":"lentes-de-repuesto-oakley-4079","status":"publish","type":"product","link":"https:\/\/sunglassrevivers.com\/es\/product\/lentes-de-repuesto-oakley-4079\/","title":{"rendered":"Lentes de repuesto para Oakley OO4079 FEEDBACK"},"content":{"rendered":"<p>Renueva tus gafas de sol Oakley 4079 FEEDBACK con nuestras Lentes de repuesto premium. Dise\u00f1adas para ajustarse perfectamente a los marcos de pl\u00e1stico de 59 mm, estas lentes ofrecen durabilidad, claridad y protecci\u00f3n superiores.<\/p>\n<h2>Ajuste perfecto para Oakley 4079 FEEDBACK<\/h2>\n<p>Estas Lentes de repuesto est\u00e1n dise\u00f1adas con precisi\u00f3n para las gafas de sol <strong>Oakley 4079 FEEDBACK<\/strong> con un tama\u00f1o de lente de <strong>59 mm<\/strong>. Disfruta de un ajuste perfecto y una instalaci\u00f3n sin esfuerzo.<\/p>\n<h2>Materiales de lentes de primera calidad<\/h2>\n<p>Elija entre dos materiales avanzados:<\/p>\n<ul>\n<li><strong>TAC (Tri-Acetato de Celulosa):<\/strong> lentes polarizadas dise\u00f1adas para reducir el deslumbramiento, ofreciendo una claridad visual y comodidad excepcionales.<\/li>\n<li><strong>PC (Policarbonato):<\/strong> lentes livianas y resistentes a los impactos conocidas por su excelente durabilidad.<\/li>\n<\/ul>\n<p>Ambos materiales son resistentes a los rayones y brindan <strong>100 % de protecci\u00f3n UV<\/strong> para una mayor seguridad ocular.<\/p>\n<h2>Caracter\u00edsticas principales<\/h2>\n<ul>\n<li>Personalizado para gafas de sol Oakley 4079 FEEDBACK con tama\u00f1o de lente de 59 mm<\/li>\n<li>Disponible en materiales <strong>TAC<\/strong> y <strong>PC<\/strong><\/li>\n<li>Lentes polarizadas para minimizar el deslumbramiento y mejorar la comodidad visual<\/li>\n<li>Construcci\u00f3n resistente a los ara\u00f1azos, ligera y duradera<\/li>\n<li><strong>Protecci\u00f3n UV 100 %<\/strong> para un cuidado ocular confiable<\/li>\n<li>F\u00e1cil de instalar, restaura tus gafas de sol sin esfuerzo<\/li>\n<\/ul>\n<h2>\u00bfPor qu\u00e9 elegir nuestras Lentes de repuesto?<\/h2>\n<p>Revitaliza tus gafas de sol Oakley 4079 FEEDBACK con nuestras Lentes de repuesto de alta calidad. Dise\u00f1adas para ofrecer rendimiento, estilo y comodidad duradera, estas lentes son la mejor opci\u00f3n para lentes de sol desgastadas o da\u00f1adas.<\/p>\n<p>\u00a1Pida sus Lentes de repuesto ahora y devuelva la vida a sus gafas de sol!<\/p>\n<p>&nbsp;El producto Lentes de repuesto para Oakley OO4079 FEEDBACK no es un producto original fabricado ni respaldado por Oakley\u00ae, salvo que se especifique lo contrario en la ficha. Sunglass Revivers no est\u00e1 afiliada, asociada ni patrocinada por Oakley\u00ae ni por Luxottica Group.<\/p>\n","protected":false},"excerpt":{"rendered":"<p>Renueva tus gafas de sol Oakley 4079 FEEDBACK con nuestras Lentes de repuesto premium. Dise\u00f1adas para ajustarse perfectamente a los marcos de pl\u00e1stico de 59 mm, estas lentes ofrecen durabilidad, claridad y protecci\u00f3n superiores. Ajuste perfecto para Oakley 4079 FEEDBACK Estas Lentes de repuesto est\u00e1n dise\u00f1adas con precisi\u00f3n para las gafas de sol Oakley 4079 &#8230; <a title=\"Lentes de repuesto para Oakley OO4079 FEEDBACK\" class=\"read-more\" href=\"https:\/\/sunglassrevivers.com\/es\/product\/lentes-de-repuesto-oakley-4079\/\" aria-label=\"Leer m\u00e1s sobre Lentes de repuesto para Oakley OO4079 FEEDBACK\">Leer m\u00e1s<\/a><\/p>\n","protected":false},"featured_media":29993,"comment_status":"open","ping_status":"closed","template":"","meta":{"_acf_changed":false},"product_brand":[],"product_cat":[1724,1726],"product_tag":[],"class_list":{"0":"post-27645","1":"product","2":"type-product","3":"status-publish","4":"has-post-thumbnail","6":"product_cat-lentes-de-repuesto","7":"product_cat-lentes-de-repuesto-oakley","8":"pa_size-1723","9":"sales-flash-overlay","10":"woocommerce-text-align-center","11":"woocommerce-image-align-center","12":"do-quantity-buttons","14":"first","15":"instock","16":"taxable","17":"shipping-taxable","18":"purchasable","19":"product-type-variable","20":"has-default-attributes"},"acf":[],"_links":{"self":[{"href":"https:\/\/sunglassrevivers.com\/es\/wp-json\/wp\/v2\/product\/27645","targetHints":{"allow":["GET"]}}],"collection":[{"href":"https:\/\/sunglassrevivers.com\/es\/wp-json\/wp\/v2\/product"}],"about":[{"href":"https:\/\/sunglassrevivers.com\/es\/wp-json\/wp\/v2\/types\/product"}],"replies":[{"embeddable":true,"href":"https:\/\/sunglassrevivers.com\/es\/wp-json\/wp\/v2\/comments?post=27645"}],"version-history":[{"count":7,"href":"https:\/\/sunglassrevivers.com\/es\/wp-json\/wp\/v2\/product\/27645\/revisions"}],"predecessor-version":[{"id":30394,"href":"https:\/\/sunglassrevivers.com\/es\/wp-json\/wp\/v2\/product\/27645\/revisions\/30394"}],"wp:featuredmedia":[{"embeddable":true,"href":"https:\/\/sunglassrevivers.com\/es\/wp-json\/wp\/v2\/media\/29993"}],"wp:attachment":[{"href":"https:\/\/sunglassrevivers.com\/es\/wp-json\/wp\/v2\/media?parent=27645"}],"wp:term":[{"taxonomy":"product_brand","embeddable":true,"href":"https:\/\/sunglassrevivers.com\/es\/wp-json\/wp\/v2\/product_brand?post=27645"},{"taxonomy":"product_cat","embeddable":true,"href":"https:\/\/sunglassrevivers.com\/es\/wp-json\/wp\/v2\/product_cat?post=27645"},{"taxonomy":"product_tag","embeddable":true,"href":"https:\/\/sunglassrevivers.com\/es\/wp-json\/wp\/v2\/product_tag?post=27645"}],"curies":[{"name":"wp","href":"https:\/\/api.w.org\/{rel}","templated":true}]}}