{"id":27646,"date":"2025-01-21T12:17:45","date_gmt":"2025-01-21T11:17:45","guid":{"rendered":"https:\/\/sunglassrevivers.com\/es\/?post_type=product&#038;p=27646"},"modified":"2025-11-13T13:29:34","modified_gmt":"2025-11-13T12:29:34","slug":"lentes-de-repuesto-oakley-9417","status":"publish","type":"product","link":"https:\/\/sunglassrevivers.com\/es\/product\/lentes-de-repuesto-oakley-9417\/","title":{"rendered":"Lentes de repuesto para Oakley OO9417 HOLBROOK XL"},"content":{"rendered":"<h1><\/h1>\n<p>Mejora tus gafas de sol Oakley 9417 HOLBROOK XL con nuestras Lentes de repuesto de alta calidad. Dise\u00f1adas para monturas de pl\u00e1stico de 59 mm, estas lentes combinan durabilidad, claridad y m\u00e1xima protecci\u00f3n.<\/p>\n<h2>Ajuste perfecto para Oakley 9417 HOLBROOK XL<\/h2>\n<p>Estas Lentes de repuesto est\u00e1n dise\u00f1adas meticulosamente para adaptarse a las gafas de sol <strong>Oakley 9417 HOLBROOK XL<\/strong> con un tama\u00f1o de lente de <strong>59 mm<\/strong>. Disfruta de un ajuste preciso y una instalaci\u00f3n sin complicaciones.<\/p>\n<h2>Materiales de lentes de primera calidad<\/h2>\n<p>Elija entre dos materiales excepcionales:<\/p>\n<ul>\n<li><strong>TAC (Tri-Acetato de Celulosa):<\/strong> lentes polarizadas dise\u00f1adas para reducir el deslumbramiento y brindar una claridad visual superior.<\/li>\n<li><strong>PC (Policarbonato):<\/strong> lentes livianos y resistentes a los impactos que ofrecen una durabilidad excepcional.<\/li>\n<\/ul>\n<p>Ambos materiales son resistentes a los rayones y brindan <strong>100 % de protecci\u00f3n UV<\/strong> para una seguridad ocular superior.<\/p>\n<h2>Caracter\u00edsticas principales<\/h2>\n<ul>\n<li>Espec\u00edficamente dise\u00f1ado para gafas de sol Oakley 9417 HOLBROOK XL con tama\u00f1o de lente de <strong>59 mm<\/strong><\/li>\n<li>Disponible en materiales <strong>TAC<\/strong> y <strong>PC<\/strong><\/li>\n<li>Polarizado para minimizar el deslumbramiento y mejorar la comodidad<\/li>\n<li>Construcci\u00f3n duradera, liviana y resistente a los rayones<\/li>\n<li><strong>Protecci\u00f3n UV 100 %<\/strong> para un cuidado duradero de los ojos<\/li>\n<li>R\u00e1pido y f\u00e1cil de instalar<\/li>\n<\/ul>\n<h2>\u00bfPor qu\u00e9 elegir nuestras Lentes de repuesto?<\/h2>\n<p>Restaure sus gafas de sol Oakley 9417 HOLBROOK XL a su gloria original con nuestras Lentes de repuesto premium. Dise\u00f1ados para ofrecer un rendimiento, un estilo y una comodidad inigualables, nuestros lentes son la soluci\u00f3n perfecta para lentes desgastados o da\u00f1ados.<\/p>\n<p>\u00a1Pida hoy sus Lentes de repuesto y d\u00e9le una nueva vida a sus gafas de sol!<\/p>\n<p>&nbsp;El producto Lentes de repuesto para Oakley OO9417 HOLBROOK XL no es un producto original fabricado ni respaldado por Oakley\u00ae, salvo que se especifique lo contrario en la ficha. Sunglass Revivers no est\u00e1 afiliada, asociada ni patrocinada por Oakley\u00ae ni por Luxottica Group.<\/p>\n","protected":false},"excerpt":{"rendered":"<p>Mejora tus gafas de sol Oakley 9417 HOLBROOK XL con nuestras Lentes de repuesto de alta calidad. Dise\u00f1adas para monturas de pl\u00e1stico de 59 mm, estas lentes combinan durabilidad, claridad y m\u00e1xima protecci\u00f3n. Ajuste perfecto para Oakley 9417 HOLBROOK XL Estas Lentes de repuesto est\u00e1n dise\u00f1adas meticulosamente para adaptarse a las gafas de sol Oakley &#8230; <a title=\"Lentes de repuesto para Oakley OO9417 HOLBROOK XL\" class=\"read-more\" href=\"https:\/\/sunglassrevivers.com\/es\/product\/lentes-de-repuesto-oakley-9417\/\" aria-label=\"Leer m\u00e1s sobre Lentes de repuesto para Oakley OO9417 HOLBROOK XL\">Leer m\u00e1s<\/a><\/p>\n","protected":false},"featured_media":29994,"comment_status":"open","ping_status":"closed","template":"","meta":{"_acf_changed":false},"product_brand":[],"product_cat":[1724,1726],"product_tag":[],"class_list":{"0":"post-27646","1":"product","2":"type-product","3":"status-publish","4":"has-post-thumbnail","6":"product_cat-lentes-de-repuesto","7":"product_cat-lentes-de-repuesto-oakley","8":"pa_size-1747","9":"sales-flash-overlay","10":"woocommerce-text-align-center","11":"woocommerce-image-align-center","12":"do-quantity-buttons","14":"first","15":"instock","16":"taxable","17":"shipping-taxable","18":"purchasable","19":"product-type-variable","20":"has-default-attributes"},"acf":[],"_links":{"self":[{"href":"https:\/\/sunglassrevivers.com\/es\/wp-json\/wp\/v2\/product\/27646","targetHints":{"allow":["GET"]}}],"collection":[{"href":"https:\/\/sunglassrevivers.com\/es\/wp-json\/wp\/v2\/product"}],"about":[{"href":"https:\/\/sunglassrevivers.com\/es\/wp-json\/wp\/v2\/types\/product"}],"replies":[{"embeddable":true,"href":"https:\/\/sunglassrevivers.com\/es\/wp-json\/wp\/v2\/comments?post=27646"}],"version-history":[{"count":6,"href":"https:\/\/sunglassrevivers.com\/es\/wp-json\/wp\/v2\/product\/27646\/revisions"}],"predecessor-version":[{"id":30395,"href":"https:\/\/sunglassrevivers.com\/es\/wp-json\/wp\/v2\/product\/27646\/revisions\/30395"}],"wp:featuredmedia":[{"embeddable":true,"href":"https:\/\/sunglassrevivers.com\/es\/wp-json\/wp\/v2\/media\/29994"}],"wp:attachment":[{"href":"https:\/\/sunglassrevivers.com\/es\/wp-json\/wp\/v2\/media?parent=27646"}],"wp:term":[{"taxonomy":"product_brand","embeddable":true,"href":"https:\/\/sunglassrevivers.com\/es\/wp-json\/wp\/v2\/product_brand?post=27646"},{"taxonomy":"product_cat","embeddable":true,"href":"https:\/\/sunglassrevivers.com\/es\/wp-json\/wp\/v2\/product_cat?post=27646"},{"taxonomy":"product_tag","embeddable":true,"href":"https:\/\/sunglassrevivers.com\/es\/wp-json\/wp\/v2\/product_tag?post=27646"}],"curies":[{"name":"wp","href":"https:\/\/api.w.org\/{rel}","templated":true}]}}