{"id":27647,"date":"2025-01-21T12:17:45","date_gmt":"2025-01-21T11:17:45","guid":{"rendered":"https:\/\/sunglassrevivers.com\/es\/?post_type=product&#038;p=27647"},"modified":"2025-11-13T13:29:34","modified_gmt":"2025-11-13T12:29:34","slug":"lentes-de-repuesto-oakley-9126","status":"publish","type":"product","link":"https:\/\/sunglassrevivers.com\/es\/product\/lentes-de-repuesto-oakley-9126\/","title":{"rendered":"Lentes de repuesto para Oakley OO9126 REEDMACE"},"content":{"rendered":"<h1><\/h1>\n<p>Mejora tus gafas de sol Oakley 9126 REEDMACE con nuestras lentes de repuesto premium. Dise\u00f1adas para monturas de pl\u00e1stico de 54 mm, estas lentes ofrecen una claridad, durabilidad y protecci\u00f3n excepcionales.<\/p>\n<h2>Ajuste perfecto para Oakley 9126 REEDMACE<\/h2>\n<p>Estas lentes est\u00e1n dise\u00f1adas espec\u00edficamente para adaptarse a las gafas de sol <strong>Oakley 9126 REEDMACE<\/strong> con un tama\u00f1o de lente de <strong>54 mm<\/strong>. Disfruta de un ajuste preciso y una instalaci\u00f3n sin esfuerzo.<\/p>\n<h2>Materiales de lentes de primera calidad<\/h2>\n<p>Elija entre dos materiales de alto rendimiento:<\/p>\n<ul>\n<li><strong>TAC (Tri-Acetato de Celulosa):<\/strong> lentes polarizadas para reducir el deslumbramiento y mejorar la claridad visual.<\/li>\n<li><strong>PC (Policarbonato):<\/strong> lentes livianos y resistentes a los impactos para una excelente durabilidad.<\/li>\n<\/ul>\n<p>Ambos materiales son resistentes a los rayones y brindan <strong>100 % de protecci\u00f3n UV<\/strong> para una mayor seguridad ocular.<\/p>\n<h2>Caracter\u00edsticas principales<\/h2>\n<ul>\n<li>Dise\u00f1ado a medida para las gafas de sol <strong>Oakley 9126 REEDMACE<\/strong> con tama\u00f1o de lente de <strong>54 mm<\/strong><\/li>\n<li>Disponible en materiales <strong>TAC<\/strong> y <strong>PC<\/strong><\/li>\n<li>Polarizado para reducir el deslumbramiento y mejorar la comodidad visual<\/li>\n<li>Construcci\u00f3n liviana, duradera y resistente a los rayones<\/li>\n<li><strong>Protecci\u00f3n UV 100 %<\/strong> para un cuidado ocular duradero<\/li>\n<li>Instalaci\u00f3n r\u00e1pida y sencilla<\/li>\n<\/ul>\n<h2>\u00bfPor qu\u00e9 elegir nuestras Lentes de repuesto?<\/h2>\n<p>Nuestras Lentes de repuesto est\u00e1n dise\u00f1adas para darle nueva vida a sus gafas de sol Oakley 9126 REEDMACE, ofreciendo calidad, estilo y rendimiento inigualables.<\/p>\n<p>\u00a1Pida hoy sus lentes de repuesto y disfrute de una experiencia de gafas renovada!<\/p>\n<p>&nbsp;El producto Lentes de repuesto para Oakley OO9126 REEDMACE no es un producto original fabricado ni respaldado por Oakley\u00ae, salvo que se especifique lo contrario en la ficha. Sunglass Revivers no est\u00e1 afiliada, asociada ni patrocinada por Oakley\u00ae ni por Luxottica Group.<\/p>\n","protected":false},"excerpt":{"rendered":"<p>Mejora tus gafas de sol Oakley 9126 REEDMACE con nuestras lentes de repuesto premium. Dise\u00f1adas para monturas de pl\u00e1stico de 54 mm, estas lentes ofrecen una claridad, durabilidad y protecci\u00f3n excepcionales. Ajuste perfecto para Oakley 9126 REEDMACE Estas lentes est\u00e1n dise\u00f1adas espec\u00edficamente para adaptarse a las gafas de sol Oakley 9126 REEDMACE con un tama\u00f1o &#8230; <a title=\"Lentes de repuesto para Oakley OO9126 REEDMACE\" class=\"read-more\" href=\"https:\/\/sunglassrevivers.com\/es\/product\/lentes-de-repuesto-oakley-9126\/\" aria-label=\"Leer m\u00e1s sobre Lentes de repuesto para Oakley OO9126 REEDMACE\">Leer m\u00e1s<\/a><\/p>\n","protected":false},"featured_media":29995,"comment_status":"open","ping_status":"closed","template":"","meta":{"_acf_changed":false},"product_brand":[],"product_cat":[1724,1726],"product_tag":[],"class_list":{"0":"post-27647","1":"product","2":"type-product","3":"status-publish","4":"has-post-thumbnail","6":"product_cat-lentes-de-repuesto","7":"product_cat-lentes-de-repuesto-oakley","8":"pa_size-1747","9":"sales-flash-overlay","10":"woocommerce-text-align-center","11":"woocommerce-image-align-center","12":"do-quantity-buttons","14":"first","15":"instock","16":"taxable","17":"shipping-taxable","18":"purchasable","19":"product-type-variable","20":"has-default-attributes"},"acf":[],"_links":{"self":[{"href":"https:\/\/sunglassrevivers.com\/es\/wp-json\/wp\/v2\/product\/27647","targetHints":{"allow":["GET"]}}],"collection":[{"href":"https:\/\/sunglassrevivers.com\/es\/wp-json\/wp\/v2\/product"}],"about":[{"href":"https:\/\/sunglassrevivers.com\/es\/wp-json\/wp\/v2\/types\/product"}],"replies":[{"embeddable":true,"href":"https:\/\/sunglassrevivers.com\/es\/wp-json\/wp\/v2\/comments?post=27647"}],"version-history":[{"count":6,"href":"https:\/\/sunglassrevivers.com\/es\/wp-json\/wp\/v2\/product\/27647\/revisions"}],"predecessor-version":[{"id":30396,"href":"https:\/\/sunglassrevivers.com\/es\/wp-json\/wp\/v2\/product\/27647\/revisions\/30396"}],"wp:featuredmedia":[{"embeddable":true,"href":"https:\/\/sunglassrevivers.com\/es\/wp-json\/wp\/v2\/media\/29995"}],"wp:attachment":[{"href":"https:\/\/sunglassrevivers.com\/es\/wp-json\/wp\/v2\/media?parent=27647"}],"wp:term":[{"taxonomy":"product_brand","embeddable":true,"href":"https:\/\/sunglassrevivers.com\/es\/wp-json\/wp\/v2\/product_brand?post=27647"},{"taxonomy":"product_cat","embeddable":true,"href":"https:\/\/sunglassrevivers.com\/es\/wp-json\/wp\/v2\/product_cat?post=27647"},{"taxonomy":"product_tag","embeddable":true,"href":"https:\/\/sunglassrevivers.com\/es\/wp-json\/wp\/v2\/product_tag?post=27647"}],"curies":[{"name":"wp","href":"https:\/\/api.w.org\/{rel}","templated":true}]}}