{"id":27649,"date":"2025-01-21T12:17:45","date_gmt":"2025-01-21T11:17:45","guid":{"rendered":"https:\/\/sunglassrevivers.com\/es\/?post_type=product&#038;p=27649"},"modified":"2025-11-13T13:29:34","modified_gmt":"2025-11-13T12:29:34","slug":"lentes-de-repuesto-oakley-9100","status":"publish","type":"product","link":"https:\/\/sunglassrevivers.com\/es\/product\/lentes-de-repuesto-oakley-9100\/","title":{"rendered":"Lentes de repuesto para Oakley OO9100 LEFFINGWELL"},"content":{"rendered":"<h1><\/h1>\n<p>Mejora tus gafas de sol Oakley 9100 Leffingwell con nuestras Lentes de repuesto premium. Dise\u00f1adas espec\u00edficamente para monturas de pl\u00e1stico de 57 mm, estas lentes ofrecen un rendimiento, estilo y protecci\u00f3n excepcionales.<\/p>\n<h2>Ajuste perfecto para Oakley 9100 LEFFINGWELL<\/h2>\n<p>Nuestras Lentes de repuesto est\u00e1n hechas a medida para adaptarse a las gafas de sol <strong>Oakley 9100 Leffingwell<\/strong> con un tama\u00f1o de lente de <strong>57 mm<\/strong>. Disfruta de un ajuste seguro y preciso con una instalaci\u00f3n sin esfuerzo.<\/p>\n<h2>Materiales avanzados para lentes<\/h2>\n<p>Elija entre dos materiales superiores:<\/p>\n<ul>\n<li><strong>TAC (Tri-Acetato de Celulosa):<\/strong> lentes polarizadas que minimizan el deslumbramiento y mejoran la claridad visual.<\/li>\n<li><strong>PC (Policarbonato):<\/strong> lentes livianos y resistentes a los impactos para una durabilidad inigualable.<\/li>\n<\/ul>\n<p>Ambos materiales ofrecen <strong>resistencia a los rayones<\/strong> y <strong>protecci\u00f3n 100 % UV<\/strong>, lo que garantiza un rendimiento y una seguridad \u00f3ptimos.<\/p>\n<h2>Caracter\u00edsticas principales<\/h2>\n<ul>\n<li>Dise\u00f1ado para gafas de sol Oakley 9100 Leffingwell con tama\u00f1o de lente de <strong>57 mm<\/strong><\/li>\n<li>Disponible en materiales <strong>TAC<\/strong> y <strong>PC<\/strong><\/li>\n<li>Polarizado para reducir el deslumbramiento y mejorar la comodidad visual<\/li>\n<li>Duradero, ligero y resistente a los ara\u00f1azos<\/li>\n<li><strong>100 % de protecci\u00f3n UV<\/strong> para una seguridad ocular superior<\/li>\n<li>Instalaci\u00f3n r\u00e1pida y sencilla para un reemplazo sin complicaciones<\/li>\n<\/ul>\n<h2>\u00bfPor qu\u00e9 elegir nuestras Lentes de repuesto?<\/h2>\n<p>Nuestras Lentes de repuesto est\u00e1n meticulosamente dise\u00f1adas para restaurar la funcionalidad y la apariencia de sus gafas de sol Oakley 9100 Leffingwell, brindando una visi\u00f3n mejorada y Protecci\u00f3n duradera.<\/p>\n<p>\u00a1Pida hoy sus Lentes de repuesto y actualice sus gafas!<\/p>\n<p>&nbsp;El producto Lentes de repuesto para Oakley OO9100 LEFFINGWELL no es un producto original fabricado ni respaldado por Oakley\u00ae, salvo que se especifique lo contrario en la ficha. Sunglass Revivers no est\u00e1 afiliada, asociada ni patrocinada por Oakley\u00ae ni por Luxottica Group.<\/p>\n","protected":false},"excerpt":{"rendered":"<p>Mejora tus gafas de sol Oakley 9100 Leffingwell con nuestras Lentes de repuesto premium. Dise\u00f1adas espec\u00edficamente para monturas de pl\u00e1stico de 57 mm, estas lentes ofrecen un rendimiento, estilo y protecci\u00f3n excepcionales. Ajuste perfecto para Oakley 9100 LEFFINGWELL Nuestras Lentes de repuesto est\u00e1n hechas a medida para adaptarse a las gafas de sol Oakley 9100 &#8230; <a title=\"Lentes de repuesto para Oakley OO9100 LEFFINGWELL\" class=\"read-more\" href=\"https:\/\/sunglassrevivers.com\/es\/product\/lentes-de-repuesto-oakley-9100\/\" aria-label=\"Leer m\u00e1s sobre Lentes de repuesto para Oakley OO9100 LEFFINGWELL\">Leer m\u00e1s<\/a><\/p>\n","protected":false},"featured_media":29997,"comment_status":"open","ping_status":"closed","template":"","meta":{"_acf_changed":false},"product_brand":[],"product_cat":[1724,1726],"product_tag":[],"class_list":{"0":"post-27649","1":"product","2":"type-product","3":"status-publish","4":"has-post-thumbnail","6":"product_cat-lentes-de-repuesto","7":"product_cat-lentes-de-repuesto-oakley","8":"pa_size-1754","9":"sales-flash-overlay","10":"woocommerce-text-align-center","11":"woocommerce-image-align-center","12":"do-quantity-buttons","14":"first","15":"instock","16":"taxable","17":"shipping-taxable","18":"purchasable","19":"product-type-variable","20":"has-default-attributes"},"acf":[],"_links":{"self":[{"href":"https:\/\/sunglassrevivers.com\/es\/wp-json\/wp\/v2\/product\/27649","targetHints":{"allow":["GET"]}}],"collection":[{"href":"https:\/\/sunglassrevivers.com\/es\/wp-json\/wp\/v2\/product"}],"about":[{"href":"https:\/\/sunglassrevivers.com\/es\/wp-json\/wp\/v2\/types\/product"}],"replies":[{"embeddable":true,"href":"https:\/\/sunglassrevivers.com\/es\/wp-json\/wp\/v2\/comments?post=27649"}],"version-history":[{"count":7,"href":"https:\/\/sunglassrevivers.com\/es\/wp-json\/wp\/v2\/product\/27649\/revisions"}],"predecessor-version":[{"id":30398,"href":"https:\/\/sunglassrevivers.com\/es\/wp-json\/wp\/v2\/product\/27649\/revisions\/30398"}],"wp:featuredmedia":[{"embeddable":true,"href":"https:\/\/sunglassrevivers.com\/es\/wp-json\/wp\/v2\/media\/29997"}],"wp:attachment":[{"href":"https:\/\/sunglassrevivers.com\/es\/wp-json\/wp\/v2\/media?parent=27649"}],"wp:term":[{"taxonomy":"product_brand","embeddable":true,"href":"https:\/\/sunglassrevivers.com\/es\/wp-json\/wp\/v2\/product_brand?post=27649"},{"taxonomy":"product_cat","embeddable":true,"href":"https:\/\/sunglassrevivers.com\/es\/wp-json\/wp\/v2\/product_cat?post=27649"},{"taxonomy":"product_tag","embeddable":true,"href":"https:\/\/sunglassrevivers.com\/es\/wp-json\/wp\/v2\/product_tag?post=27649"}],"curies":[{"name":"wp","href":"https:\/\/api.w.org\/{rel}","templated":true}]}}