{"id":27650,"date":"2025-01-21T12:17:45","date_gmt":"2025-01-21T11:17:45","guid":{"rendered":"https:\/\/sunglassrevivers.com\/es\/?post_type=product&#038;p=27650"},"modified":"2025-11-13T13:29:34","modified_gmt":"2025-11-13T12:29:34","slug":"lentes-de-repuesto-oakley-9367","status":"publish","type":"product","link":"https:\/\/sunglassrevivers.com\/es\/product\/lentes-de-repuesto-oakley-9367\/","title":{"rendered":"Lentes de repuesto para Oakley OO9367 DROP POINT"},"content":{"rendered":"<h1><\/h1>\n<p>Reemplace las lentes de sus gafas de sol Oakley 9367 Drop Point con lentes de repuesto de alta calidad, dise\u00f1adas para la montura de Pl\u00e1stico de 61 mm. Mejore el rendimiento de sus gafas con estas lentes fabricadas con materiales duraderos y avanzados.<\/p>\n<h2>Ajuste personalizado para Oakley 9367 Drop Point<\/h2>\n<p>Estas lentes est\u00e1n dise\u00f1adas espec\u00edficamente para adaptarse a las gafas de sol Oakley 9367 Drop Point, lo que proporciona un ajuste perfecto para el tama\u00f1o de montura de Pl\u00e1stico de 61 mm.<\/p>\n<h2>Materiales de lentes para un rendimiento superior<\/h2>\n<p>Elija entre dos materiales de lentes de primera calidad:<\/p>\n<ul>\n<li><strong>TAC (Tri-Acetato de Celulosa):<\/strong> lentes polarizadas que reducen el deslumbramiento y mejoran la claridad visual, ideales para actividades al aire libre y para conducir.<\/li>\n<li><strong>PC (Policarbonato):<\/strong> lentes livianos y resistentes a los impactos que brindan durabilidad y son perfectos para el uso diario y los estilos de vida activos.<\/li>\n<\/ul>\n<p>Ambos materiales brindan una excelente resistencia a los rayones y protecci\u00f3n UV del 100 %, lo que protege sus ojos de los da\u00f1inos rayos UV.<\/p>\n<h2>Caracter\u00edsticas principales<\/h2>\n<ul>\n<li>Ajuste perfecto para las gafas de sol Oakley 9367 Drop Point con marco de pl\u00e1stico de 61 mm<\/li>\n<li>Elija entre lentes TAC y PC para obtener el rendimiento que prefiera<\/li>\n<li>La opci\u00f3n polarizada ayuda a reducir el deslumbramiento y mejora la comodidad visual<\/li>\n<li>Lentes resistentes a los rayones y duraderas para un uso prolongado<\/li>\n<li>Protecci\u00f3n UV al 100 % para proteger sus ojos de la exposici\u00f3n solar da\u00f1ina<\/li>\n<li>F\u00e1cil de instalar, lo que hace que el reemplazo de lentes sea muy sencillo<\/li>\n<\/ul>\n<h2>\u00bfPor qu\u00e9 elegir nuestras Lentes de repuesto?<\/h2>\n<p>Nuestras Lentes de repuesto para gafas de sol Oakley 9367 Drop Point est\u00e1n dise\u00f1adas para brindar un rendimiento \u00f3ptimo. Ya sea que necesite un reemplazo para lentes rayados o est\u00e9 actualizando a lentes polarizadas, nuestras opciones de alta calidad mejorar\u00e1n la durabilidad, la claridad y la comodidad de sus gafas de sol.<\/p>\n<p>\u00a1Haga su pedido hoy y recupere sus gafas de sol Oakley 9367 Drop Point con lentes que ofrecen claridad, durabilidad y protecci\u00f3n UV inigualables!<\/p>\n<p>&nbsp;El producto Lentes de repuesto para Oakley OO9367 DROP POINT no es un producto original fabricado ni respaldado por Oakley\u00ae, salvo que se especifique lo contrario en la ficha. Sunglass Revivers no est\u00e1 afiliada, asociada ni patrocinada por Oakley\u00ae ni por Luxottica Group.<\/p>\n","protected":false},"excerpt":{"rendered":"<p>Reemplace las lentes de sus gafas de sol Oakley 9367 Drop Point con lentes de repuesto de alta calidad, dise\u00f1adas para la montura de Pl\u00e1stico de 61 mm. Mejore el rendimiento de sus gafas con estas lentes fabricadas con materiales duraderos y avanzados. Ajuste personalizado para Oakley 9367 Drop Point Estas lentes est\u00e1n dise\u00f1adas espec\u00edficamente &#8230; <a title=\"Lentes de repuesto para Oakley OO9367 DROP POINT\" class=\"read-more\" href=\"https:\/\/sunglassrevivers.com\/es\/product\/lentes-de-repuesto-oakley-9367\/\" aria-label=\"Leer m\u00e1s sobre Lentes de repuesto para Oakley OO9367 DROP POINT\">Leer m\u00e1s<\/a><\/p>\n","protected":false},"featured_media":29999,"comment_status":"open","ping_status":"closed","template":"","meta":{"_acf_changed":false},"product_brand":[],"product_cat":[1724,1726],"product_tag":[],"class_list":{"0":"post-27650","1":"product","2":"type-product","3":"status-publish","4":"has-post-thumbnail","6":"product_cat-lentes-de-repuesto","7":"product_cat-lentes-de-repuesto-oakley","8":"pa_size-1753","9":"sales-flash-overlay","10":"woocommerce-text-align-center","11":"woocommerce-image-align-center","12":"do-quantity-buttons","14":"first","15":"instock","16":"taxable","17":"shipping-taxable","18":"purchasable","19":"product-type-variable","20":"has-default-attributes"},"acf":[],"_links":{"self":[{"href":"https:\/\/sunglassrevivers.com\/es\/wp-json\/wp\/v2\/product\/27650","targetHints":{"allow":["GET"]}}],"collection":[{"href":"https:\/\/sunglassrevivers.com\/es\/wp-json\/wp\/v2\/product"}],"about":[{"href":"https:\/\/sunglassrevivers.com\/es\/wp-json\/wp\/v2\/types\/product"}],"replies":[{"embeddable":true,"href":"https:\/\/sunglassrevivers.com\/es\/wp-json\/wp\/v2\/comments?post=27650"}],"version-history":[{"count":7,"href":"https:\/\/sunglassrevivers.com\/es\/wp-json\/wp\/v2\/product\/27650\/revisions"}],"predecessor-version":[{"id":30399,"href":"https:\/\/sunglassrevivers.com\/es\/wp-json\/wp\/v2\/product\/27650\/revisions\/30399"}],"wp:featuredmedia":[{"embeddable":true,"href":"https:\/\/sunglassrevivers.com\/es\/wp-json\/wp\/v2\/media\/29999"}],"wp:attachment":[{"href":"https:\/\/sunglassrevivers.com\/es\/wp-json\/wp\/v2\/media?parent=27650"}],"wp:term":[{"taxonomy":"product_brand","embeddable":true,"href":"https:\/\/sunglassrevivers.com\/es\/wp-json\/wp\/v2\/product_brand?post=27650"},{"taxonomy":"product_cat","embeddable":true,"href":"https:\/\/sunglassrevivers.com\/es\/wp-json\/wp\/v2\/product_cat?post=27650"},{"taxonomy":"product_tag","embeddable":true,"href":"https:\/\/sunglassrevivers.com\/es\/wp-json\/wp\/v2\/product_tag?post=27650"}],"curies":[{"name":"wp","href":"https:\/\/api.w.org\/{rel}","templated":true}]}}